{"id":76666,"date":"2025-07-11T15:52:58","date_gmt":"2025-07-11T12:52:58","guid":{"rendered":"https:\/\/demo8.ecube.lv\/sezona.lv\/products\/auto-ledusskapis-tb42a\/"},"modified":"2025-07-14T14:54:46","modified_gmt":"2025-07-14T11:54:46","slug":"auto-ledusskapis-tb42a","status":"publish","type":"product","link":"https:\/\/sezona.lv\/en\/products\/auto-ledusskapis-tb42a\/","title":{"rendered":"Auto ledusskapis TB42A"},"content":{"rendered":"<p>&Scaron;\u012b profesion\u0101l\u0101 ledusskapja korpuss un dizains palielina produktu uzglab\u0101&scaron;anas laiku un paaugstina dro&scaron;\u012bbu brauciena laik\u0101. Dubults no\u0146emams v\u0101ks, triecieniztur\u012bgs korpuss, univers\u0101la baro&scaron;ana- rakstur\u012bg\u0101k\u0101s &scaron;\u012b ledusskapja iez\u012bmes. Ir uzglab\u0101&scaron;anas nodal\u012bjums 2 litru pudel\u0113m ar atsevi&scaron;\u0137u v\u0101ku. Dro&scaron;ai brauk&scaron;anai var stabili piestiprina pie auto. Ledusskapis apr\u012bkots ar vienu no lab\u0101kajiem kompresoru Danfoss.<\/p>\n<p>Viegli uzst\u0101d\u0101mi, iztur\u012bgi rokturi. Ekskluz\u012bva modelis ar diviem v\u0101kiem, kas nodro&scaron;ina aizsardz\u012bbu nedro&scaron;as brauk&scaron;anas laik\u0101. Standarta stiprin\u0101juma komplekts.<br \/><span>Tehniskie dati<\/span><\/p>\n<ul>\n<li>Profesion\u0101ls ledusskapis<\/li>\n<li>Tilpums: 42 litri<\/li>\n<li>\u0100r\u0113jie izm\u0113ri (AxPxD): 440x415x630 mm<\/li>\n<li>Iek&scaron;\u0113jie izm\u0113ri, (AxPxD): 315x320x360 mm<\/li>\n<li>Iepakojuma izm\u0113ri, (AxPxD): 475x420x666 mm<\/li>\n<li>Svars: 21,5 kg + 1,5 kg iepakojums<\/li>\n<li>El.baro&scaron;ana: DC 12\/24 V; AC 110\/220 V<\/li>\n<li>Jauda : 70 W<\/li>\n<li>Ventilators<\/li>\n<li>Uzdot\u0101s temperat\u016bras autom\u0101tisk\u0101 uztur\u0113&scaron;ana<\/li>\n<li>Temperat\u016bras regul\u0113&scaron;ana: no +5<span>\u043e<\/span>\u0421 l\u012bdz-12<span>\u043e<\/span>\u0421<\/li>\n<li>Elektronisks termostats ar displeju, kas par\u0101da temperat\u016bru<\/li>\n<li>Iesp\u0113ja izvietot 2 litru pudeles ar atsevi&scaron;\u0137u piek\u013cuvi t\u0101m<\/li>\n<li>Herm\u0113tisks kompresors Secop (DANFOSS) BD35F gaisa<\/li>\n<li>\u0112rti rokturi<\/li>\n<li>Klusa darb\u012bba<\/li>\n<li>Triecieniztur\u012bgs korpuss<\/li>\n<li>Piesl\u0113gums caur piep\u012bp\u0113t\u0101ja<\/li>\n<li>Dro&scaron;s aukstumnes\u0113js R-134A<\/li>\n<li>Stiprin\u0101jumi stacion\u0101rai uzst\u0101d\u012b&scaron;anai uz auto komplekt\u0101<\/li>\n<li>Aizsardz\u012bbas izsl\u0113g&scaron;ana 12V (10.1-11.4)\/ 24V (22.3-23.7)<\/li>\n<li>Ra\u017eot\u0101js: &ldquo;indel B&rdquo; (It\u0101lija)<\/li>\n<li>Ra\u017eot\u0101ja garantija: 2 gadi<\/li>\n<\/ul>\n","protected":false},"excerpt":{"rendered":"<p>&Scaron;\u012b profesion\u0101l\u0101 ledusskapja korpuss un dizains palielina produktu uzglab\u0101&scaron;anas laiku un paaugstina dro&scaron;\u012bbu brauciena laik\u0101. Dubults no\u0146emams v\u0101ks, triecieniztur\u012bgs korpuss, univers\u0101la baro&scaron;ana- rakstur\u012bg\u0101k\u0101s &scaron;\u012b ledusskapja iez\u012bmes. Ir uzglab\u0101&scaron;anas nodal\u012bjums 2 litru pudel\u0113m ar atsevi&scaron;\u0137u v\u0101ku. Dro&scaron;ai brauk&scaron;anai var stabili piestiprina pie auto. Ledusskapis apr\u012bkots ar vienu no lab\u0101kajiem kompresoru Danfoss. Viegli uzst\u0101d\u0101mi, iztur\u012bgi rokturi. Ekskluz\u012bva [&hellip;]<\/p>\n","protected":false},"featured_media":62388,"template":"","meta":[],"product_brand":[],"product_cat":[4631,4850],"product_tag":[],"class_list":{"0":"post-76666","1":"product","2":"type-product","3":"status-publish","4":"has-post-thumbnail","6":"product_cat-summer-seasonal-items","7":"product_cat-car-fridgers-summer-seasonal-items","9":"first","10":"instock","11":"shipping-taxable","12":"purchasable","13":"product-type-simple"},"_links":{"self":[{"href":"https:\/\/sezona.lv\/en\/wp-json\/wp\/v2\/product\/76666","targetHints":{"allow":["GET"]}}],"collection":[{"href":"https:\/\/sezona.lv\/en\/wp-json\/wp\/v2\/product"}],"about":[{"href":"https:\/\/sezona.lv\/en\/wp-json\/wp\/v2\/types\/product"}],"wp:featuredmedia":[{"embeddable":true,"href":"https:\/\/sezona.lv\/en\/wp-json\/wp\/v2\/media\/62388"}],"wp:attachment":[{"href":"https:\/\/sezona.lv\/en\/wp-json\/wp\/v2\/media?parent=76666"}],"wp:term":[{"taxonomy":"product_brand","embeddable":true,"href":"https:\/\/sezona.lv\/en\/wp-json\/wp\/v2\/product_brand?post=76666"},{"taxonomy":"product_cat","embeddable":true,"href":"https:\/\/sezona.lv\/en\/wp-json\/wp\/v2\/product_cat?post=76666"},{"taxonomy":"product_tag","embeddable":true,"href":"https:\/\/sezona.lv\/en\/wp-json\/wp\/v2\/product_tag?post=76666"}],"curies":[{"name":"wp","href":"https:\/\/api.w.org\/{rel}","templated":true}]}}