{"id":76667,"date":"2025-07-11T15:53:00","date_gmt":"2025-07-11T12:53:00","guid":{"rendered":"https:\/\/demo8.ecube.lv\/sezona.lv\/products\/auto-ledusskapis-tb45a\/"},"modified":"2025-07-14T14:54:47","modified_gmt":"2025-07-14T11:54:47","slug":"auto-ledusskapis-tb45a","status":"publish","type":"product","link":"https:\/\/sezona.lv\/en\/products\/auto-ledusskapis-tb45a\/","title":{"rendered":"Auto ledusskapis TB45A"},"content":{"rendered":"<p>Jaunais TB45A pied\u0101v\u0101 lab\u0101k\u0101s elektronisk\u0101s tehnolo\u0123ijas. Ener\u0123ijas taup\u012b&scaron;anas funkcija, turbo funkcija un daudzfunkcion\u0101lais elektroniskais termostats \u013cauj veikt vieglu un ekonomisku ledusskapja vad\u012bbu, kontrol\u0113t un regul\u0113t savu ener\u0123ijas pat\u0113ri\u0146u.<\/p>\n<p>Standarta Secop (Danfoss) elektroniskais panelis nodro&scaron;ina l\u012bdzstr\u0101vu 12\/24V vai mai\u0146str\u0101va 115-230V. P\u0101rsl\u0113g&scaron;an\u0101s no l\u012bdzstr\u0101vas uz mai\u0146str\u0101vu &ndash; autom\u0101tiska. Tr\u012bs baterijas dro&scaron;\u012bbas l\u012bme\u0146i. Pateicoties lieliskajai izol\u0101cijai var veikt sald\u0113tavas funkcijas. Ni&scaron;as tur\u0113t\u0101ji&nbsp; ledusskap\u012b un papildu rokturi komplekt\u0101.<\/p>\n<p>Maksim\u0101l\u0101 ietilp\u012bba: var ietvert 1,5 litru pudeli vertik\u0101l\u0101 st\u0101vokl\u012b. Magn\u0113tiskie &scaron;arn\u012bri herm\u0113tiskai aizv\u0113r&scaron;anai.<\/p>\n<p>Tur\u0113t\u0101js 4 alvas kann\u0101m un pudel\u0113m atrodas uz ledusskapja aug&scaron;\u0113j\u0101s virsmas.<\/p>\n<p>Elektronisks termostats ar displeju, kur\u0101 tiek atspogu\u013cota temperat\u016bra, atrodas autoleduskapja aug&scaron;da\u013c\u0101, kas atvieglo vad\u012bbu.<\/p>\n<p>Ener\u0123ijas taup\u012b&scaron;anas funkcija (EDC) un augsts darba \u0101trums (MAX).<\/p>\n<p><span>Tehniskie<\/span><span>dati<\/span><\/p>\n<ul>\n<li>&nbsp;Tilpums: 45l<\/li>\n<li>&nbsp;\u0100r\u0113jie izm\u0113ri (A&times;P&times;D): 475&times;550&times;490 mm<\/li>\n<li>&nbsp;Iek&scaron;\u0113jie izm\u0113ri (A&times;P&times;D): 370&times;410&times;245 mm<\/li>\n<li>&nbsp;Iepakojuma izm\u0113ri (A&times;P&times;D): 525&times;580&times;530 mm<\/li>\n<li>&nbsp;Iepakojuma apjoms: 0,161m3<\/li>\n<li>&nbsp;Svars: 19\u043a\u0433 + 2 kg iepakojums<\/li>\n<li>&nbsp;Jauda: 55 W<\/li>\n<li>&nbsp;Spriegums: l\u012bdzstr\u0101va 12\/24 V, mai\u0146str\u0101va 115\/230 V<\/li>\n<li>&nbsp;Uzdot\u0101s temperat\u016bras autom\u0101tisk\u0101 uztur\u0113&scaron;ana<\/li>\n<li>&nbsp;Temperat\u016bras diapazons*: +5&deg; C\/-18&deg; C (*V\u0113rt\u012bbas, ja \u0101r\u0113j\u0101 temperat\u016bra +32&deg; C) (atkar\u012bb\u0101 no slodzes uz ledusskapja, var atdzes\u0113t l\u012bdz -25&deg; C)<\/li>\n<li>&nbsp;Elektroniskais termostats<\/li>\n<li>&nbsp;Ener\u0123ijas taup\u012b&scaron;anas funkcija (ECO)<\/li>\n<li>&nbsp;Turbore\u017e\u012bms (MAX)<\/li>\n<li>&nbsp;Tr\u012bs l\u012bme\u0146u aizsardz\u012bba akumulators: 12V (9.6-12.4) \/ 24V (21.3-25.7)<\/li>\n<li>&nbsp;Dzes\u0113&scaron;anas sist\u0113ma: Secop (Danfoss) BD35F gaisa<\/li>\n<li>&nbsp;Aukstumnes\u0113js: R134a ekolo\u0123iski dro&scaron;s<\/li>\n<li>&nbsp;Izol\u0101cija: poliuret\u0101na putas bez satura freona<\/li>\n<li>&nbsp;\u0112rti rokturi p\u0101rn\u0113s\u0101&scaron;anai<\/li>\n<li>&nbsp;Klusa darb\u012bba<\/li>\n<li>&nbsp;Iesp\u0113ja izvietot 1,5 litru pudeles st\u0101vus<\/li>\n<li>&nbsp;Savienojums caur piep\u012bp\u0113t\u0101ja<\/li>\n<li>&nbsp;Ra\u017eot\u0101js: &ldquo;indel B&rdquo; (It\u0101lija)<\/li>\n<li>&nbsp;Ra\u017eot\u0101ja garantija: 2 gadi<\/li>\n<\/ul>\n","protected":false},"excerpt":{"rendered":"<p>Jaunais TB45A pied\u0101v\u0101 lab\u0101k\u0101s elektronisk\u0101s tehnolo\u0123ijas. Ener\u0123ijas taup\u012b&scaron;anas funkcija, turbo funkcija un daudzfunkcion\u0101lais elektroniskais termostats \u013cauj veikt vieglu un ekonomisku ledusskapja vad\u012bbu, kontrol\u0113t un regul\u0113t savu ener\u0123ijas pat\u0113ri\u0146u. Standarta Secop (Danfoss) elektroniskais panelis nodro&scaron;ina l\u012bdzstr\u0101vu 12\/24V vai mai\u0146str\u0101va 115-230V. P\u0101rsl\u0113g&scaron;an\u0101s no l\u012bdzstr\u0101vas uz mai\u0146str\u0101vu &ndash; autom\u0101tiska. Tr\u012bs baterijas dro&scaron;\u012bbas l\u012bme\u0146i. Pateicoties lieliskajai izol\u0101cijai var veikt [&hellip;]<\/p>\n","protected":false},"featured_media":62397,"template":"","meta":[],"product_brand":[],"product_cat":[4631,4850],"product_tag":[],"class_list":{"0":"post-76667","1":"product","2":"type-product","3":"status-publish","4":"has-post-thumbnail","6":"product_cat-summer-seasonal-items","7":"product_cat-car-fridgers-summer-seasonal-items","9":"first","10":"instock","11":"shipping-taxable","12":"purchasable","13":"product-type-simple"},"_links":{"self":[{"href":"https:\/\/sezona.lv\/en\/wp-json\/wp\/v2\/product\/76667","targetHints":{"allow":["GET"]}}],"collection":[{"href":"https:\/\/sezona.lv\/en\/wp-json\/wp\/v2\/product"}],"about":[{"href":"https:\/\/sezona.lv\/en\/wp-json\/wp\/v2\/types\/product"}],"wp:featuredmedia":[{"embeddable":true,"href":"https:\/\/sezona.lv\/en\/wp-json\/wp\/v2\/media\/62397"}],"wp:attachment":[{"href":"https:\/\/sezona.lv\/en\/wp-json\/wp\/v2\/media?parent=76667"}],"wp:term":[{"taxonomy":"product_brand","embeddable":true,"href":"https:\/\/sezona.lv\/en\/wp-json\/wp\/v2\/product_brand?post=76667"},{"taxonomy":"product_cat","embeddable":true,"href":"https:\/\/sezona.lv\/en\/wp-json\/wp\/v2\/product_cat?post=76667"},{"taxonomy":"product_tag","embeddable":true,"href":"https:\/\/sezona.lv\/en\/wp-json\/wp\/v2\/product_tag?post=76667"}],"curies":[{"name":"wp","href":"https:\/\/api.w.org\/{rel}","templated":true}]}}