{"id":76668,"date":"2025-07-11T15:53:02","date_gmt":"2025-07-11T12:53:02","guid":{"rendered":"https:\/\/demo8.ecube.lv\/sezona.lv\/products\/auto-ledusskapis-tb50a\/"},"modified":"2025-07-14T14:54:47","modified_gmt":"2025-07-14T11:54:47","slug":"auto-ledusskapis-tb50a","status":"publish","type":"product","link":"https:\/\/sezona.lv\/en\/products\/auto-ledusskapis-tb50a\/","title":{"rendered":"Auto ledusskapis TB50A"},"content":{"rendered":"<p>&Scaron;\u0101 profesion\u0101l\u0101 ledusskapja korpuss un dizains ir izstr\u0101d\u0101ti t\u0101d\u0101 veid\u0101, ka to var izmantot uz ielas jebkuros laikapst\u0101k\u013cos. Balt\u0101 kr\u0101sa lab\u0101k atstaro saules starus. Iztur\u012bgs v\u0101ks \u013cauj izmantot &scaron;o modeli p\u0101rg\u0101jienos galda viet\u0101. Energotup\u012bgs, triecieniztur\u012bgs korpuss palielina produktu uzglab\u0101&scaron;anas laiku, univers\u0101la baro&scaron;ana, dzi\u013c\u0101s sasald\u0113&scaron;anas funkcija (l\u012bdz 20<span>\u043e<\/span>\u0421) ir &scaron;\u012b ledusskapja \u012bpa&scaron;\u0101s iez\u012bmes. Ledusskapis apr\u012bkots ar vienu no lab\u0101kajiem kompresoriem Danfoss ar paaugstin\u0101tu jaudu, kas pat karst\u0101kaj\u0101 dien\u0101 nodro&scaron;in\u0101s dro&scaron;u dzes\u0113&scaron;ana.<br \/>Neaizvietojams modelis medniekiem, mak&scaron;\u0137erniekiem un akt\u012bv\u0101s atp\u016btas cien\u012bt\u0101jiem. V\u0101ks uz vir\u0101m. Termostats ar pla&scaron;u temperat\u016bras diapazonu.<\/p>\n<p><span>Tehniskie dati<br \/><\/span><\/p>\n<ul>\n<li>profesion\u0101ls ledusskapis<\/li>\n<li>tilpums: 50 litri<\/li>\n<li>\u0101r\u0113jie izm\u0113ri (AxPxD): 480 x 450 x 775 mm<\/li>\n<li>iek&scaron;\u0113jie izm\u0113ri, (AxPxD): 325 x 365 x 265 mm<\/li>\n<li>iepakojuma izm\u0113ri, (AxPxD): 550 x 815 x 490 mm<\/li>\n<li>svars: 24.6 kg<\/li>\n<li>el.baro&scaron;ana:DC 12\/24 V; AC 115\/230 V<\/li>\n<li>jauda : 42 W<\/li>\n<li>ventilators<\/li>\n<li>uzdot\u0101s temperat\u016bras autom\u0101tisk\u0101 uztur\u0113&scaron;ana<\/li>\n<li>temperat\u016bras regul\u0113&scaron;ana: no +10<span>&nbsp;\u043e<\/span>\u0421 l\u012bdz-20<span>&nbsp;\u043e<\/span>\u0421 (ja apk\u0101rt\u0113j\u0101s vides temperat\u016bra ir +32&nbsp;<span>\u043e<\/span>\u0421)<\/li>\n<li>elektroniskais termostats<\/li>\n<li>herm\u0113tisks kompresors Secop (DANFOSS) BD35F gaisa<\/li>\n<li>\u0113rti rokturi<\/li>\n<li>klusa darb\u012bba<\/li>\n<li>triecieniztur\u012bgs korpuss<\/li>\n<li>izpilde aizsarg\u0101 pret &scaron;\u013cakat\u0101m<\/li>\n<li>piesl\u0113gums caur piep\u012bp\u0113t\u0101ja<\/li>\n<li>dro&scaron;s aukstumnes\u0113js R-134A<\/li>\n<li>aizsardz\u012bbas izsl\u0113g&scaron;ana 12 V (10.1-11.4)\/ 24 V (22.3-23.7)<\/li>\n<li>Ra\u017eot\u0101js: &ldquo;indel B&rdquo; (It\u0101lija)<\/li>\n<li>Ra\u017eot\u0101ja garantija: 2 gadi<\/li>\n<\/ul>\n","protected":false},"excerpt":{"rendered":"<p>&Scaron;\u0101 profesion\u0101l\u0101 ledusskapja korpuss un dizains ir izstr\u0101d\u0101ti t\u0101d\u0101 veid\u0101, ka to var izmantot uz ielas jebkuros laikapst\u0101k\u013cos. Balt\u0101 kr\u0101sa lab\u0101k atstaro saules starus. Iztur\u012bgs v\u0101ks \u013cauj izmantot &scaron;o modeli p\u0101rg\u0101jienos galda viet\u0101. Energotup\u012bgs, triecieniztur\u012bgs korpuss palielina produktu uzglab\u0101&scaron;anas laiku, univers\u0101la baro&scaron;ana, dzi\u013c\u0101s sasald\u0113&scaron;anas funkcija (l\u012bdz 20\u043e\u0421) ir &scaron;\u012b ledusskapja \u012bpa&scaron;\u0101s iez\u012bmes. Ledusskapis apr\u012bkots ar [&hellip;]<\/p>\n","protected":false},"featured_media":62406,"template":"","meta":[],"product_brand":[],"product_cat":[4631,4850],"product_tag":[],"class_list":{"0":"post-76668","1":"product","2":"type-product","3":"status-publish","4":"has-post-thumbnail","6":"product_cat-summer-seasonal-items","7":"product_cat-car-fridgers-summer-seasonal-items","9":"first","10":"instock","11":"shipping-taxable","12":"purchasable","13":"product-type-simple"},"_links":{"self":[{"href":"https:\/\/sezona.lv\/en\/wp-json\/wp\/v2\/product\/76668","targetHints":{"allow":["GET"]}}],"collection":[{"href":"https:\/\/sezona.lv\/en\/wp-json\/wp\/v2\/product"}],"about":[{"href":"https:\/\/sezona.lv\/en\/wp-json\/wp\/v2\/types\/product"}],"wp:featuredmedia":[{"embeddable":true,"href":"https:\/\/sezona.lv\/en\/wp-json\/wp\/v2\/media\/62406"}],"wp:attachment":[{"href":"https:\/\/sezona.lv\/en\/wp-json\/wp\/v2\/media?parent=76668"}],"wp:term":[{"taxonomy":"product_brand","embeddable":true,"href":"https:\/\/sezona.lv\/en\/wp-json\/wp\/v2\/product_brand?post=76668"},{"taxonomy":"product_cat","embeddable":true,"href":"https:\/\/sezona.lv\/en\/wp-json\/wp\/v2\/product_cat?post=76668"},{"taxonomy":"product_tag","embeddable":true,"href":"https:\/\/sezona.lv\/en\/wp-json\/wp\/v2\/product_tag?post=76668"}],"curies":[{"name":"wp","href":"https:\/\/api.w.org\/{rel}","templated":true}]}}