{"id":76670,"date":"2025-07-11T15:53:06","date_gmt":"2025-07-11T12:53:06","guid":{"rendered":"https:\/\/demo8.ecube.lv\/sezona.lv\/products\/auto-ledusskapis-tb55a\/"},"modified":"2025-07-14T14:54:49","modified_gmt":"2025-07-14T11:54:49","slug":"auto-ledusskapis-tb55a","status":"publish","type":"product","link":"https:\/\/sezona.lv\/en\/products\/auto-ledusskapis-tb55a\/","title":{"rendered":"Auto ledusskapis TB55A"},"content":{"rendered":"<p>TB55A izmantoti lab\u0101kie sasniegumi elektronisk\u0101s tehnolo\u0123ijas. Jauns TB55A pied\u0101v\u0101 lab\u0101k\u0101s elektronisk\u0101s tehnolo\u0123ijas. ener\u0123ijas taup\u012b&scaron;anas funkcija, turbo funkcija un daudzfunkcion\u0101ls termostats \u013cauj veikt vieglu un ekonomisku ledusskapja vad\u012bbu, kontrol\u0113t un regul\u0113t ener\u0123ijas pat\u0113ri\u0146u. Standarta elektronisk\u0101 pane\u013ca p\u0101rveidot\u0101js nodro&scaron;ina l\u012bdzstr\u0101vu 12\/24V vai mai\u0146str\u0101vu 115-230V. P\u0101rsl\u0113g&scaron;ana no l\u012bdzstr\u0101vas uz mai\u0146str\u0101vu &ndash; autom\u0101tiska. Tr\u012bs baterijas dro&scaron;\u012bbas l\u012bme\u0146i. Pateicoties lieliskajai izol\u0101cijai var veikt sald\u0113tavas funkciju. Ledusskap\u012b ir ni&scaron;as tur\u0113t\u0101ji un papildu rokturi komplekt\u0101.<\/p>\n<p>Maksim\u0101l\u0101 ietilp\u012bba: var ietilpin\u0101t 2 litru pudeli vertik\u0101l\u0101 st\u0101vokl\u012b. Magn\u0113tiski &scaron;arn\u012bri herm\u0113tiskai aizv\u0113r&scaron;anai.<\/p>\n<p>Tur\u0113t\u0101js priek&scaron; 5 alvas kann\u0101m un pudel\u0113m atrodas uz ledusskapja aug&scaron;\u0113j\u0101s virsmas.<\/p>\n<p>Elektronisks termostats ar displeju, kur\u0101 tiek r\u0101d\u012bta temperat\u016braatrodas autoledusskapja aug&scaron;da\u013c\u0101, kas atvieglo vad\u012bbu.<\/p>\n<p>Ener\u0123ijas taup\u012b&scaron;anas funkcija (EDC) un augsts darb\u012bbas \u0101trums (MAX)..<br \/><span>Tehniskie dati<\/span><\/p>\n<ul>\n<li>Tilpums: 55l<\/li>\n<li>\u0100r\u0113jie izm\u0113ri (A&times;P&times;D): 515&times;670&times;530 mm<\/li>\n<li>Iek&scaron;\u0113jie izm\u0113ri (A&times;P&times;D): 365&times;470&times;270 mm<\/li>\n<li>Iepakojuma izm\u0113ri (A&times;P&times;D): 570&times;700&times;580 mm<\/li>\n<li>Iepakojuma apjoms: 0,231m3.<\/li>\n<li>Svars: 22,5 kg + 4 kg iepakojums.<\/li>\n<li>Jauda 55 W.<\/li>\n<li>Spriegums: l\u012bdzstr\u0101va 12\/24 V, mai\u0146str\u0101va 115\/230 V.<\/li>\n<li>Uzdot\u0101s temperat\u016bras autom\u0101tiska uztur\u0113&scaron;ana<\/li>\n<li>Temperat\u016bras diapazons*: +5&deg;C\/-18&deg;C (*V\u0113rt\u012bbas pie \u0101r\u0113j\u0101s temperat\u016bras +32&deg;C)<\/li>\n<li>(atkar\u012bb\u0101 no ledusskapja slodzes, var atdzes\u0113t l\u012bdz -25&deg; C).<\/li>\n<li>Elektroniskais termostats.<\/li>\n<li>Ener\u0123ijas taup\u012b&scaron;anas funkcija (ECO).<\/li>\n<li>\u0422\u0443\u0440\u0431\u043e\u0440\u0435\u0436\u0438\u043c (MAX).<\/li>\n<li>Tr\u012bs batarejas aizsardz\u012bbas l\u012bme\u0146i: 12 V (9.6-12.4) \/ 24 V (21.3-25.7).<\/li>\n<li>Dzes\u0113&scaron;anas sist\u0113ma: Danfoss BD35F gaisa.<\/li>\n<li>Aukstumnes\u0113js: R134a ekolo\u0123iski dro&scaron;s<\/li>\n<li>Izol\u0101cija: poliuret\u0101na putas bez freona.<\/li>\n<li>\u0112rti rokturi<\/li>\n<li>Klusa darb\u012bba.<\/li>\n<li>Iesp\u0113ja izvietot 2 litru pudeles st\u0101vus.<\/li>\n<li>Piesl\u0113gums caur piep\u012bp\u0113t\u0101ja.<\/li>\n<li>Ra\u017eot\u0101js: &ldquo;indel B&rdquo; (It\u0101lija)<\/li>\n<li>Ra\u017eot\u0101ja garantija: 2 gadi<\/li>\n<\/ul>\n","protected":false},"excerpt":{"rendered":"<p>TB55A izmantoti lab\u0101kie sasniegumi elektronisk\u0101s tehnolo\u0123ijas. Jauns TB55A pied\u0101v\u0101 lab\u0101k\u0101s elektronisk\u0101s tehnolo\u0123ijas. ener\u0123ijas taup\u012b&scaron;anas funkcija, turbo funkcija un daudzfunkcion\u0101ls termostats \u013cauj veikt vieglu un ekonomisku ledusskapja vad\u012bbu, kontrol\u0113t un regul\u0113t ener\u0123ijas pat\u0113ri\u0146u. Standarta elektronisk\u0101 pane\u013ca p\u0101rveidot\u0101js nodro&scaron;ina l\u012bdzstr\u0101vu 12\/24V vai mai\u0146str\u0101vu 115-230V. P\u0101rsl\u0113g&scaron;ana no l\u012bdzstr\u0101vas uz mai\u0146str\u0101vu &ndash; autom\u0101tiska. Tr\u012bs baterijas dro&scaron;\u012bbas l\u012bme\u0146i. Pateicoties lieliskajai [&hellip;]<\/p>\n","protected":false},"featured_media":62430,"template":"","meta":[],"product_brand":[],"product_cat":[4631,4850],"product_tag":[],"class_list":{"0":"post-76670","1":"product","2":"type-product","3":"status-publish","4":"has-post-thumbnail","6":"product_cat-summer-seasonal-items","7":"product_cat-car-fridgers-summer-seasonal-items","9":"first","10":"instock","11":"shipping-taxable","12":"purchasable","13":"product-type-simple"},"_links":{"self":[{"href":"https:\/\/sezona.lv\/en\/wp-json\/wp\/v2\/product\/76670","targetHints":{"allow":["GET"]}}],"collection":[{"href":"https:\/\/sezona.lv\/en\/wp-json\/wp\/v2\/product"}],"about":[{"href":"https:\/\/sezona.lv\/en\/wp-json\/wp\/v2\/types\/product"}],"wp:featuredmedia":[{"embeddable":true,"href":"https:\/\/sezona.lv\/en\/wp-json\/wp\/v2\/media\/62430"}],"wp:attachment":[{"href":"https:\/\/sezona.lv\/en\/wp-json\/wp\/v2\/media?parent=76670"}],"wp:term":[{"taxonomy":"product_brand","embeddable":true,"href":"https:\/\/sezona.lv\/en\/wp-json\/wp\/v2\/product_brand?post=76670"},{"taxonomy":"product_cat","embeddable":true,"href":"https:\/\/sezona.lv\/en\/wp-json\/wp\/v2\/product_cat?post=76670"},{"taxonomy":"product_tag","embeddable":true,"href":"https:\/\/sezona.lv\/en\/wp-json\/wp\/v2\/product_tag?post=76670"}],"curies":[{"name":"wp","href":"https:\/\/api.w.org\/{rel}","templated":true}]}}