{"id":76673,"date":"2025-07-11T15:53:11","date_gmt":"2025-07-11T12:53:11","guid":{"rendered":"https:\/\/demo8.ecube.lv\/sezona.lv\/products\/auto-ledusskapis-tb92\/"},"modified":"2025-07-14T14:54:52","modified_gmt":"2025-07-14T11:54:52","slug":"auto-ledusskapis-tb92","status":"publish","type":"product","link":"https:\/\/sezona.lv\/en\/products\/auto-ledusskapis-tb92\/","title":{"rendered":"Auto ledusskapis TB92"},"content":{"rendered":"<p>Divdurvju DD T\u0113rauda (Steel Double Door) s\u0113rijas ledusskapis: ir divi nodal\u012bjumi ar vienu no otra neatkar\u012bgu temperat\u016bras dzes\u0113&scaron;ananu, dubults displejs&nbsp; temperat\u016bras re\u017e\u012bma izv\u0113lei (ledusskapis + ledusskapis, ledusskapis + sald\u0113tava, sald\u0113tava + sald\u0113tava), lieliska izol\u0101cija, gaisma katr\u0101 nodal\u012bjum\u0101, no\u0146emami v\u0101ki apr\u012bkoti ar dro&scaron;\u0101m meh\u0101nisk\u0101m aizdar\u0113m.<\/p>\n<p>Dzes\u0113&scaron;anas sist\u0113ma: herm\u0113tisks kompresors SECOP BD 50F (biju&scaron;ais Danfoss) ar regul\u0113jamu grie&scaron;an\u0101s \u0101trumu un elektronisko vad\u012bbu. Iztvaic\u0113t\u0101js integr\u0113ts no 4 pus\u0113m un izol\u0113ts ar poliuret\u0101na put\u0101m, samazinot l\u012bdz minimumam perfor\u0101cija vai boj\u0101jumu risku.<br \/>Materi\u0101ls: korpuss un v\u0101ks no kr\u0101sota t\u0113rauda loksnes, aizsarg\u0101ti ar plastmasas st\u016briem. Ir rokturi.<br \/>Jaun\u0101s s\u0113rijas TB Steel ledusskapjos var uzst\u0101d\u012bt 2 litru pudeles vertik\u0101l\u0101 st\u0101vokl\u012b.<br \/>Sertifik\u0101ti: CE, GS, SAA.<\/p>\n<p><span>Tehniskie dati<\/span><\/p>\n<ul>\n<li>Tilpums: 92 l<\/li>\n<li>Sald\u0113tavas apjomi: 52,6 l + 38,8 l<\/li>\n<li>V\u0101ks: dubults<\/li>\n<li>\u0100r\u0113jie izm\u0113ri (AxPxD): 615x790x465 mm<\/li>\n<li>Iepakojuma izm\u0113ri (AxPxD): 710x870x545 mm<\/li>\n<li>Apjoms m3: 0,34<\/li>\n<li>Svars : 32,5 kg<\/li>\n<li>Jauda: 65 W<\/li>\n<li>Spriegums (l\u012bdzstr\u0101va\/ mai\u0146str\u0101va): DC 12V\/24V un AC 115-240V<\/li>\n<li>Temperat\u016bras diapazons: no +10 &deg;C l\u012bdz -18 &deg;C<\/li>\n<li>Kompresors: SECOP BD50F<\/li>\n<li>Aukstumnes\u0113js: R134a ekolo\u0123iski dro&scaron;s<\/li>\n<li>Aukstuma uzkr\u0101&scaron;anas sist\u0113ma: N\u0113<\/li>\n<li>Instal\u0101cijas komplekts: N\u0113<\/li>\n<li>Izol\u0101cija: poliuret\u0101na putas<\/li>\n<li>Ra\u017eot\u0101js: indel B (It\u0101lija)<\/li>\n<li>Ra\u017eot\u0101ja garantija: 2 gadi<\/li>\n<\/ul>\n<p>&nbsp;<\/p>\n","protected":false},"excerpt":{"rendered":"<p>Divdurvju DD T\u0113rauda (Steel Double Door) s\u0113rijas ledusskapis: ir divi nodal\u012bjumi ar vienu no otra neatkar\u012bgu temperat\u016bras dzes\u0113&scaron;ananu, dubults displejs&nbsp; temperat\u016bras re\u017e\u012bma izv\u0113lei (ledusskapis + ledusskapis, ledusskapis + sald\u0113tava, sald\u0113tava + sald\u0113tava), lieliska izol\u0101cija, gaisma katr\u0101 nodal\u012bjum\u0101, no\u0146emami v\u0101ki apr\u012bkoti ar dro&scaron;\u0101m meh\u0101nisk\u0101m aizdar\u0113m. Dzes\u0113&scaron;anas sist\u0113ma: herm\u0113tisks kompresors SECOP BD 50F (biju&scaron;ais Danfoss) ar regul\u0113jamu [&hellip;]<\/p>\n","protected":false},"featured_media":62459,"template":"","meta":[],"product_brand":[],"product_cat":[4631,4850],"product_tag":[],"class_list":{"0":"post-76673","1":"product","2":"type-product","3":"status-publish","4":"has-post-thumbnail","6":"product_cat-summer-seasonal-items","7":"product_cat-car-fridgers-summer-seasonal-items","9":"first","10":"instock","11":"shipping-taxable","12":"purchasable","13":"product-type-simple"},"_links":{"self":[{"href":"https:\/\/sezona.lv\/en\/wp-json\/wp\/v2\/product\/76673","targetHints":{"allow":["GET"]}}],"collection":[{"href":"https:\/\/sezona.lv\/en\/wp-json\/wp\/v2\/product"}],"about":[{"href":"https:\/\/sezona.lv\/en\/wp-json\/wp\/v2\/types\/product"}],"wp:featuredmedia":[{"embeddable":true,"href":"https:\/\/sezona.lv\/en\/wp-json\/wp\/v2\/media\/62459"}],"wp:attachment":[{"href":"https:\/\/sezona.lv\/en\/wp-json\/wp\/v2\/media?parent=76673"}],"wp:term":[{"taxonomy":"product_brand","embeddable":true,"href":"https:\/\/sezona.lv\/en\/wp-json\/wp\/v2\/product_brand?post=76673"},{"taxonomy":"product_cat","embeddable":true,"href":"https:\/\/sezona.lv\/en\/wp-json\/wp\/v2\/product_cat?post=76673"},{"taxonomy":"product_tag","embeddable":true,"href":"https:\/\/sezona.lv\/en\/wp-json\/wp\/v2\/product_tag?post=76673"}],"curies":[{"name":"wp","href":"https:\/\/api.w.org\/{rel}","templated":true}]}}