{"id":76674,"date":"2025-07-14T14:54:53","date_gmt":"2025-07-14T11:54:53","guid":{"rendered":"https:\/\/demo8.ecube.lv\/sezona.lv\/products\/auto-ledusskapis-ur25\/"},"modified":"2025-07-14T14:54:53","modified_gmt":"2025-07-14T11:54:53","slug":"auto-ledusskapis-ur25","status":"publish","type":"product","link":"https:\/\/sezona.lv\/en\/products\/auto-ledusskapis-ur25\/","title":{"rendered":"Auto ledusskapis UR25"},"content":{"rendered":"<p><span>&Scaron;is dzes\u0113&scaron;anas agreg\u0101ts, kur\u0101 ietilpst iztvaikot\u0101js, kondensators, kompresors, ventilators, vad\u012bbas bloks, termostats un termoregulators, \u013coti viegli uzst\u0101d\u0101ms uz termokastes, kas atrodas kravas automa&scaron;\u012bnu Iveco Stralis kab\u012bn\u0113 un p\u0101rv\u0113r&scaron; to par pilnv\u0113rt\u012bgu autoledusskapi.<\/span><\/p>\n<p><strong>Tehniskie dati<\/strong><\/p>\n<ul>\n<li><span>kondens\u0101cijas iek\u0101rtas \u0101r\u0113jie izm\u0113ri (AxPxD, mm): 308 x 170 x 268<\/span><\/li>\n<li><span>iztvaic\u0113t\u0101ja \u0101r\u0113jie izm\u0113ri (AxPxD, mm): 248 x 112 x 191<\/span><\/li>\n<li><span>iepakojuma izm\u0113ri (AxPxD, mm): 440 x 315 x 265<\/span><\/li>\n<li><span>iepakojuma apjoms: 0,037m3<\/span><\/li>\n<li><span>svars: 8.4 kg + 0,6 kg iepakojums<\/span><\/li>\n<li><span>spriegums: 12\/24 V<\/span><\/li>\n<li><span>jauda: 42 W<\/span><\/li>\n<li><span>temperat\u016bras regul\u0113&scaron;ana, izmantojot manu\u0101lo termoregulatoru<\/span><\/li>\n<li><span>temperat\u016bras diapazons: no +10&deg;C l\u012bdz -2&deg;C<\/span><\/li>\n<li><span>aukstumnes\u0113js R-134A (52 grami)<\/span><\/li>\n<li><span>aizsardz\u012bbas atsl\u0113g&scaron;ana : &ndash; 12V (10.1-11.4)<\/span><\/li>\n<li><span>&#8211; 24V (22.4-24.1)<\/span><\/li>\n<li><span>herm\u0113tisks kompresors SECOP (DANFOSS)<\/span><\/li>\n<li><span>piespiedu dzes\u0113&scaron;ana<\/span><\/li>\n<li><span>uzdot\u0101s temperat\u016bras autom\u0101tisk\u0101 uztur\u0113&scaron;ana&nbsp;<\/span><\/li>\n<li><span>klusa darb\u012bba<\/span><\/li>\n<li><span>Ra\u017eot\u0101js: &ldquo;indel B&rdquo; (It\u0101lija)<\/span><\/li>\n<li><span>Ra\u017eot\u0101ja garantija: 2 gadi<\/span><\/li>\n<\/ul>\n","protected":false},"excerpt":{"rendered":"<p>&Scaron;is dzes\u0113&scaron;anas agreg\u0101ts, kur\u0101 ietilpst iztvaikot\u0101js, kondensators, kompresors, ventilators, vad\u012bbas bloks, termostats un termoregulators, \u013coti viegli uzst\u0101d\u0101ms uz termokastes, kas atrodas kravas automa&scaron;\u012bnu Iveco Stralis kab\u012bn\u0113 un p\u0101rv\u0113r&scaron; to par pilnv\u0113rt\u012bgu autoledusskapi. Tehniskie dati kondens\u0101cijas iek\u0101rtas \u0101r\u0113jie izm\u0113ri (AxPxD, mm): 308 x 170 x 268 iztvaic\u0113t\u0101ja \u0101r\u0113jie izm\u0113ri (AxPxD, mm): 248 x 112 x 191 [&hellip;]<\/p>\n","protected":false},"featured_media":0,"template":"","meta":[],"product_brand":[],"product_cat":[4631,4850],"product_tag":[],"class_list":{"0":"post-76674","1":"product","2":"type-product","3":"status-publish","5":"product_cat-summer-seasonal-items","6":"product_cat-car-fridgers-summer-seasonal-items","8":"first","9":"instock","10":"shipping-taxable","11":"purchasable","12":"product-type-simple"},"_links":{"self":[{"href":"https:\/\/sezona.lv\/en\/wp-json\/wp\/v2\/product\/76674","targetHints":{"allow":["GET"]}}],"collection":[{"href":"https:\/\/sezona.lv\/en\/wp-json\/wp\/v2\/product"}],"about":[{"href":"https:\/\/sezona.lv\/en\/wp-json\/wp\/v2\/types\/product"}],"wp:attachment":[{"href":"https:\/\/sezona.lv\/en\/wp-json\/wp\/v2\/media?parent=76674"}],"wp:term":[{"taxonomy":"product_brand","embeddable":true,"href":"https:\/\/sezona.lv\/en\/wp-json\/wp\/v2\/product_brand?post=76674"},{"taxonomy":"product_cat","embeddable":true,"href":"https:\/\/sezona.lv\/en\/wp-json\/wp\/v2\/product_cat?post=76674"},{"taxonomy":"product_tag","embeddable":true,"href":"https:\/\/sezona.lv\/en\/wp-json\/wp\/v2\/product_tag?post=76674"}],"curies":[{"name":"wp","href":"https:\/\/api.w.org\/{rel}","templated":true}]}}