{"id":76675,"date":"2025-07-11T15:53:13","date_gmt":"2025-07-11T12:53:13","guid":{"rendered":"https:\/\/demo8.ecube.lv\/sezona.lv\/products\/auto-ledusskapis-ur35\/"},"modified":"2025-07-14T14:54:54","modified_gmt":"2025-07-14T11:54:54","slug":"auto-ledusskapis-ur35","status":"publish","type":"product","link":"https:\/\/sezona.lv\/en\/products\/auto-ledusskapis-ur35\/","title":{"rendered":"Auto ledusskapis UR35"},"content":{"rendered":"<p>&Scaron;is dzes\u0113&scaron;anas agreg\u0101ts, kur\u0101 ietilpst kompresors, iztvaikot\u0101js, kondensators,&nbsp; ventilators, vad\u012bbas bloks, pretapg\u0101&scaron;an\u0101s sensors, termostats un termoregulators, \u013coti viegli uzst\u0101d\u0101ms uz termokastes, kas atrodas kravas automa&scaron;\u012bnu MAN TGA kab\u012bn\u0113 un p\u0101rv\u0113r&scaron; to par pilnv\u0113rt\u012bgu autoledusskapi.<\/p>\n<p><span>Tehniskie dati<br \/><\/span><\/p>\n<ul>\n<li>kondens\u0101cijas iek\u0101rtas \u0101r\u0113jie izm\u0113ri (AxPxD, mm): 159,5 \u0445 162 \u0445 348,5<\/li>\n<li>iztvaic\u0113t\u0101ja \u0101r\u0113jie izm\u0113ri (AxPxD, mm): 210 \u0445&nbsp;140 \u0445 330<\/li>\n<li>iepakojuma izm\u0113ri (AxPxD, mm): 255 \u0445&nbsp;415 \u0445 375<\/li>\n<li>iepakojuma apjoms: 0,04m&sup3;<\/li>\n<li>svars: 7,8 kg + 0,8 kg iepakojums<\/li>\n<li>spriegums: 12\/24 V<\/li>\n<li>jauda: 42 W<\/li>\n<li>temperat\u016bras regul\u0113&scaron;ana, izmantojot manu\u0101lo termoregulatoru<\/li>\n<li>temperat\u016bras diapazons: no +10&deg;C l\u012bdz -2&deg;C<\/li>\n<li>aukstumnes\u0113js R-134A (52 grami)<\/li>\n<li>aizsardz\u012bbas atsl\u0113g&scaron;ana : &ndash; 12V (10.1-11.4)<\/li>\n<li>&#8211; 24V (22.4-24.1)<\/li>\n<li>aizsardz\u012bba pie kab\u012bnes kri&scaron;anas<\/li>\n<li>herm\u0113tisks kompresors SECOP (DANFOSS)<\/li>\n<li>piespiedu dzes\u0113&scaron;ana<\/li>\n<li>uzdot\u0101s temperat\u016bras autom\u0101tisk\u0101 uztur\u0113&scaron;ana<\/li>\n<li>klusa darb\u012bba<\/li>\n<li>Ra\u017eot\u0101js: &ldquo;indel B&rdquo; (It\u0101lija)<\/li>\n<li>Ra\u017eot\u0101ja garantija: 2 gadi<\/li>\n<\/ul>\n","protected":false},"excerpt":{"rendered":"<p>&Scaron;is dzes\u0113&scaron;anas agreg\u0101ts, kur\u0101 ietilpst kompresors, iztvaikot\u0101js, kondensators,&nbsp; ventilators, vad\u012bbas bloks, pretapg\u0101&scaron;an\u0101s sensors, termostats un termoregulators, \u013coti viegli uzst\u0101d\u0101ms uz termokastes, kas atrodas kravas automa&scaron;\u012bnu MAN TGA kab\u012bn\u0113 un p\u0101rv\u0113r&scaron; to par pilnv\u0113rt\u012bgu autoledusskapi. Tehniskie dati kondens\u0101cijas iek\u0101rtas \u0101r\u0113jie izm\u0113ri (AxPxD, mm): 159,5 \u0445 162 \u0445 348,5 iztvaic\u0113t\u0101ja \u0101r\u0113jie izm\u0113ri (AxPxD, mm): 210 \u0445&nbsp;140 \u0445 [&hellip;]<\/p>\n","protected":false},"featured_media":62470,"template":"","meta":[],"product_brand":[],"product_cat":[4631,4850],"product_tag":[],"class_list":{"0":"post-76675","1":"product","2":"type-product","3":"status-publish","4":"has-post-thumbnail","6":"product_cat-summer-seasonal-items","7":"product_cat-car-fridgers-summer-seasonal-items","9":"first","10":"instock","11":"shipping-taxable","12":"purchasable","13":"product-type-simple"},"_links":{"self":[{"href":"https:\/\/sezona.lv\/en\/wp-json\/wp\/v2\/product\/76675","targetHints":{"allow":["GET"]}}],"collection":[{"href":"https:\/\/sezona.lv\/en\/wp-json\/wp\/v2\/product"}],"about":[{"href":"https:\/\/sezona.lv\/en\/wp-json\/wp\/v2\/types\/product"}],"wp:featuredmedia":[{"embeddable":true,"href":"https:\/\/sezona.lv\/en\/wp-json\/wp\/v2\/media\/62470"}],"wp:attachment":[{"href":"https:\/\/sezona.lv\/en\/wp-json\/wp\/v2\/media?parent=76675"}],"wp:term":[{"taxonomy":"product_brand","embeddable":true,"href":"https:\/\/sezona.lv\/en\/wp-json\/wp\/v2\/product_brand?post=76675"},{"taxonomy":"product_cat","embeddable":true,"href":"https:\/\/sezona.lv\/en\/wp-json\/wp\/v2\/product_cat?post=76675"},{"taxonomy":"product_tag","embeddable":true,"href":"https:\/\/sezona.lv\/en\/wp-json\/wp\/v2\/product_tag?post=76675"}],"curies":[{"name":"wp","href":"https:\/\/api.w.org\/{rel}","templated":true}]}}