{"id":76676,"date":"2025-07-11T15:53:14","date_gmt":"2025-07-11T12:53:14","guid":{"rendered":"https:\/\/demo8.ecube.lv\/sezona.lv\/products\/telts-automatiska-norfin-zander-4\/"},"modified":"2025-07-14T14:54:55","modified_gmt":"2025-07-14T11:54:55","slug":"telts-automatiska-norfin-zander-4","status":"publish","type":"product","link":"https:\/\/sezona.lv\/en\/products\/telts-automatiska-norfin-zander-4\/","title":{"rendered":"Telts autom\u0101tisk\u0101 Norfin ZANDER 4"},"content":{"rendered":"<p>\u010cetrviet\u012bga pusautom\u0101tiska kempinga telts ar \u0101tri saliekamu  konstrukciju. Pla&scaron;s un augsts priek&scaron;nams, kur\u0101 var nost\u0101ties piln\u0101  augum\u0101, pla&scaron;a gu\u013camvieta. Gu\u013camvieta ir no\u0146emama, kas \u013cauj piel\u0101got  telts iek&scaron;pusi &nbsp;j\u016bsu vajadz\u012bb\u0101m.<\/p>\n<ul>\n<li>divu k\u0101rtu kempinga telts ar vienu ieeju<\/li>\n<li>vienam cilv\u0113kam viegli saliekama<\/li>\n<li>Pla&scaron;s priek&scaron;nams, kur\u0101 \u0113rti var\u0113siet novietot mantas<\/li>\n<li>ieeja tiek papildin\u0101ta ar mosk\u012btu t\u012bklu<\/li>\n<li>no\u0146emama priek&scaron;nama gr\u012bda<\/li>\n<li>kabatas nodal\u012bjumi s\u012bkumiem<\/li>\n<li>pagarin\u0101ta telts lejas da\u013ca papildus aizsardz\u012bbai no v\u0113ja<\/li>\n<li>visas &scaron;uves prec\u012bzi nol\u012bm\u0113tas&nbsp; ar \u016bdensnecaurlaid\u012bgu lenti<\/li>\n<li>caursp\u012bd\u012bgs logs priek&scaron;nam\u0101<\/li>\n<\/ul>\n<h4 class=\"table_title\">\u012apa&scaron;\u012bbas un materi\u0101li<\/h4>\n<table class=\"spec\" border=\"0\">\n<tbody>\n<tr>\n<td>Tips<\/td>\n<td>Trekinga\/ Autom\u0101tisk\u0101<\/td>\n<\/tr>\n<tr>\n<td>Ietilp\u012bba (personas)<\/td>\n<td>4<\/td>\n<\/tr>\n<tr>\n<td>\u0100r\u0113j\u0101s telts izm\u0113rs (cm)<\/td>\n<td>340x280x185<\/td>\n<\/tr>\n<tr>\n<td>Iek&scaron;\u0113j\u0101s telts izm\u0113rs (cm)<\/td>\n<td>255x210x170<\/td>\n<\/tr>\n<tr>\n<td>Saliktas telts izm\u0113rs (cm)<\/td>\n<td>105x22x22<\/td>\n<\/tr>\n<tr>\n<td>Svars (kg)<\/td>\n<td>8<\/td>\n<\/tr>\n<tr>\n<td>\u0100r\u0113j\u0101s telts materi\u0101ls\/ mitrumiztur\u012bba (mm\/cm2)<\/td>\n<td>190T Poliesters PU\/3000<\/td>\n<\/tr>\n<tr>\n<td>Iek&scaron;\u0113j\u0101s telts materi\u0101ls<\/td>\n<td>190T Poliesters<\/td>\n<\/tr>\n<tr>\n<td>Gr\u012bdas materi\u0101ls\/ mitrumiztur\u012bba (mm\/cm2)<\/td>\n<td>Poliesters 150D Oxford PU\/ 6000<\/td>\n<\/tr>\n<tr>\n<td>Loki<\/td>\n<td>FG<\/td>\n<\/tr>\n<tr>\n<td>Loku skaits\/ diametrs (mm)<\/td>\n<td>9,5\/8,5mm<\/td>\n<\/tr>\n<tr>\n<td>Mieti\u0146u materi\u0101ls<\/td>\n<td>T\u0113rauds<\/td>\n<\/tr>\n<\/tbody>\n<\/table>\n","protected":false},"excerpt":{"rendered":"<p>\u010cetrviet\u012bga pusautom\u0101tiska kempinga telts ar \u0101tri saliekamu konstrukciju. Pla&scaron;s un augsts priek&scaron;nams, kur\u0101 var nost\u0101ties piln\u0101 augum\u0101, pla&scaron;a gu\u013camvieta. Gu\u013camvieta ir no\u0146emama, kas \u013cauj piel\u0101got telts iek&scaron;pusi &nbsp;j\u016bsu vajadz\u012bb\u0101m. divu k\u0101rtu kempinga telts ar vienu ieeju vienam cilv\u0113kam viegli saliekama Pla&scaron;s priek&scaron;nams, kur\u0101 \u0113rti var\u0113siet novietot mantas ieeja tiek papildin\u0101ta ar mosk\u012btu t\u012bklu no\u0146emama priek&scaron;nama [&hellip;]<\/p>\n","protected":false},"featured_media":62475,"template":"","meta":[],"product_brand":[],"product_cat":[4558,4568,4956],"product_tag":[],"class_list":{"0":"post-76676","1":"product","2":"type-product","3":"status-publish","4":"has-post-thumbnail","6":"product_cat-for-tourism-recreation","7":"product_cat-tents-for-tourism-recreation","8":"product_cat-norfin-tents-tents-for-tourism-recreation","10":"first","11":"instock","12":"shipping-taxable","13":"purchasable","14":"product-type-simple"},"_links":{"self":[{"href":"https:\/\/sezona.lv\/en\/wp-json\/wp\/v2\/product\/76676","targetHints":{"allow":["GET"]}}],"collection":[{"href":"https:\/\/sezona.lv\/en\/wp-json\/wp\/v2\/product"}],"about":[{"href":"https:\/\/sezona.lv\/en\/wp-json\/wp\/v2\/types\/product"}],"wp:featuredmedia":[{"embeddable":true,"href":"https:\/\/sezona.lv\/en\/wp-json\/wp\/v2\/media\/62475"}],"wp:attachment":[{"href":"https:\/\/sezona.lv\/en\/wp-json\/wp\/v2\/media?parent=76676"}],"wp:term":[{"taxonomy":"product_brand","embeddable":true,"href":"https:\/\/sezona.lv\/en\/wp-json\/wp\/v2\/product_brand?post=76676"},{"taxonomy":"product_cat","embeddable":true,"href":"https:\/\/sezona.lv\/en\/wp-json\/wp\/v2\/product_cat?post=76676"},{"taxonomy":"product_tag","embeddable":true,"href":"https:\/\/sezona.lv\/en\/wp-json\/wp\/v2\/product_tag?post=76676"}],"curies":[{"name":"wp","href":"https:\/\/api.w.org\/{rel}","templated":true}]}}