{"id":76677,"date":"2025-07-11T15:53:15","date_gmt":"2025-07-11T12:53:15","guid":{"rendered":"https:\/\/demo8.ecube.lv\/sezona.lv\/products\/lietussargs-norfin-leeds\/"},"modified":"2025-07-14T14:54:55","modified_gmt":"2025-07-14T11:54:55","slug":"lietussargs-norfin-leeds","status":"publish","type":"product","link":"https:\/\/sezona.lv\/en\/products\/lietussargs-norfin-leeds\/","title":{"rendered":"Lietussargs Norfin LEEDS"},"content":{"rendered":"<p>Liels mak&scaron;\u0137ernieku lietussargs.<\/p>\n<ul>\n<li>Regul\u0113jams jumta sl\u012bpuma le\u0146\u0137is<\/li>\n<\/ul>\n<h4 class=\"table_title\">\u012apa&scaron;\u012bbas un materi\u0101li<\/h4>\n<table class=\"spec\" border=\"0\">\n<tbody>\n<tr>\n<td>Izm\u0113rs (cm)<\/td>\n<td>189\u0445189\u0445190<\/td>\n<\/tr>\n<tr>\n<td>Izm\u0113rs salikt\u0101 veid\u0101 (cm)<\/td>\n<td>130\u04458\u04458<\/td>\n<\/tr>\n<tr>\n<td>Svars (kg)<\/td>\n<td>2,4<\/td>\n<\/tr>\n<tr>\n<td>Materi\u0101ls<\/td>\n<td>210D Poliesters PU\/4000<\/td>\n<\/tr>\n<tr>\n<td>Konstrukcija<\/td>\n<td>Alu<\/td>\n<\/tr>\n<\/tbody>\n<\/table>\n","protected":false},"excerpt":{"rendered":"<p>Liels mak&scaron;\u0137ernieku lietussargs. Regul\u0113jams jumta sl\u012bpuma le\u0146\u0137is \u012apa&scaron;\u012bbas un materi\u0101li Izm\u0113rs (cm) 189\u0445189\u0445190 Izm\u0113rs salikt\u0101 veid\u0101 (cm) 130\u04458\u04458 Svars (kg) 2,4 Materi\u0101ls 210D Poliesters PU\/4000 Konstrukcija Alu<\/p>\n","protected":false},"featured_media":0,"template":"","meta":[],"product_brand":[],"product_cat":[4558,4568,4855],"product_tag":[],"class_list":{"0":"post-76677","1":"product","2":"type-product","3":"status-publish","5":"product_cat-for-tourism-recreation","6":"product_cat-tents-for-tourism-recreation","7":"product_cat-parasols-umbrellas-tents-for-tourism-recreation","9":"first","10":"instock","11":"shipping-taxable","12":"purchasable","13":"product-type-simple"},"_links":{"self":[{"href":"https:\/\/sezona.lv\/en\/wp-json\/wp\/v2\/product\/76677","targetHints":{"allow":["GET"]}}],"collection":[{"href":"https:\/\/sezona.lv\/en\/wp-json\/wp\/v2\/product"}],"about":[{"href":"https:\/\/sezona.lv\/en\/wp-json\/wp\/v2\/types\/product"}],"wp:attachment":[{"href":"https:\/\/sezona.lv\/en\/wp-json\/wp\/v2\/media?parent=76677"}],"wp:term":[{"taxonomy":"product_brand","embeddable":true,"href":"https:\/\/sezona.lv\/en\/wp-json\/wp\/v2\/product_brand?post=76677"},{"taxonomy":"product_cat","embeddable":true,"href":"https:\/\/sezona.lv\/en\/wp-json\/wp\/v2\/product_cat?post=76677"},{"taxonomy":"product_tag","embeddable":true,"href":"https:\/\/sezona.lv\/en\/wp-json\/wp\/v2\/product_tag?post=76677"}],"curies":[{"name":"wp","href":"https:\/\/api.w.org\/{rel}","templated":true}]}}