{"id":76679,"date":"2025-07-11T15:53:19","date_gmt":"2025-07-11T12:53:19","guid":{"rendered":"https:\/\/demo8.ecube.lv\/sezona.lv\/products\/norfin-soma-dry-bag-35\/"},"modified":"2025-07-14T14:54:57","modified_gmt":"2025-07-14T11:54:57","slug":"norfin-soma-dry-bag-35","status":"publish","type":"product","link":"https:\/\/sezona.lv\/en\/products\/norfin-soma-dry-bag-35\/","title":{"rendered":"Norfin soma Dry Bag 35"},"content":{"rendered":"<ul>\n<li>Ne&scaron;anas sist\u0113ma ir sadal\u012bta piec\u0101s zon\u0101s un apr\u012bkota ar Air Mesh t\u012bklveida materi\u0101lu<\/li>\n<li>Anatomiskas formas plecu lences, p\u0113rkl\u0101tas ar putu k\u0101rtu un Air Mesh t\u012bklveida materi\u0101lu<\/li>\n<li>Somas iek&scaron;pus\u0113 ir viens nodal\u012bjums un divas kabatas ar r\u0101v\u0113jsl\u0113dz\u0113jiem<\/li>\n<li>Front\u0101l\u0101 kabata ar r\u0101v\u0113jsl\u0113dz\u0113ju<\/li>\n<li>\u016adens necaurlaid\u012bgi r\u0101v\u0113jsl\u0113dz\u0113ji<\/li>\n<li>Divas s\u0101nu kabatas ar piel\u0101gojamu ietilp\u012bbu<\/li>\n<li>Kr\u016b&scaron;u siksna<\/li>\n<li>Nol\u012bm\u0113tas &scaron;uves<\/li>\n<\/ul>\n<h4 class=\"table_title\">\u012apa&scaron;\u012bbas un materi\u0101li<\/h4>\n<table class=\"spec\" border=\"0\">\n<tbody>\n<tr>\n<td>Izm\u0113rs (cm)<\/td>\n<td>35\u044521\u044553<\/td>\n<\/tr>\n<tr>\n<td>Tilpums (l)<\/td>\n<td>35<\/td>\n<\/tr>\n<tr>\n<td>Svars (kg)<\/td>\n<td>0,8<\/td>\n<\/tr>\n<tr>\n<td>Materi\u0101ls<\/td>\n<td>420 Nylon TPU<\/td>\n<\/tr>\n<tr>\n<td>Elementi<\/td>\n<td>YKK r\u0101v\u0113jsl\u0113dz\u0113ji; DuraFlex<\/td>\n<\/tr>\n<\/tbody>\n<\/table>\n","protected":false},"excerpt":{"rendered":"<p>Ne&scaron;anas sist\u0113ma ir sadal\u012bta piec\u0101s zon\u0101s un apr\u012bkota ar Air Mesh t\u012bklveida materi\u0101lu Anatomiskas formas plecu lences, p\u0113rkl\u0101tas ar putu k\u0101rtu un Air Mesh t\u012bklveida materi\u0101lu Somas iek&scaron;pus\u0113 ir viens nodal\u012bjums un divas kabatas ar r\u0101v\u0113jsl\u0113dz\u0113jiem Front\u0101l\u0101 kabata ar r\u0101v\u0113jsl\u0113dz\u0113ju \u016adens necaurlaid\u012bgi r\u0101v\u0113jsl\u0113dz\u0113ji Divas s\u0101nu kabatas ar piel\u0101gojamu ietilp\u012bbu Kr\u016b&scaron;u siksna Nol\u012bm\u0113tas &scaron;uves \u012apa&scaron;\u012bbas un [&hellip;]<\/p>\n","protected":false},"featured_media":0,"template":"","meta":[],"product_brand":[899],"product_cat":[4538,4556],"product_tag":[],"class_list":{"0":"post-76679","1":"product","2":"type-product","3":"status-publish","5":"product_brand-norfin","6":"product_cat-fishing-equipment-recreation","7":"product_cat-bags-boxes-fishing-equipment-recreation","9":"first","10":"instock","11":"shipping-taxable","12":"purchasable","13":"product-type-simple"},"_links":{"self":[{"href":"https:\/\/sezona.lv\/en\/wp-json\/wp\/v2\/product\/76679","targetHints":{"allow":["GET"]}}],"collection":[{"href":"https:\/\/sezona.lv\/en\/wp-json\/wp\/v2\/product"}],"about":[{"href":"https:\/\/sezona.lv\/en\/wp-json\/wp\/v2\/types\/product"}],"wp:attachment":[{"href":"https:\/\/sezona.lv\/en\/wp-json\/wp\/v2\/media?parent=76679"}],"wp:term":[{"taxonomy":"product_brand","embeddable":true,"href":"https:\/\/sezona.lv\/en\/wp-json\/wp\/v2\/product_brand?post=76679"},{"taxonomy":"product_cat","embeddable":true,"href":"https:\/\/sezona.lv\/en\/wp-json\/wp\/v2\/product_cat?post=76679"},{"taxonomy":"product_tag","embeddable":true,"href":"https:\/\/sezona.lv\/en\/wp-json\/wp\/v2\/product_tag?post=76679"}],"curies":[{"name":"wp","href":"https:\/\/api.w.org\/{rel}","templated":true}]}}