{"id":76680,"date":"2025-07-11T15:53:21","date_gmt":"2025-07-11T12:53:21","guid":{"rendered":"https:\/\/demo8.ecube.lv\/sezona.lv\/products\/norfin-hermetiskais-telefona-macins-dry-case-01\/"},"modified":"2025-07-14T14:54:58","modified_gmt":"2025-07-14T11:54:58","slug":"norfin-hermetiskais-telefona-macins-dry-case-01","status":"publish","type":"product","link":"https:\/\/sezona.lv\/en\/products\/norfin-hermetiskais-telefona-macins-dry-case-01\/","title":{"rendered":"Norfin herm\u0113tiskais telefona maci\u0146\u0161 Dry Case 01"},"content":{"rendered":"<ul>\n<li>Lieliski piem\u0113rots vid\u0113ja un liela izm\u0113ra mobilajiem telefoniem, diametr\u0101 l\u012bdz 6 coll\u0101m<\/li>\n<li>Maci\u0146a virsma ir sk\u0101rien j\u016bt\u012bga, t\u0101d\u0113\u013c dro&scaron;i var\u0113siet izmantot savu mobilo telefonu neiz\u0146emot no maci\u0146a.<\/li>\n<\/ul>\n<h4 class=\"table_title\">\u012apa&scaron;\u012bbas un materi\u0101li<\/h4>\n<table class=\"spec\" border=\"0\">\n<tbody>\n<tr>\n<td>Izm\u0113rs (cm)<\/td>\n<td>14&#215;25<\/td>\n<\/tr>\n<tr>\n<td>Svars (kg)<\/td>\n<td>0,03<\/td>\n<\/tr>\n<tr>\n<td>Materi\u0101ls<\/td>\n<td>180T Poliesters TPU<\/td>\n<\/tr>\n<\/tbody>\n<\/table>\n","protected":false},"excerpt":{"rendered":"<p>Lieliski piem\u0113rots vid\u0113ja un liela izm\u0113ra mobilajiem telefoniem, diametr\u0101 l\u012bdz 6 coll\u0101m Maci\u0146a virsma ir sk\u0101rien j\u016bt\u012bga, t\u0101d\u0113\u013c dro&scaron;i var\u0113siet izmantot savu mobilo telefonu neiz\u0146emot no maci\u0146a. \u012apa&scaron;\u012bbas un materi\u0101li Izm\u0113rs (cm) 14&#215;25 Svars (kg) 0,03 Materi\u0101ls 180T Poliesters TPU<\/p>\n","protected":false},"featured_media":0,"template":"","meta":[],"product_brand":[899],"product_cat":[4538,4556],"product_tag":[],"class_list":{"0":"post-76680","1":"product","2":"type-product","3":"status-publish","5":"product_brand-norfin","6":"product_cat-fishing-equipment-recreation","7":"product_cat-bags-boxes-fishing-equipment-recreation","9":"first","10":"instock","11":"shipping-taxable","12":"purchasable","13":"product-type-simple"},"_links":{"self":[{"href":"https:\/\/sezona.lv\/en\/wp-json\/wp\/v2\/product\/76680","targetHints":{"allow":["GET"]}}],"collection":[{"href":"https:\/\/sezona.lv\/en\/wp-json\/wp\/v2\/product"}],"about":[{"href":"https:\/\/sezona.lv\/en\/wp-json\/wp\/v2\/types\/product"}],"wp:attachment":[{"href":"https:\/\/sezona.lv\/en\/wp-json\/wp\/v2\/media?parent=76680"}],"wp:term":[{"taxonomy":"product_brand","embeddable":true,"href":"https:\/\/sezona.lv\/en\/wp-json\/wp\/v2\/product_brand?post=76680"},{"taxonomy":"product_cat","embeddable":true,"href":"https:\/\/sezona.lv\/en\/wp-json\/wp\/v2\/product_cat?post=76680"},{"taxonomy":"product_tag","embeddable":true,"href":"https:\/\/sezona.lv\/en\/wp-json\/wp\/v2\/product_tag?post=76680"}],"curies":[{"name":"wp","href":"https:\/\/api.w.org\/{rel}","templated":true}]}}