{"id":76681,"date":"2025-07-11T15:53:23","date_gmt":"2025-07-11T12:53:23","guid":{"rendered":"https:\/\/demo8.ecube.lv\/sezona.lv\/products\/norfin-hermetiskais-telefona-macins-dry-case-02\/"},"modified":"2025-07-14T14:54:59","modified_gmt":"2025-07-14T11:54:59","slug":"norfin-hermetiskais-telefona-macins-dry-case-02","status":"publish","type":"product","link":"https:\/\/sezona.lv\/en\/products\/norfin-hermetiskais-telefona-macins-dry-case-02\/","title":{"rendered":"Norfin herm\u0113tiskais telefona maci\u0146\u0161 Dry Case 02"},"content":{"rendered":"<ul>\n<li>Lieliski piem\u0113rots maza un vid\u0113ja izm\u0113ra mobilajiem telefoniem, diametr\u0101 l\u012bdz 5 coll\u0101m.<\/li>\n<li>Maci\u0146a virsma ir sk\u0101rien j\u016bt\u012bga, t\u0101d\u0113\u013c dro&scaron;i var\u0113siet izmantot savu mobilo telefonu neiz\u0146emot no maci\u0146a.<\/li>\n<\/ul>\n<h4 class=\"table_title\">\u012apa&scaron;\u012bbas un materi\u0101li<\/h4>\n<table class=\"spec\" border=\"0\">\n<tbody>\n<tr>\n<td>Izm\u0113rs (cm)<\/td>\n<td>10\u044522<\/td>\n<\/tr>\n<tr>\n<td>Svars (kg)<\/td>\n<td>0,035<\/td>\n<\/tr>\n<tr>\n<td>Materi\u0101ls<\/td>\n<td>210T Poliesters TPU<\/td>\n<\/tr>\n<tr>\n<td>Elementi<\/td>\n<td>DuraFlex<\/td>\n<\/tr>\n<\/tbody>\n<\/table>\n","protected":false},"excerpt":{"rendered":"<p>Lieliski piem\u0113rots maza un vid\u0113ja izm\u0113ra mobilajiem telefoniem, diametr\u0101 l\u012bdz 5 coll\u0101m. Maci\u0146a virsma ir sk\u0101rien j\u016bt\u012bga, t\u0101d\u0113\u013c dro&scaron;i var\u0113siet izmantot savu mobilo telefonu neiz\u0146emot no maci\u0146a. \u012apa&scaron;\u012bbas un materi\u0101li Izm\u0113rs (cm) 10\u044522 Svars (kg) 0,035 Materi\u0101ls 210T Poliesters TPU Elementi DuraFlex<\/p>\n","protected":false},"featured_media":62496,"template":"","meta":[],"product_brand":[899],"product_cat":[4538,4556],"product_tag":[],"class_list":{"0":"post-76681","1":"product","2":"type-product","3":"status-publish","4":"has-post-thumbnail","6":"product_brand-norfin","7":"product_cat-fishing-equipment-recreation","8":"product_cat-bags-boxes-fishing-equipment-recreation","10":"first","11":"instock","12":"shipping-taxable","13":"purchasable","14":"product-type-simple"},"_links":{"self":[{"href":"https:\/\/sezona.lv\/en\/wp-json\/wp\/v2\/product\/76681","targetHints":{"allow":["GET"]}}],"collection":[{"href":"https:\/\/sezona.lv\/en\/wp-json\/wp\/v2\/product"}],"about":[{"href":"https:\/\/sezona.lv\/en\/wp-json\/wp\/v2\/types\/product"}],"wp:featuredmedia":[{"embeddable":true,"href":"https:\/\/sezona.lv\/en\/wp-json\/wp\/v2\/media\/62496"}],"wp:attachment":[{"href":"https:\/\/sezona.lv\/en\/wp-json\/wp\/v2\/media?parent=76681"}],"wp:term":[{"taxonomy":"product_brand","embeddable":true,"href":"https:\/\/sezona.lv\/en\/wp-json\/wp\/v2\/product_brand?post=76681"},{"taxonomy":"product_cat","embeddable":true,"href":"https:\/\/sezona.lv\/en\/wp-json\/wp\/v2\/product_cat?post=76681"},{"taxonomy":"product_tag","embeddable":true,"href":"https:\/\/sezona.lv\/en\/wp-json\/wp\/v2\/product_tag?post=76681"}],"curies":[{"name":"wp","href":"https:\/\/api.w.org\/{rel}","templated":true}]}}