{"id":76682,"date":"2025-07-11T15:53:25","date_gmt":"2025-07-11T12:53:25","guid":{"rendered":"https:\/\/demo8.ecube.lv\/sezona.lv\/products\/norfin-hermetiskais-plansetes-macins-dry-case-03\/"},"modified":"2025-07-14T14:55:00","modified_gmt":"2025-07-14T11:55:00","slug":"norfin-hermetiskais-plansetes-macins-dry-case-03","status":"publish","type":"product","link":"https:\/\/sezona.lv\/en\/products\/norfin-hermetiskais-plansetes-macins-dry-case-03\/","title":{"rendered":"Norfin herm\u0113tiskais plan\u0161etes maci\u0146\u0161 Dry Case 03"},"content":{"rendered":"<ul>\n<li>Lieliski piem\u0113rots plan&scaron;etdatoriem, diametr\u0101 l\u012bdz 7,9 coll\u0101m<\/li>\n<li>Maci\u0146a virsma ir sk\u0101rien j\u016bt\u012bga, t\u0101d\u0113\u013c dro&scaron;i var\u0113siet izmantot savu mobilo telefonu neiz\u0146emot no maci\u0146a<\/li>\n<li>Divas kabatas maci\u0146a mugurpus\u0113, no kur\u0101m viena ir apr\u012bkota ar \u016bdensdro&scaron;u r\u0101v\u0113jsl\u0113dz\u0113ju<\/li>\n<\/ul>\n<h4 class=\"table_title\">\u012apa&scaron;\u012bbas un materi\u0101li<\/h4>\n<table class=\"spec\" border=\"0\">\n<tbody>\n<tr>\n<td>Izm\u0113rs (cm)<\/td>\n<td>17&#215;27<\/td>\n<\/tr>\n<tr>\n<td>Svars (kg)<\/td>\n<td>0,05<\/td>\n<\/tr>\n<tr>\n<td>Materi\u0101ls<\/td>\n<td>150D Oxford TPU<\/td>\n<\/tr>\n<\/tbody>\n<\/table>\n","protected":false},"excerpt":{"rendered":"<p>Lieliski piem\u0113rots plan&scaron;etdatoriem, diametr\u0101 l\u012bdz 7,9 coll\u0101m Maci\u0146a virsma ir sk\u0101rien j\u016bt\u012bga, t\u0101d\u0113\u013c dro&scaron;i var\u0113siet izmantot savu mobilo telefonu neiz\u0146emot no maci\u0146a Divas kabatas maci\u0146a mugurpus\u0113, no kur\u0101m viena ir apr\u012bkota ar \u016bdensdro&scaron;u r\u0101v\u0113jsl\u0113dz\u0113ju \u012apa&scaron;\u012bbas un materi\u0101li Izm\u0113rs (cm) 17&#215;27 Svars (kg) 0,05 Materi\u0101ls 150D Oxford TPU<\/p>\n","protected":false},"featured_media":62501,"template":"","meta":[],"product_brand":[899],"product_cat":[4538,4556],"product_tag":[],"class_list":{"0":"post-76682","1":"product","2":"type-product","3":"status-publish","4":"has-post-thumbnail","6":"product_brand-norfin","7":"product_cat-fishing-equipment-recreation","8":"product_cat-bags-boxes-fishing-equipment-recreation","10":"first","11":"instock","12":"shipping-taxable","13":"purchasable","14":"product-type-simple"},"_links":{"self":[{"href":"https:\/\/sezona.lv\/en\/wp-json\/wp\/v2\/product\/76682","targetHints":{"allow":["GET"]}}],"collection":[{"href":"https:\/\/sezona.lv\/en\/wp-json\/wp\/v2\/product"}],"about":[{"href":"https:\/\/sezona.lv\/en\/wp-json\/wp\/v2\/types\/product"}],"wp:featuredmedia":[{"embeddable":true,"href":"https:\/\/sezona.lv\/en\/wp-json\/wp\/v2\/media\/62501"}],"wp:attachment":[{"href":"https:\/\/sezona.lv\/en\/wp-json\/wp\/v2\/media?parent=76682"}],"wp:term":[{"taxonomy":"product_brand","embeddable":true,"href":"https:\/\/sezona.lv\/en\/wp-json\/wp\/v2\/product_brand?post=76682"},{"taxonomy":"product_cat","embeddable":true,"href":"https:\/\/sezona.lv\/en\/wp-json\/wp\/v2\/product_cat?post=76682"},{"taxonomy":"product_tag","embeddable":true,"href":"https:\/\/sezona.lv\/en\/wp-json\/wp\/v2\/product_tag?post=76682"}],"curies":[{"name":"wp","href":"https:\/\/api.w.org\/{rel}","templated":true}]}}