{"id":76683,"date":"2025-07-11T15:53:31","date_gmt":"2025-07-11T12:53:31","guid":{"rendered":"https:\/\/demo8.ecube.lv\/sezona.lv\/products\/novuss-pro-galds\/"},"modified":"2025-07-14T14:55:01","modified_gmt":"2025-07-14T11:55:01","slug":"novuss-pro-galds","status":"publish","type":"product","link":"https:\/\/sezona.lv\/en\/products\/novuss-pro-galds\/","title":{"rendered":"Novuss PRO galds"},"content":{"rendered":"<div class=\"std\">Augstas kvalit\u0101tes Latvij\u0101 ra\u017eots novuss.<br \/>Bortu izm\u0113rs 45&#215;60 mm b\u0113rzs, osis<\/div>\n<div class=\"std\">\n<table border=\"0\" cellspacing=\"0\" cellpadding=\"0\" width=\"103\">\n<tbody>\n<tr>\n<td class=\"xl65\" width=\"103\" height=\"77\">komplekt\u0101cij\u0101 tikai galds, bez kij\u0101m un kauli\u0146iem<\/p>\n<\/td>\n<\/tr>\n<\/tbody>\n<\/table>\n<\/div>\n","protected":false},"excerpt":{"rendered":"<p>Augstas kvalit\u0101tes Latvij\u0101 ra\u017eots novuss.Bortu izm\u0113rs 45&#215;60 mm b\u0113rzs, osis komplekt\u0101cij\u0101 tikai galds, bez kij\u0101m un kauli\u0146iem<\/p>\n","protected":false},"featured_media":62506,"template":"","meta":[],"product_brand":[],"product_cat":[4579,4856],"product_tag":[],"class_list":{"0":"post-76683","1":"product","2":"type-product","3":"status-publish","4":"has-post-thumbnail","6":"product_cat-board-games-recreation","7":"product_cat-novus-and-accessories-board-games-recreation","9":"first","10":"instock","11":"shipping-taxable","12":"purchasable","13":"product-type-simple"},"_links":{"self":[{"href":"https:\/\/sezona.lv\/en\/wp-json\/wp\/v2\/product\/76683","targetHints":{"allow":["GET"]}}],"collection":[{"href":"https:\/\/sezona.lv\/en\/wp-json\/wp\/v2\/product"}],"about":[{"href":"https:\/\/sezona.lv\/en\/wp-json\/wp\/v2\/types\/product"}],"wp:featuredmedia":[{"embeddable":true,"href":"https:\/\/sezona.lv\/en\/wp-json\/wp\/v2\/media\/62506"}],"wp:attachment":[{"href":"https:\/\/sezona.lv\/en\/wp-json\/wp\/v2\/media?parent=76683"}],"wp:term":[{"taxonomy":"product_brand","embeddable":true,"href":"https:\/\/sezona.lv\/en\/wp-json\/wp\/v2\/product_brand?post=76683"},{"taxonomy":"product_cat","embeddable":true,"href":"https:\/\/sezona.lv\/en\/wp-json\/wp\/v2\/product_cat?post=76683"},{"taxonomy":"product_tag","embeddable":true,"href":"https:\/\/sezona.lv\/en\/wp-json\/wp\/v2\/product_tag?post=76683"}],"curies":[{"name":"wp","href":"https:\/\/api.w.org\/{rel}","templated":true}]}}