{"id":76684,"date":"2025-07-14T14:55:02","date_gmt":"2025-07-14T11:55:02","guid":{"rendered":"https:\/\/demo8.ecube.lv\/sezona.lv\/products\/novusa-kopsanas-lidzeklis-meduskoks-speed-effect-100ml\/"},"modified":"2025-07-14T14:55:02","modified_gmt":"2025-07-14T11:55:02","slug":"novusa-kopsanas-lidzeklis-meduskoks-speed-effect-100ml","status":"publish","type":"product","link":"https:\/\/sezona.lv\/en\/products\/novusa-kopsanas-lidzeklis-meduskoks-speed-effect-100ml\/","title":{"rendered":"Novusa kop\u0161anas l\u012bdzeklis MedusKoks &#8221;SPEED EFFECT&#8221; 100ML"},"content":{"rendered":"<p>Novusa kop&scaron;anas l\u012bdzeklis MedusKoks &#8221;SPEED EFFECT&#8221; 100ML<\/p>\n","protected":false},"excerpt":{"rendered":"<p>Novusa kop&scaron;anas l\u012bdzeklis MedusKoks &#8221;SPEED EFFECT&#8221; 100ML<\/p>\n","protected":false},"featured_media":0,"template":"","meta":[],"product_brand":[],"product_cat":[4579,4640,4856],"product_tag":[],"class_list":{"0":"post-76684","1":"product","2":"type-product","3":"status-publish","5":"product_cat-board-games-recreation","6":"product_cat-recreation","7":"product_cat-novus-and-accessories-board-games-recreation","9":"first","10":"instock","11":"shipping-taxable","12":"purchasable","13":"product-type-simple"},"_links":{"self":[{"href":"https:\/\/sezona.lv\/en\/wp-json\/wp\/v2\/product\/76684","targetHints":{"allow":["GET"]}}],"collection":[{"href":"https:\/\/sezona.lv\/en\/wp-json\/wp\/v2\/product"}],"about":[{"href":"https:\/\/sezona.lv\/en\/wp-json\/wp\/v2\/types\/product"}],"wp:attachment":[{"href":"https:\/\/sezona.lv\/en\/wp-json\/wp\/v2\/media?parent=76684"}],"wp:term":[{"taxonomy":"product_brand","embeddable":true,"href":"https:\/\/sezona.lv\/en\/wp-json\/wp\/v2\/product_brand?post=76684"},{"taxonomy":"product_cat","embeddable":true,"href":"https:\/\/sezona.lv\/en\/wp-json\/wp\/v2\/product_cat?post=76684"},{"taxonomy":"product_tag","embeddable":true,"href":"https:\/\/sezona.lv\/en\/wp-json\/wp\/v2\/product_tag?post=76684"}],"curies":[{"name":"wp","href":"https:\/\/api.w.org\/{rel}","templated":true}]}}