{"id":76685,"date":"2025-07-11T15:53:33","date_gmt":"2025-07-11T12:53:33","guid":{"rendered":"https:\/\/demo8.ecube.lv\/sezona.lv\/products\/augstas-kvalitates-novusa-kaulinu-komplekts-elite\/"},"modified":"2025-07-14T14:55:03","modified_gmt":"2025-07-14T11:55:03","slug":"augstas-kvalitates-novusa-kaulinu-komplekts-elite","status":"publish","type":"product","link":"https:\/\/sezona.lv\/en\/products\/augstas-kvalitates-novusa-kaulinu-komplekts-elite\/","title":{"rendered":"Augstas kvalit\u0101tes novusa kauli\u0146u komplekts ELITE"},"content":{"rendered":"<p>Augstas kvalit\u0101tes kauli\u0146u komplekts ELITE ( kr\u0101sas: sarkani un melni, vai dzelteni un zili )<\/p>\n","protected":false},"excerpt":{"rendered":"<p>Augstas kvalit\u0101tes kauli\u0146u komplekts ELITE ( kr\u0101sas: sarkani un melni, vai dzelteni un zili )<\/p>\n","protected":false},"featured_media":62509,"template":"","meta":[],"product_brand":[],"product_cat":[4579,4856],"product_tag":[],"class_list":{"0":"post-76685","1":"product","2":"type-product","3":"status-publish","4":"has-post-thumbnail","6":"product_cat-board-games-recreation","7":"product_cat-novus-and-accessories-board-games-recreation","9":"first","10":"instock","11":"shipping-taxable","12":"purchasable","13":"product-type-simple"},"_links":{"self":[{"href":"https:\/\/sezona.lv\/en\/wp-json\/wp\/v2\/product\/76685","targetHints":{"allow":["GET"]}}],"collection":[{"href":"https:\/\/sezona.lv\/en\/wp-json\/wp\/v2\/product"}],"about":[{"href":"https:\/\/sezona.lv\/en\/wp-json\/wp\/v2\/types\/product"}],"wp:featuredmedia":[{"embeddable":true,"href":"https:\/\/sezona.lv\/en\/wp-json\/wp\/v2\/media\/62509"}],"wp:attachment":[{"href":"https:\/\/sezona.lv\/en\/wp-json\/wp\/v2\/media?parent=76685"}],"wp:term":[{"taxonomy":"product_brand","embeddable":true,"href":"https:\/\/sezona.lv\/en\/wp-json\/wp\/v2\/product_brand?post=76685"},{"taxonomy":"product_cat","embeddable":true,"href":"https:\/\/sezona.lv\/en\/wp-json\/wp\/v2\/product_cat?post=76685"},{"taxonomy":"product_tag","embeddable":true,"href":"https:\/\/sezona.lv\/en\/wp-json\/wp\/v2\/product_tag?post=76685"}],"curies":[{"name":"wp","href":"https:\/\/api.w.org\/{rel}","templated":true}]}}