{"id":76693,"date":"2025-07-11T15:53:40","date_gmt":"2025-07-11T12:53:40","guid":{"rendered":"https:\/\/demo8.ecube.lv\/sezona.lv\/products\/stiga-goalies-white-white-galda-hokeja-vartsargu-komplekts\/"},"modified":"2025-07-14T14:55:12","modified_gmt":"2025-07-14T11:55:12","slug":"stiga-goalies-white-white-galda-hokeja-vartsargu-komplekts","status":"publish","type":"product","link":"https:\/\/sezona.lv\/en\/products\/stiga-goalies-white-white-galda-hokeja-vartsargu-komplekts\/","title":{"rendered":"Stiga Goalies White\/White galda hokeja v\u0101rtsargu komplekts"},"content":{"rendered":"<p><span>&#8211; Komplekt\u0101 ietilpst 2 v\u0101rtsargi.<\/span><br \/><span>&#8211; Dizains: 60 gadu v\u0101rtsarga ekip\u0113jums.<\/span><br \/><span>&#8211; Kr\u0101sa: balta.<\/span><\/p>\n","protected":false},"excerpt":{"rendered":"<p>&#8211; Komplekt\u0101 ietilpst 2 v\u0101rtsargi.&#8211; Dizains: 60 gadu v\u0101rtsarga ekip\u0113jums.&#8211; Kr\u0101sa: balta.<\/p>\n","protected":false},"featured_media":62533,"template":"","meta":[],"product_brand":[898],"product_cat":[4579,4857],"product_tag":[],"class_list":{"0":"post-76693","1":"product","2":"type-product","3":"status-publish","4":"has-post-thumbnail","6":"product_brand-stiga","7":"product_cat-board-games-recreation","8":"product_cat-table-games-and-accessories-board-games-recreation","10":"first","11":"instock","12":"shipping-taxable","13":"purchasable","14":"product-type-simple"},"_links":{"self":[{"href":"https:\/\/sezona.lv\/en\/wp-json\/wp\/v2\/product\/76693","targetHints":{"allow":["GET"]}}],"collection":[{"href":"https:\/\/sezona.lv\/en\/wp-json\/wp\/v2\/product"}],"about":[{"href":"https:\/\/sezona.lv\/en\/wp-json\/wp\/v2\/types\/product"}],"wp:featuredmedia":[{"embeddable":true,"href":"https:\/\/sezona.lv\/en\/wp-json\/wp\/v2\/media\/62533"}],"wp:attachment":[{"href":"https:\/\/sezona.lv\/en\/wp-json\/wp\/v2\/media?parent=76693"}],"wp:term":[{"taxonomy":"product_brand","embeddable":true,"href":"https:\/\/sezona.lv\/en\/wp-json\/wp\/v2\/product_brand?post=76693"},{"taxonomy":"product_cat","embeddable":true,"href":"https:\/\/sezona.lv\/en\/wp-json\/wp\/v2\/product_cat?post=76693"},{"taxonomy":"product_tag","embeddable":true,"href":"https:\/\/sezona.lv\/en\/wp-json\/wp\/v2\/product_tag?post=76693"}],"curies":[{"name":"wp","href":"https:\/\/api.w.org\/{rel}","templated":true}]}}