{"id":76694,"date":"2025-07-11T15:53:41","date_gmt":"2025-07-11T12:53:41","guid":{"rendered":"https:\/\/demo8.ecube.lv\/sezona.lv\/products\/stiga-goal-counter-strip-galda-hokeja-vartu-skaititaji\/"},"modified":"2025-07-14T14:55:13","modified_gmt":"2025-07-14T11:55:13","slug":"stiga-goal-counter-strip-galda-hokeja-vartu-skaititaji","status":"publish","type":"product","link":"https:\/\/sezona.lv\/en\/products\/stiga-goal-counter-strip-galda-hokeja-vartu-skaititaji\/","title":{"rendered":"Stiga Goal Counter Strip galda hokeja v\u0101rtu skait\u012bt\u0101ji"},"content":{"rendered":"<p>&#8211; Cena ietipst divi skait\u012bt\u0101ji.<br \/>&#8211; Kr\u0101sa: balta\/sarkana.<\/p>\n","protected":false},"excerpt":{"rendered":"<p>&#8211; Cena ietipst divi skait\u012bt\u0101ji.&#8211; Kr\u0101sa: balta\/sarkana.<\/p>\n","protected":false},"featured_media":62536,"template":"","meta":[],"product_brand":[898],"product_cat":[4579,4857],"product_tag":[],"class_list":{"0":"post-76694","1":"product","2":"type-product","3":"status-publish","4":"has-post-thumbnail","6":"product_brand-stiga","7":"product_cat-board-games-recreation","8":"product_cat-table-games-and-accessories-board-games-recreation","10":"first","11":"instock","12":"shipping-taxable","13":"purchasable","14":"product-type-simple"},"_links":{"self":[{"href":"https:\/\/sezona.lv\/en\/wp-json\/wp\/v2\/product\/76694","targetHints":{"allow":["GET"]}}],"collection":[{"href":"https:\/\/sezona.lv\/en\/wp-json\/wp\/v2\/product"}],"about":[{"href":"https:\/\/sezona.lv\/en\/wp-json\/wp\/v2\/types\/product"}],"wp:featuredmedia":[{"embeddable":true,"href":"https:\/\/sezona.lv\/en\/wp-json\/wp\/v2\/media\/62536"}],"wp:attachment":[{"href":"https:\/\/sezona.lv\/en\/wp-json\/wp\/v2\/media?parent=76694"}],"wp:term":[{"taxonomy":"product_brand","embeddable":true,"href":"https:\/\/sezona.lv\/en\/wp-json\/wp\/v2\/product_brand?post=76694"},{"taxonomy":"product_cat","embeddable":true,"href":"https:\/\/sezona.lv\/en\/wp-json\/wp\/v2\/product_cat?post=76694"},{"taxonomy":"product_tag","embeddable":true,"href":"https:\/\/sezona.lv\/en\/wp-json\/wp\/v2\/product_tag?post=76694"}],"curies":[{"name":"wp","href":"https:\/\/api.w.org\/{rel}","templated":true}]}}