{"id":76697,"date":"2025-07-11T15:53:44","date_gmt":"2025-07-11T12:53:44","guid":{"rendered":"https:\/\/demo8.ecube.lv\/sezona.lv\/products\/stiga-control-rod-galda-hokeja-speletaja-vadosais-stienis\/"},"modified":"2025-07-14T14:55:15","modified_gmt":"2025-07-14T11:55:15","slug":"stiga-control-rod-galda-hokeja-speletaja-vadosais-stienis","status":"publish","type":"product","link":"https:\/\/sezona.lv\/en\/products\/stiga-control-rod-galda-hokeja-speletaja-vadosais-stienis\/","title":{"rendered":"Stiga Control Rod galda hokeja sp\u0113l\u0113t\u0101ja vado\u0161ais stienis"},"content":{"rendered":"<table border=\"0\" cellspacing=\"0\" cellpadding=\"0\" width=\"268\">\n<tbody>\n<tr>\n<td class=\"xl68\" width=\"268\" height=\"51\">Stienis(centr\u0101lais,v\u0101rtsarga,labais   un kreisais uzbr\u016bc\u0113js,labais un kreisais aizsargi)<\/td>\n<\/tr>\n<\/tbody>\n<\/table>\n","protected":false},"excerpt":{"rendered":"<p>Stienis(centr\u0101lais,v\u0101rtsarga,labais un kreisais uzbr\u016bc\u0113js,labais un kreisais aizsargi)<\/p>\n","protected":false},"featured_media":62545,"template":"","meta":[],"product_brand":[898],"product_cat":[4579,4857],"product_tag":[],"class_list":{"0":"post-76697","1":"product","2":"type-product","3":"status-publish","4":"has-post-thumbnail","6":"product_brand-stiga","7":"product_cat-board-games-recreation","8":"product_cat-table-games-and-accessories-board-games-recreation","10":"first","11":"instock","12":"shipping-taxable","13":"purchasable","14":"product-type-simple"},"_links":{"self":[{"href":"https:\/\/sezona.lv\/en\/wp-json\/wp\/v2\/product\/76697","targetHints":{"allow":["GET"]}}],"collection":[{"href":"https:\/\/sezona.lv\/en\/wp-json\/wp\/v2\/product"}],"about":[{"href":"https:\/\/sezona.lv\/en\/wp-json\/wp\/v2\/types\/product"}],"wp:featuredmedia":[{"embeddable":true,"href":"https:\/\/sezona.lv\/en\/wp-json\/wp\/v2\/media\/62545"}],"wp:attachment":[{"href":"https:\/\/sezona.lv\/en\/wp-json\/wp\/v2\/media?parent=76697"}],"wp:term":[{"taxonomy":"product_brand","embeddable":true,"href":"https:\/\/sezona.lv\/en\/wp-json\/wp\/v2\/product_brand?post=76697"},{"taxonomy":"product_cat","embeddable":true,"href":"https:\/\/sezona.lv\/en\/wp-json\/wp\/v2\/product_cat?post=76697"},{"taxonomy":"product_tag","embeddable":true,"href":"https:\/\/sezona.lv\/en\/wp-json\/wp\/v2\/product_tag?post=76697"}],"curies":[{"name":"wp","href":"https:\/\/api.w.org\/{rel}","templated":true}]}}