{"id":76698,"date":"2025-07-11T15:53:45","date_gmt":"2025-07-11T12:53:45","guid":{"rendered":"https:\/\/demo8.ecube.lv\/sezona.lv\/products\/stiga-plexiglas-galda-hokeja-borts\/"},"modified":"2025-07-14T14:55:16","modified_gmt":"2025-07-14T11:55:16","slug":"stiga-plexiglas-galda-hokeja-borts","status":"publish","type":"product","link":"https:\/\/sezona.lv\/en\/products\/stiga-plexiglas-galda-hokeja-borts\/","title":{"rendered":"Stiga Plexiglas galda hokeja borts"},"content":{"rendered":"<p><span>&#8211; Aizsargstikls kas stiprin\u0101s uz borta.<\/span><br \/><span>&#8211; Kr\u0101sa: caurspid\u012bgs.<\/span><\/p>\n","protected":false},"excerpt":{"rendered":"<p>&#8211; Aizsargstikls kas stiprin\u0101s uz borta.&#8211; Kr\u0101sa: caurspid\u012bgs.<\/p>\n","protected":false},"featured_media":62548,"template":"","meta":[],"product_brand":[898],"product_cat":[4579,4857],"product_tag":[],"class_list":{"0":"post-76698","1":"product","2":"type-product","3":"status-publish","4":"has-post-thumbnail","6":"product_brand-stiga","7":"product_cat-board-games-recreation","8":"product_cat-table-games-and-accessories-board-games-recreation","10":"first","11":"instock","12":"shipping-taxable","13":"purchasable","14":"product-type-simple"},"_links":{"self":[{"href":"https:\/\/sezona.lv\/en\/wp-json\/wp\/v2\/product\/76698","targetHints":{"allow":["GET"]}}],"collection":[{"href":"https:\/\/sezona.lv\/en\/wp-json\/wp\/v2\/product"}],"about":[{"href":"https:\/\/sezona.lv\/en\/wp-json\/wp\/v2\/types\/product"}],"wp:featuredmedia":[{"embeddable":true,"href":"https:\/\/sezona.lv\/en\/wp-json\/wp\/v2\/media\/62548"}],"wp:attachment":[{"href":"https:\/\/sezona.lv\/en\/wp-json\/wp\/v2\/media?parent=76698"}],"wp:term":[{"taxonomy":"product_brand","embeddable":true,"href":"https:\/\/sezona.lv\/en\/wp-json\/wp\/v2\/product_brand?post=76698"},{"taxonomy":"product_cat","embeddable":true,"href":"https:\/\/sezona.lv\/en\/wp-json\/wp\/v2\/product_cat?post=76698"},{"taxonomy":"product_tag","embeddable":true,"href":"https:\/\/sezona.lv\/en\/wp-json\/wp\/v2\/product_tag?post=76698"}],"curies":[{"name":"wp","href":"https:\/\/api.w.org\/{rel}","templated":true}]}}