{"id":76710,"date":"2025-07-11T15:54:02","date_gmt":"2025-07-11T12:54:02","guid":{"rendered":"https:\/\/demo8.ecube.lv\/sezona.lv\/products\/stiga-galda-futbols-world-champs\/"},"modified":"2025-07-14T14:55:28","modified_gmt":"2025-07-14T11:55:28","slug":"stiga-galda-futbols-world-champs","status":"publish","type":"product","link":"https:\/\/sezona.lv\/en\/products\/stiga-galda-futbols-world-champs\/","title":{"rendered":"Stiga Galda Futbols \u00abWorld Champs\u00bb"},"content":{"rendered":"<p><span>Galda futbols.<\/span><br \/><span>Komplekt\u0101cij\u0101 ietilpst sp\u0113les galds, 2 sp\u0113l\u0113t\u0101ju komandas, 2 v\u0101rti, 2 skait\u012bt\u0101ji, 4 k\u0101ji\u0146as, 2 bumbas.<\/span><\/p>\n","protected":false},"excerpt":{"rendered":"<p>Galda futbols.Komplekt\u0101cij\u0101 ietilpst sp\u0113les galds, 2 sp\u0113l\u0113t\u0101ju komandas, 2 v\u0101rti, 2 skait\u012bt\u0101ji, 4 k\u0101ji\u0146as, 2 bumbas.<\/p>\n","protected":false},"featured_media":62584,"template":"","meta":[],"product_brand":[898],"product_cat":[4579,4857],"product_tag":[],"class_list":{"0":"post-76710","1":"product","2":"type-product","3":"status-publish","4":"has-post-thumbnail","6":"product_brand-stiga","7":"product_cat-board-games-recreation","8":"product_cat-table-games-and-accessories-board-games-recreation","10":"first","11":"instock","12":"shipping-taxable","13":"purchasable","14":"product-type-simple"},"_links":{"self":[{"href":"https:\/\/sezona.lv\/en\/wp-json\/wp\/v2\/product\/76710","targetHints":{"allow":["GET"]}}],"collection":[{"href":"https:\/\/sezona.lv\/en\/wp-json\/wp\/v2\/product"}],"about":[{"href":"https:\/\/sezona.lv\/en\/wp-json\/wp\/v2\/types\/product"}],"wp:featuredmedia":[{"embeddable":true,"href":"https:\/\/sezona.lv\/en\/wp-json\/wp\/v2\/media\/62584"}],"wp:attachment":[{"href":"https:\/\/sezona.lv\/en\/wp-json\/wp\/v2\/media?parent=76710"}],"wp:term":[{"taxonomy":"product_brand","embeddable":true,"href":"https:\/\/sezona.lv\/en\/wp-json\/wp\/v2\/product_brand?post=76710"},{"taxonomy":"product_cat","embeddable":true,"href":"https:\/\/sezona.lv\/en\/wp-json\/wp\/v2\/product_cat?post=76710"},{"taxonomy":"product_tag","embeddable":true,"href":"https:\/\/sezona.lv\/en\/wp-json\/wp\/v2\/product_tag?post=76710"}],"curies":[{"name":"wp","href":"https:\/\/api.w.org\/{rel}","templated":true}]}}