{"id":76711,"date":"2025-07-11T15:54:04","date_gmt":"2025-07-11T12:54:04","guid":{"rendered":"https:\/\/demo8.ecube.lv\/sezona.lv\/products\/velotrenazieris-christopeit-mb-3-belt-brake\/"},"modified":"2025-07-14T14:55:29","modified_gmt":"2025-07-14T11:55:29","slug":"velotrenazieris-christopeit-mb-3-belt-brake","status":"publish","type":"product","link":"https:\/\/sezona.lv\/en\/products\/velotrenazieris-christopeit-mb-3-belt-brake\/","title":{"rendered":"Velotrena\u017eieris Christopeit MB 3 belt-brake"},"content":{"rendered":"<div class=\"simple-content\">\n<p><strong>Christopeit velotrena\u017eieris Mini Bike MB 3<\/strong><\/p>\n<p>\u012apa&scaron;i gados vec\u0101kiem cilv\u0113kiem<\/p>\n<p>Ped\u0101\u013ci ar regul\u0113jam\u0101m siksn\u0101m<\/p>\n<p>Treni\u0146i k\u0101ju un roku musku\u013ciem, s\u0113\u017eot<\/p>\n<p>Manu\u0101l\u0101 piedzi\u0146a &bull; regul\u0113jama brem\u017eu sist\u0113ma<\/p>\n<p>Spara rata masa:&nbsp;5,5 kg<\/p>\n<p>Rokturis \u0113rtai p\u0101rn\u0113s\u0101&scaron;anai<\/p>\n<p>Dators r\u0101da: laiks, kalorijas un att\u0101lums<\/p>\n<p>Izm\u0113rs. L 50 x W 42 x H 31 cm<\/p>\n<\/div>\n","protected":false},"excerpt":{"rendered":"<p>Christopeit velotrena\u017eieris Mini Bike MB 3 \u012apa&scaron;i gados vec\u0101kiem cilv\u0113kiem Ped\u0101\u013ci ar regul\u0113jam\u0101m siksn\u0101m Treni\u0146i k\u0101ju un roku musku\u013ciem, s\u0113\u017eot Manu\u0101l\u0101 piedzi\u0146a &bull; regul\u0113jama brem\u017eu sist\u0113ma Spara rata masa:&nbsp;5,5 kg Rokturis \u0113rtai p\u0101rn\u0113s\u0101&scaron;anai Dators r\u0101da: laiks, kalorijas un att\u0101lums Izm\u0113rs. L 50 x W 42 x H 31 cm<\/p>\n","protected":false},"featured_media":62589,"template":"","meta":[],"product_brand":[897],"product_cat":[4588,4589],"product_tag":[],"class_list":{"0":"post-76711","1":"product","2":"type-product","3":"status-publish","4":"has-post-thumbnail","6":"product_brand-christopeit","7":"product_cat-trainers-sports","8":"product_cat-bicycle-trainers-trainers-sports","10":"first","11":"instock","12":"shipping-taxable","13":"purchasable","14":"product-type-simple"},"_links":{"self":[{"href":"https:\/\/sezona.lv\/en\/wp-json\/wp\/v2\/product\/76711","targetHints":{"allow":["GET"]}}],"collection":[{"href":"https:\/\/sezona.lv\/en\/wp-json\/wp\/v2\/product"}],"about":[{"href":"https:\/\/sezona.lv\/en\/wp-json\/wp\/v2\/types\/product"}],"wp:featuredmedia":[{"embeddable":true,"href":"https:\/\/sezona.lv\/en\/wp-json\/wp\/v2\/media\/62589"}],"wp:attachment":[{"href":"https:\/\/sezona.lv\/en\/wp-json\/wp\/v2\/media?parent=76711"}],"wp:term":[{"taxonomy":"product_brand","embeddable":true,"href":"https:\/\/sezona.lv\/en\/wp-json\/wp\/v2\/product_brand?post=76711"},{"taxonomy":"product_cat","embeddable":true,"href":"https:\/\/sezona.lv\/en\/wp-json\/wp\/v2\/product_cat?post=76711"},{"taxonomy":"product_tag","embeddable":true,"href":"https:\/\/sezona.lv\/en\/wp-json\/wp\/v2\/product_tag?post=76711"}],"curies":[{"name":"wp","href":"https:\/\/api.w.org\/{rel}","templated":true}]}}