{"id":76712,"date":"2025-07-11T15:54:06","date_gmt":"2025-07-11T12:54:06","guid":{"rendered":"https:\/\/demo8.ecube.lv\/sezona.lv\/products\/steperis-christopeit-walker-silver\/"},"modified":"2025-07-14T14:55:30","modified_gmt":"2025-07-14T11:55:30","slug":"steperis-christopeit-walker-silver","status":"publish","type":"product","link":"https:\/\/sezona.lv\/en\/products\/steperis-christopeit-walker-silver\/","title":{"rendered":"Steperis Christopeit Walker silver"},"content":{"rendered":"<p>&nbsp;<\/p>\n<div class=\"ma-main-container col2-right-layout\">\n<div class=\"container\">\n<div class=\"main\">\n<div class=\"main-inner\">\n<div class=\"row\">\n<div class=\"col-main col-xs-12 col-sm-9\">\n<div class=\"product-view\">\n<div class=\"product-essential\">\n<div class=\"row\">\n<div class=\"product-shop col-sm-7 col-md-87 col-sms-8 col-smb-12\">\n<div class=\"short-description\">\n<div class=\"std\">Simul\u0113 sl\u0113po&scaron;anas kust\u012bbas<\/p>\n<p>&#8211; regul\u0113jams v\u0113dera bloks<br \/>&#8211; nodarbina liel\u0101ko da\u013cu musku\u013cu<br \/>&#8211; stepera dators uzr\u0101da laiku, nodedzin\u0101to kaloriju daudzumu un so\u013cus<br \/>&#8211; viegli salok\u0101ms<br \/>&#8211; stingrs un stabils r\u0101mis<br \/>&#8211; maksim\u0101lais svars: 100kg<\/p>\n<p>Izm\u0113rs: 80G x 60P x 148A cm<\/p><\/div>\n<\/div>\n<\/div>\n<\/div>\n<\/div>\n<\/div>\n<\/div>\n<\/div>\n<\/div>\n<\/div>\n<\/div>\n<\/div>\n","protected":false},"excerpt":{"rendered":"<p>&nbsp; Simul\u0113 sl\u0113po&scaron;anas kust\u012bbas &#8211; regul\u0113jams v\u0113dera bloks&#8211; nodarbina liel\u0101ko da\u013cu musku\u013cu&#8211; stepera dators uzr\u0101da laiku, nodedzin\u0101to kaloriju daudzumu un so\u013cus&#8211; viegli salok\u0101ms&#8211; stingrs un stabils r\u0101mis&#8211; maksim\u0101lais svars: 100kg Izm\u0113rs: 80G x 60P x 148A cm<\/p>\n","protected":false},"featured_media":62596,"template":"","meta":[],"product_brand":[897],"product_cat":[4588,4595],"product_tag":[],"class_list":{"0":"post-76712","1":"product","2":"type-product","3":"status-publish","4":"has-post-thumbnail","6":"product_brand-christopeit","7":"product_cat-trainers-sports","8":"product_cat-steppers-trainers-sports","10":"first","11":"instock","12":"shipping-taxable","13":"purchasable","14":"product-type-simple"},"_links":{"self":[{"href":"https:\/\/sezona.lv\/en\/wp-json\/wp\/v2\/product\/76712","targetHints":{"allow":["GET"]}}],"collection":[{"href":"https:\/\/sezona.lv\/en\/wp-json\/wp\/v2\/product"}],"about":[{"href":"https:\/\/sezona.lv\/en\/wp-json\/wp\/v2\/types\/product"}],"wp:featuredmedia":[{"embeddable":true,"href":"https:\/\/sezona.lv\/en\/wp-json\/wp\/v2\/media\/62596"}],"wp:attachment":[{"href":"https:\/\/sezona.lv\/en\/wp-json\/wp\/v2\/media?parent=76712"}],"wp:term":[{"taxonomy":"product_brand","embeddable":true,"href":"https:\/\/sezona.lv\/en\/wp-json\/wp\/v2\/product_brand?post=76712"},{"taxonomy":"product_cat","embeddable":true,"href":"https:\/\/sezona.lv\/en\/wp-json\/wp\/v2\/product_cat?post=76712"},{"taxonomy":"product_tag","embeddable":true,"href":"https:\/\/sezona.lv\/en\/wp-json\/wp\/v2\/product_tag?post=76712"}],"curies":[{"name":"wp","href":"https:\/\/api.w.org\/{rel}","templated":true}]}}