{"id":76713,"date":"2025-07-11T15:54:07","date_gmt":"2025-07-11T12:54:07","guid":{"rendered":"https:\/\/demo8.ecube.lv\/sezona.lv\/products\/christopeit-fitnesa-stacija-sp-20-xl\/"},"modified":"2025-07-14T14:55:31","modified_gmt":"2025-07-14T11:55:31","slug":"christopeit-fitnesa-stacija-sp-20-xl","status":"publish","type":"product","link":"https:\/\/sezona.lv\/en\/products\/christopeit-fitnesa-stacija-sp-20-xl\/","title":{"rendered":"Christopeit Fitnesa stacija SP 20 XL"},"content":{"rendered":"<p>&nbsp;<\/p>\n<div class=\"ma-main-container col2-right-layout\">\n<div class=\"container\">\n<div class=\"main\">\n<div class=\"main-inner\">\n<div class=\"row\">\n<div class=\"col-main col-xs-12 col-sm-9\">\n<div class=\"product-view\">\n<div class=\"product-essential\">\n<div class=\"row\">\n<div class=\"product-shop col-sm-7 col-md-87 col-sms-8 col-smb-12\">\n<div class=\"short-description\">\n<div class=\"std\">Maza fitnesa stacija ar kardiotreni\u0146iem m\u0101jas apst\u0101k\u013cos<\/p>\n<p>Vair\u0101k k\u0101 30 treni\u0146a iesp\u0113jas priek&scaron; pleciem, kr\u016bt\u012bm, muguras, k\u0101j\u0101m, v\u0113deram un rok\u0101m<br \/>Komfortabls s\u0113deklis ar augstuma regul\u0101ciju<br \/>Treni\u0146a slodzi var main\u012bt no 5-70kg<br \/>T\u0113rauda caurules 50mm biezum\u0101<br \/>Maksim\u0101lais \u0137erme\u0146a svars: 120kg<\/p>\n<p>Izm\u0113rs: 145Gx115Px200A cm<\/p><\/div>\n<\/div>\n<\/div>\n<\/div>\n<\/div>\n<\/div>\n<\/div>\n<\/div>\n<\/div>\n<\/div>\n<\/div>\n<\/div>\n","protected":false},"excerpt":{"rendered":"<p>&nbsp; Maza fitnesa stacija ar kardiotreni\u0146iem m\u0101jas apst\u0101k\u013cos Vair\u0101k k\u0101 30 treni\u0146a iesp\u0113jas priek&scaron; pleciem, kr\u016bt\u012bm, muguras, k\u0101j\u0101m, v\u0113deram un rok\u0101mKomfortabls s\u0113deklis ar augstuma regul\u0101cijuTreni\u0146a slodzi var main\u012bt no 5-70kgT\u0113rauda caurules 50mm biezum\u0101Maksim\u0101lais \u0137erme\u0146a svars: 120kg Izm\u0113rs: 145Gx115Px200A cm<\/p>\n","protected":false},"featured_media":62599,"template":"","meta":[],"product_brand":[897],"product_cat":[4588,4592],"product_tag":[],"class_list":{"0":"post-76713","1":"product","2":"type-product","3":"status-publish","4":"has-post-thumbnail","6":"product_brand-christopeit","7":"product_cat-trainers-sports","8":"product_cat-fitness-stations-trainers-sports","10":"first","11":"instock","12":"shipping-taxable","13":"purchasable","14":"product-type-simple"},"_links":{"self":[{"href":"https:\/\/sezona.lv\/en\/wp-json\/wp\/v2\/product\/76713","targetHints":{"allow":["GET"]}}],"collection":[{"href":"https:\/\/sezona.lv\/en\/wp-json\/wp\/v2\/product"}],"about":[{"href":"https:\/\/sezona.lv\/en\/wp-json\/wp\/v2\/types\/product"}],"wp:featuredmedia":[{"embeddable":true,"href":"https:\/\/sezona.lv\/en\/wp-json\/wp\/v2\/media\/62599"}],"wp:attachment":[{"href":"https:\/\/sezona.lv\/en\/wp-json\/wp\/v2\/media?parent=76713"}],"wp:term":[{"taxonomy":"product_brand","embeddable":true,"href":"https:\/\/sezona.lv\/en\/wp-json\/wp\/v2\/product_brand?post=76713"},{"taxonomy":"product_cat","embeddable":true,"href":"https:\/\/sezona.lv\/en\/wp-json\/wp\/v2\/product_cat?post=76713"},{"taxonomy":"product_tag","embeddable":true,"href":"https:\/\/sezona.lv\/en\/wp-json\/wp\/v2\/product_tag?post=76713"}],"curies":[{"name":"wp","href":"https:\/\/api.w.org\/{rel}","templated":true}]}}