{"id":76715,"date":"2025-07-11T15:54:10","date_gmt":"2025-07-11T12:54:10","guid":{"rendered":"https:\/\/demo8.ecube.lv\/sezona.lv\/products\/christopeit-kicker-roma-red\/"},"modified":"2025-07-14T14:55:33","modified_gmt":"2025-07-14T11:55:33","slug":"christopeit-kicker-roma-red","status":"publish","type":"product","link":"https:\/\/sezona.lv\/en\/products\/christopeit-kicker-roma-red\/","title":{"rendered":"Christopeit Kicker Roma RED"},"content":{"rendered":"<p><span>Galda futbols turn\u012bra kickers sp\u0113l\u0113t\u0101jiem modern\u0101 dizain\u0101.&nbsp;<\/span><br \/><span>Iztur\u012bgs koka korpuss (30 mm), ar iztur\u012bgu sint\u0113tisku p\u0101rkl\u0101jumu.&nbsp;<\/span><br \/><span>Stabilas koka k\u0101jas ar stiprin\u0101jumiem.&nbsp;<\/span><br \/><span>22 sp\u0113l\u0113t\u0101ju fig\u016bri\u0146as.,16mm hrom\u0113tie t\u0113rauda stieni ar gult\u0146iem ,Bumbas atgrie&scaron;ana sp\u0113l\u0113t\u0101ja pus\u0113 ,2 hrom\u0113ti v\u0101rti ,2 palikti bumbai ,2 bumbu sav\u0101c\u0113ji ,&nbsp;2 hrom\u0113ti paliktni dz\u0113rieniem ,&nbsp;2 hrom\u0113ti pelntrauki ,&nbsp;2 iesisto v\u0101rtu skait\u012bt\u0101ji ,&nbsp;2 bumbas ,&nbsp;2 rezerves fig\u016bri\u0146as&nbsp;<\/span><br \/><span>Izm\u0113ri:&nbsp;<\/span><br \/><span>&#8211; sp\u0113les virsmai &#8211; 120 x 68cm&nbsp;<\/span><br \/><span>&#8211; galds -g 140 x p 116 x a 87cm&nbsp;<\/span><br \/><span>Svars 68kg<\/span><\/p>\n","protected":false},"excerpt":{"rendered":"<p>Galda futbols turn\u012bra kickers sp\u0113l\u0113t\u0101jiem modern\u0101 dizain\u0101.&nbsp;Iztur\u012bgs koka korpuss (30 mm), ar iztur\u012bgu sint\u0113tisku p\u0101rkl\u0101jumu.&nbsp;Stabilas koka k\u0101jas ar stiprin\u0101jumiem.&nbsp;22 sp\u0113l\u0113t\u0101ju fig\u016bri\u0146as.,16mm hrom\u0113tie t\u0113rauda stieni ar gult\u0146iem ,Bumbas atgrie&scaron;ana sp\u0113l\u0113t\u0101ja pus\u0113 ,2 hrom\u0113ti v\u0101rti ,2 palikti bumbai ,2 bumbu sav\u0101c\u0113ji ,&nbsp;2 hrom\u0113ti paliktni dz\u0113rieniem ,&nbsp;2 hrom\u0113ti pelntrauki ,&nbsp;2 iesisto v\u0101rtu skait\u012bt\u0101ji ,&nbsp;2 bumbas ,&nbsp;2 rezerves fig\u016bri\u0146as&nbsp;Izm\u0113ri:&nbsp;&#8211; [&hellip;]<\/p>\n","protected":false},"featured_media":62615,"template":"","meta":[],"product_brand":[897],"product_cat":[4579,4857],"product_tag":[],"class_list":{"0":"post-76715","1":"product","2":"type-product","3":"status-publish","4":"has-post-thumbnail","6":"product_brand-christopeit","7":"product_cat-board-games-recreation","8":"product_cat-table-games-and-accessories-board-games-recreation","10":"first","11":"instock","12":"shipping-taxable","13":"purchasable","14":"product-type-simple"},"_links":{"self":[{"href":"https:\/\/sezona.lv\/en\/wp-json\/wp\/v2\/product\/76715","targetHints":{"allow":["GET"]}}],"collection":[{"href":"https:\/\/sezona.lv\/en\/wp-json\/wp\/v2\/product"}],"about":[{"href":"https:\/\/sezona.lv\/en\/wp-json\/wp\/v2\/types\/product"}],"wp:featuredmedia":[{"embeddable":true,"href":"https:\/\/sezona.lv\/en\/wp-json\/wp\/v2\/media\/62615"}],"wp:attachment":[{"href":"https:\/\/sezona.lv\/en\/wp-json\/wp\/v2\/media?parent=76715"}],"wp:term":[{"taxonomy":"product_brand","embeddable":true,"href":"https:\/\/sezona.lv\/en\/wp-json\/wp\/v2\/product_brand?post=76715"},{"taxonomy":"product_cat","embeddable":true,"href":"https:\/\/sezona.lv\/en\/wp-json\/wp\/v2\/product_cat?post=76715"},{"taxonomy":"product_tag","embeddable":true,"href":"https:\/\/sezona.lv\/en\/wp-json\/wp\/v2\/product_tag?post=76715"}],"curies":[{"name":"wp","href":"https:\/\/api.w.org\/{rel}","templated":true}]}}