{"id":76716,"date":"2025-07-11T15:54:11","date_gmt":"2025-07-11T12:54:11","guid":{"rendered":"https:\/\/demo8.ecube.lv\/sezona.lv\/products\/atvesinoss-dvielis\/"},"modified":"2025-07-14T14:55:34","modified_gmt":"2025-07-14T11:55:34","slug":"atvesinoss-dvielis","status":"publish","type":"product","link":"https:\/\/sezona.lv\/en\/products\/atvesinoss-dvielis\/","title":{"rendered":"Atv\u0113sino\u0161s dvielis"},"content":{"rendered":"<p>&nbsp;<\/p>\n<p>Izmantojiet jaunu &scaron;\u0137iedras tehnolo\u0123iju un \u0113rto pielieto&scaron;anas veidu, g\u016bstiet ilgsto&scaron;u atv\u0113sin\u0101jumu, kas pal\u012bdz\u0113s uzlabot sniegumu un labsaj\u016btu, \u013caujot koncentr\u0113ties uz to, ko dar\u0101t, nevis \u0137erme\u0146a temperat\u016bru. Dvielis bez \u0137\u012bmisk\u0101m viel\u0101m \u013caus J\u016bsu \u0101dai justies l\u012bdz pat 25% v\u0113s\u0101kai. Vienk\u0101r&scaron;i lietojams jebkur\u0101 nodarb\u0113.<\/p>\n<p> <span style=\"text-decoration: underline\">Atv\u0113sino&scaron;s dvielis:<\/span><br \/> &#8211; 31 x 76 cm<br \/> &#8211; Materi\u0101ls: 90% poliesters \/ 10% Nylon<br \/> &#8211; Kr\u0101sa: melna<\/p>\n<p><span style=\"text-decoration: underline\">Iesp\u0113jas:<br \/> <\/span>&#8211; L\u012bdz 25% zem\u0101ka virsmas temperat\u016bra<br \/> &#8211; saules aizsardz\u012bba UPF 45<br \/> &#8211; nesatur \u0137\u012bmiskas vielas<br \/> &#8211; Slapj&scaron; &#8211; &nbsp;saglab\u0101 v\u0113sumu vair\u0101ku stundu garum\u0101<br \/> &#8211; sauss &#8211; m\u012bksts un absorb\u0113jo&scaron;s<br \/> &#8211; daudzk\u0101rt izmantojams un dr\u012bkst mazg\u0101t ve\u013cas ma&scaron;\u012bn\u0101 30&deg; C ar l\u012bdz\u012bgas kr\u0101sas audumiem (centrif\u016bg\u0101 ar maziem apgriezieniem, nedr\u012bkst balin\u0101t, nelietot m\u012bkstin\u0101t\u0101ju, nedr\u012bkst gludin\u0101t).<\/p>\n<p><span style=\"text-decoration: underline\">Lai aktiviz\u0113tu:<br \/> <\/span>&#8211; saslapin\u0101t dvieli (ar aukstu vai karstu \u016bdeni)<br \/> &#8211; Izgriezt lieko \u016bdeni.<\/p>\n<p>Satveriet abus dvie\u013ca galus un ener\u0123iski pavelciet, t\u0101d\u0113j\u0101di aktiviz\u0113jot atv\u0113sin\u0101&scaron;anas tehnolo\u0123iju.<\/p>\n<p>Atv\u0113sino&scaron;ais dvielis ir gatavs lieto&scaron;anai. Vienk\u0101r&scaron;i uzlieciet to uz \u0137erme\u0146a da\u013cas, kuru v\u0113laties atv\u0113sin\u0101t. P\u0113c \u012bsa br\u012b\u017ea, J\u016bs sajut\u012bsiet ilgsto&scaron;u atv\u0113sino&scaron;u iedarb\u012bbu uz \u0101das.<br \/> Atk\u0101rtoti aktiviz\u0113t: vienk\u0101r&scaron;i atk\u0101rtot iepriek&scaron; aprakst\u012bto.<br \/> Dvieli iesp\u0113jams izmantot sviedru absorb\u0113&scaron;anai.<\/p>\n<p>&nbsp;<\/p>\n","protected":false},"excerpt":{"rendered":"<p>&nbsp; Izmantojiet jaunu &scaron;\u0137iedras tehnolo\u0123iju un \u0113rto pielieto&scaron;anas veidu, g\u016bstiet ilgsto&scaron;u atv\u0113sin\u0101jumu, kas pal\u012bdz\u0113s uzlabot sniegumu un labsaj\u016btu, \u013caujot koncentr\u0113ties uz to, ko dar\u0101t, nevis \u0137erme\u0146a temperat\u016bru. Dvielis bez \u0137\u012bmisk\u0101m viel\u0101m \u013caus J\u016bsu \u0101dai justies l\u012bdz pat 25% v\u0113s\u0101kai. Vienk\u0101r&scaron;i lietojams jebkur\u0101 nodarb\u0113. Atv\u0113sino&scaron;s dvielis: &#8211; 31 x 76 cm &#8211; Materi\u0101ls: 90% poliesters \/ [&hellip;]<\/p>\n","protected":false},"featured_media":62620,"template":"","meta":[],"product_brand":[],"product_cat":[4858],"product_tag":[],"class_list":{"0":"post-76716","1":"product","2":"type-product","3":"status-publish","4":"has-post-thumbnail","6":"product_cat-cooling-products-recreation","8":"first","9":"instock","10":"shipping-taxable","11":"purchasable","12":"product-type-simple"},"_links":{"self":[{"href":"https:\/\/sezona.lv\/en\/wp-json\/wp\/v2\/product\/76716","targetHints":{"allow":["GET"]}}],"collection":[{"href":"https:\/\/sezona.lv\/en\/wp-json\/wp\/v2\/product"}],"about":[{"href":"https:\/\/sezona.lv\/en\/wp-json\/wp\/v2\/types\/product"}],"wp:featuredmedia":[{"embeddable":true,"href":"https:\/\/sezona.lv\/en\/wp-json\/wp\/v2\/media\/62620"}],"wp:attachment":[{"href":"https:\/\/sezona.lv\/en\/wp-json\/wp\/v2\/media?parent=76716"}],"wp:term":[{"taxonomy":"product_brand","embeddable":true,"href":"https:\/\/sezona.lv\/en\/wp-json\/wp\/v2\/product_brand?post=76716"},{"taxonomy":"product_cat","embeddable":true,"href":"https:\/\/sezona.lv\/en\/wp-json\/wp\/v2\/product_cat?post=76716"},{"taxonomy":"product_tag","embeddable":true,"href":"https:\/\/sezona.lv\/en\/wp-json\/wp\/v2\/product_tag?post=76716"}],"curies":[{"name":"wp","href":"https:\/\/api.w.org\/{rel}","templated":true}]}}