{"id":76719,"date":"2025-07-14T14:55:38","date_gmt":"2025-07-14T11:55:38","guid":{"rendered":"https:\/\/demo8.ecube.lv\/sezona.lv\/products\/magnezija-bumba-black-diamond-chalk-shot\/"},"modified":"2025-07-14T14:55:38","modified_gmt":"2025-07-14T11:55:38","slug":"magnezija-bumba-black-diamond-chalk-shot","status":"publish","type":"product","link":"https:\/\/sezona.lv\/en\/products\/magnezija-bumba-black-diamond-chalk-shot\/","title":{"rendered":"Magn\u0113zija bumba Black Diamond Chalk Shot"},"content":{"rendered":"<p><span style=\"color: #800000\"><span style=\"font-size: x-small\"><span style=\"color: #000000\">Magn\u0113zija bumba, kuru ir iesp\u0113jams uzpild\u012bt no jauna. Augstas kvalit\u0101tes magn\u0113zijs, kas ir speci\u0101li paredz\u0113ts k<\/span><\/span><\/span><span style=\"font-size: x-small\">\u0101p\u0113jiem. Bumba nodro&scaron;ina to, lai magn\u0113zijs nekr\u012bt \u0101r\u0101 no magn\u0113zija maisi\u0146a.<\/span><\/p>\n<p><span style=\"font-size: x-small\">Uzlabo sa\u0137eri<\/span><\/p>\n<p><span style=\"font-size: x-small\">Bumba ir uzpild\u0101ma<\/span><\/p>\n<p><span style=\"font-size: x-small\">Svars: 50g<\/span><\/p>\n","protected":false},"excerpt":{"rendered":"<p>Magn\u0113zija bumba, kuru ir iesp\u0113jams uzpild\u012bt no jauna. Augstas kvalit\u0101tes magn\u0113zijs, kas ir speci\u0101li paredz\u0113ts k\u0101p\u0113jiem. Bumba nodro&scaron;ina to, lai magn\u0113zijs nekr\u012bt \u0101r\u0101 no magn\u0113zija maisi\u0146a. Uzlabo sa\u0137eri Bumba ir uzpild\u0101ma Svars: 50g<\/p>\n","protected":false},"featured_media":0,"template":"","meta":[],"product_brand":[946],"product_cat":[4851,4859,4861],"product_tag":[],"class_list":{"0":"post-76719","1":"product","2":"type-product","3":"status-publish","5":"product_brand-black-diamond","6":"product_cat-mountaineering-equipment-recreation","7":"product_cat-for-rock-climbing-mountaineering-mountaineering-equipment-recreation","8":"product_cat-magnesia-and-magnesium-bags-for-rock-climbing-mountaineering-mountaineering-equipment-recreation","10":"first","11":"instock","12":"shipping-taxable","13":"purchasable","14":"product-type-simple"},"_links":{"self":[{"href":"https:\/\/sezona.lv\/en\/wp-json\/wp\/v2\/product\/76719","targetHints":{"allow":["GET"]}}],"collection":[{"href":"https:\/\/sezona.lv\/en\/wp-json\/wp\/v2\/product"}],"about":[{"href":"https:\/\/sezona.lv\/en\/wp-json\/wp\/v2\/types\/product"}],"wp:attachment":[{"href":"https:\/\/sezona.lv\/en\/wp-json\/wp\/v2\/media?parent=76719"}],"wp:term":[{"taxonomy":"product_brand","embeddable":true,"href":"https:\/\/sezona.lv\/en\/wp-json\/wp\/v2\/product_brand?post=76719"},{"taxonomy":"product_cat","embeddable":true,"href":"https:\/\/sezona.lv\/en\/wp-json\/wp\/v2\/product_cat?post=76719"},{"taxonomy":"product_tag","embeddable":true,"href":"https:\/\/sezona.lv\/en\/wp-json\/wp\/v2\/product_tag?post=76719"}],"curies":[{"name":"wp","href":"https:\/\/api.w.org\/{rel}","templated":true}]}}