{"id":76720,"date":"2025-07-14T14:55:38","date_gmt":"2025-07-14T11:55:38","guid":{"rendered":"https:\/\/demo8.ecube.lv\/sezona.lv\/products\/magnezijs-climbing-technology-mag-classic-xl\/"},"modified":"2025-07-14T14:55:38","modified_gmt":"2025-07-14T11:55:38","slug":"magnezijs-climbing-technology-mag-classic-xl","status":"publish","type":"product","link":"https:\/\/sezona.lv\/en\/products\/magnezijs-climbing-technology-mag-classic-xl\/","title":{"rendered":"Magn\u0113zijs Climbing Technology Mag Classic XL"},"content":{"rendered":"<p><span>Magn\u0113zija pulveris. 450g ~3l. \u013boti smalks, augstas kvalit\u0101tes. Ieteicams vingrot\u0101jiem, klin&scaron;u k\u0101p\u0113jiem un smagatl\u0113tiem.<\/span><\/p>\n","protected":false},"excerpt":{"rendered":"<p>Magn\u0113zija pulveris. 450g ~3l. \u013boti smalks, augstas kvalit\u0101tes. Ieteicams vingrot\u0101jiem, klin&scaron;u k\u0101p\u0113jiem un smagatl\u0113tiem.<\/p>\n","protected":false},"featured_media":0,"template":"","meta":[],"product_brand":[928],"product_cat":[4851,4859,4861],"product_tag":[],"class_list":{"0":"post-76720","1":"product","2":"type-product","3":"status-publish","5":"product_brand-climbing-technology","6":"product_cat-mountaineering-equipment-recreation","7":"product_cat-for-rock-climbing-mountaineering-mountaineering-equipment-recreation","8":"product_cat-magnesia-and-magnesium-bags-for-rock-climbing-mountaineering-mountaineering-equipment-recreation","10":"first","11":"instock","12":"shipping-taxable","13":"purchasable","14":"product-type-simple"},"_links":{"self":[{"href":"https:\/\/sezona.lv\/en\/wp-json\/wp\/v2\/product\/76720","targetHints":{"allow":["GET"]}}],"collection":[{"href":"https:\/\/sezona.lv\/en\/wp-json\/wp\/v2\/product"}],"about":[{"href":"https:\/\/sezona.lv\/en\/wp-json\/wp\/v2\/types\/product"}],"wp:attachment":[{"href":"https:\/\/sezona.lv\/en\/wp-json\/wp\/v2\/media?parent=76720"}],"wp:term":[{"taxonomy":"product_brand","embeddable":true,"href":"https:\/\/sezona.lv\/en\/wp-json\/wp\/v2\/product_brand?post=76720"},{"taxonomy":"product_cat","embeddable":true,"href":"https:\/\/sezona.lv\/en\/wp-json\/wp\/v2\/product_cat?post=76720"},{"taxonomy":"product_tag","embeddable":true,"href":"https:\/\/sezona.lv\/en\/wp-json\/wp\/v2\/product_tag?post=76720"}],"curies":[{"name":"wp","href":"https:\/\/api.w.org\/{rel}","templated":true}]}}