{"id":76721,"date":"2025-07-14T14:55:39","date_gmt":"2025-07-14T11:55:39","guid":{"rendered":"https:\/\/demo8.ecube.lv\/sezona.lv\/products\/magnezijs-dmm-crushed-chalk-250g\/"},"modified":"2025-07-14T14:55:39","modified_gmt":"2025-07-14T11:55:39","slug":"magnezijs-dmm-crushed-chalk-250g","status":"publish","type":"product","link":"https:\/\/sezona.lv\/en\/products\/magnezijs-dmm-crushed-chalk-250g\/","title":{"rendered":"Magn\u0113zijs DMM Crushed chalk 250g"},"content":{"rendered":"<p align=\"justify\"><span style=\"font-size: x-small\">Sasmalcin\u0101ts magn\u0113zija pulveris. Lieliski piem\u0113rots klin&scaron;u k\u0101p&scaron;anai un bolderingam. Mazina roku sv\u012b&scaron;anu un uzlabo sa\u0137eri.<\/span><\/p>\n<p><span style=\"font-size: x-small\">Svars: 250g<\/span><\/p>\n","protected":false},"excerpt":{"rendered":"<p>Sasmalcin\u0101ts magn\u0113zija pulveris. Lieliski piem\u0113rots klin&scaron;u k\u0101p&scaron;anai un bolderingam. Mazina roku sv\u012b&scaron;anu un uzlabo sa\u0137eri. Svars: 250g<\/p>\n","protected":false},"featured_media":0,"template":"","meta":[],"product_brand":[965],"product_cat":[4640,4851,4859,4861],"product_tag":[],"class_list":{"0":"post-76721","1":"product","2":"type-product","3":"status-publish","5":"product_brand-dmm","6":"product_cat-recreation","7":"product_cat-mountaineering-equipment-recreation","8":"product_cat-for-rock-climbing-mountaineering-mountaineering-equipment-recreation","9":"product_cat-magnesia-and-magnesium-bags-for-rock-climbing-mountaineering-mountaineering-equipment-recreation","11":"first","12":"instock","13":"shipping-taxable","14":"purchasable","15":"product-type-simple"},"_links":{"self":[{"href":"https:\/\/sezona.lv\/en\/wp-json\/wp\/v2\/product\/76721","targetHints":{"allow":["GET"]}}],"collection":[{"href":"https:\/\/sezona.lv\/en\/wp-json\/wp\/v2\/product"}],"about":[{"href":"https:\/\/sezona.lv\/en\/wp-json\/wp\/v2\/types\/product"}],"wp:attachment":[{"href":"https:\/\/sezona.lv\/en\/wp-json\/wp\/v2\/media?parent=76721"}],"wp:term":[{"taxonomy":"product_brand","embeddable":true,"href":"https:\/\/sezona.lv\/en\/wp-json\/wp\/v2\/product_brand?post=76721"},{"taxonomy":"product_cat","embeddable":true,"href":"https:\/\/sezona.lv\/en\/wp-json\/wp\/v2\/product_cat?post=76721"},{"taxonomy":"product_tag","embeddable":true,"href":"https:\/\/sezona.lv\/en\/wp-json\/wp\/v2\/product_tag?post=76721"}],"curies":[{"name":"wp","href":"https:\/\/api.w.org\/{rel}","templated":true}]}}