{"id":76722,"date":"2025-07-14T14:55:40","date_gmt":"2025-07-14T11:55:40","guid":{"rendered":"https:\/\/demo8.ecube.lv\/sezona.lv\/products\/magnezijs-climbing-technology-mag-classic-120\/"},"modified":"2025-07-14T14:55:40","modified_gmt":"2025-07-14T11:55:40","slug":"magnezijs-climbing-technology-mag-classic-120","status":"publish","type":"product","link":"https:\/\/sezona.lv\/en\/products\/magnezijs-climbing-technology-mag-classic-120\/","title":{"rendered":"Magn\u0113zijs Climbing Technology MAG CLASSIC 120"},"content":{"rendered":"<p align=\"justify\"><span style=\"font-size: x-small\">Magn\u0113zijs kluc\u012b&scaron;a form\u0101. Piem\u0113rots klin&scaron;u k\u0101p&scaron;anai un bolderingam. Mazina sviedru izdal\u012b&scaron;anos plaukst\u0101s un uzlabo sa\u0137eri.<\/span><\/p>\n<p align=\"justify\"><span style=\"font-size: x-small\">Svars: 120g<\/span><\/p>\n","protected":false},"excerpt":{"rendered":"<p>Magn\u0113zijs kluc\u012b&scaron;a form\u0101. Piem\u0113rots klin&scaron;u k\u0101p&scaron;anai un bolderingam. Mazina sviedru izdal\u012b&scaron;anos plaukst\u0101s un uzlabo sa\u0137eri. Svars: 120g<\/p>\n","protected":false},"featured_media":0,"template":"","meta":[],"product_brand":[928],"product_cat":[4851,4859,4861],"product_tag":[],"class_list":{"0":"post-76722","1":"product","2":"type-product","3":"status-publish","5":"product_brand-climbing-technology","6":"product_cat-mountaineering-equipment-recreation","7":"product_cat-for-rock-climbing-mountaineering-mountaineering-equipment-recreation","8":"product_cat-magnesia-and-magnesium-bags-for-rock-climbing-mountaineering-mountaineering-equipment-recreation","10":"first","11":"instock","12":"shipping-taxable","13":"purchasable","14":"product-type-simple"},"_links":{"self":[{"href":"https:\/\/sezona.lv\/en\/wp-json\/wp\/v2\/product\/76722","targetHints":{"allow":["GET"]}}],"collection":[{"href":"https:\/\/sezona.lv\/en\/wp-json\/wp\/v2\/product"}],"about":[{"href":"https:\/\/sezona.lv\/en\/wp-json\/wp\/v2\/types\/product"}],"wp:attachment":[{"href":"https:\/\/sezona.lv\/en\/wp-json\/wp\/v2\/media?parent=76722"}],"wp:term":[{"taxonomy":"product_brand","embeddable":true,"href":"https:\/\/sezona.lv\/en\/wp-json\/wp\/v2\/product_brand?post=76722"},{"taxonomy":"product_cat","embeddable":true,"href":"https:\/\/sezona.lv\/en\/wp-json\/wp\/v2\/product_cat?post=76722"},{"taxonomy":"product_tag","embeddable":true,"href":"https:\/\/sezona.lv\/en\/wp-json\/wp\/v2\/product_tag?post=76722"}],"curies":[{"name":"wp","href":"https:\/\/api.w.org\/{rel}","templated":true}]}}