{"id":76723,"date":"2025-07-14T14:55:41","date_gmt":"2025-07-14T11:55:41","guid":{"rendered":"https:\/\/demo8.ecube.lv\/sezona.lv\/products\/magnezija-maisina-siksnina-dmm-chalk-bag-belt\/"},"modified":"2025-07-14T14:55:41","modified_gmt":"2025-07-14T11:55:41","slug":"magnezija-maisina-siksnina-dmm-chalk-bag-belt","status":"publish","type":"product","link":"https:\/\/sezona.lv\/en\/products\/magnezija-maisina-siksnina-dmm-chalk-bag-belt\/","title":{"rendered":"Magn\u0113zija maisi\u0146a siksni\u0146a DMM Chalk bag belt"},"content":{"rendered":"<p><span>Vienk\u0101r&scaron;a un \u0113rti lietojama siksni\u0146a magn\u0113zija maisi\u0146iem. Siksni\u0146a ir viegli regul\u0113jama, lai to var\u0113tu br\u012bvi un \u0101tri pieregul\u0113t vajadz\u012bgajam izm\u0113ram. Siksni\u0146a ir apr\u012bkota ar vieglu un \u0101tri atveramu plastmasas klips\u012bti.<\/span><\/p>\n","protected":false},"excerpt":{"rendered":"<p>Vienk\u0101r&scaron;a un \u0113rti lietojama siksni\u0146a magn\u0113zija maisi\u0146iem. Siksni\u0146a ir viegli regul\u0113jama, lai to var\u0113tu br\u012bvi un \u0101tri pieregul\u0113t vajadz\u012bgajam izm\u0113ram. Siksni\u0146a ir apr\u012bkota ar vieglu un \u0101tri atveramu plastmasas klips\u012bti.<\/p>\n","protected":false},"featured_media":0,"template":"","meta":[],"product_brand":[965],"product_cat":[4851,4859,4861],"product_tag":[],"class_list":{"0":"post-76723","1":"product","2":"type-product","3":"status-publish","5":"product_brand-dmm","6":"product_cat-mountaineering-equipment-recreation","7":"product_cat-for-rock-climbing-mountaineering-mountaineering-equipment-recreation","8":"product_cat-magnesia-and-magnesium-bags-for-rock-climbing-mountaineering-mountaineering-equipment-recreation","10":"first","11":"instock","12":"shipping-taxable","13":"purchasable","14":"product-type-simple"},"_links":{"self":[{"href":"https:\/\/sezona.lv\/en\/wp-json\/wp\/v2\/product\/76723","targetHints":{"allow":["GET"]}}],"collection":[{"href":"https:\/\/sezona.lv\/en\/wp-json\/wp\/v2\/product"}],"about":[{"href":"https:\/\/sezona.lv\/en\/wp-json\/wp\/v2\/types\/product"}],"wp:attachment":[{"href":"https:\/\/sezona.lv\/en\/wp-json\/wp\/v2\/media?parent=76723"}],"wp:term":[{"taxonomy":"product_brand","embeddable":true,"href":"https:\/\/sezona.lv\/en\/wp-json\/wp\/v2\/product_brand?post=76723"},{"taxonomy":"product_cat","embeddable":true,"href":"https:\/\/sezona.lv\/en\/wp-json\/wp\/v2\/product_cat?post=76723"},{"taxonomy":"product_tag","embeddable":true,"href":"https:\/\/sezona.lv\/en\/wp-json\/wp\/v2\/product_tag?post=76723"}],"curies":[{"name":"wp","href":"https:\/\/api.w.org\/{rel}","templated":true}]}}