{"id":76725,"date":"2025-07-14T14:55:43","date_gmt":"2025-07-14T11:55:43","guid":{"rendered":"https:\/\/demo8.ecube.lv\/sezona.lv\/products\/skidrais-magnezijs-dmm-liquid-chalk-200ml\/"},"modified":"2025-07-14T14:55:43","modified_gmt":"2025-07-14T11:55:43","slug":"skidrais-magnezijs-dmm-liquid-chalk-200ml","status":"publish","type":"product","link":"https:\/\/sezona.lv\/en\/products\/skidrais-magnezijs-dmm-liquid-chalk-200ml\/","title":{"rendered":"\u0160\u0137idrais magn\u0113zijs DMM Liquid Chalk 200ml"},"content":{"rendered":"<p align=\"justify\"><span style=\"font-size: x-small\">&Scaron;\u0137idrais magn\u0113zijs kas nodro&scaron;ina to, ka rokas nesv\u012bd\u012bs un nesl\u012bd\u0113s k\u0101pjot bolderinga mar&scaron;rutus vai klin&scaron;u k\u0101p&scaron;anai. &Scaron;\u0137idr\u0101 magn\u0113zija p\u0101rkl\u0101jums uz rok\u0101m turas ilg\u0101k nek\u0101 parastais pulvera magn\u0113zijs.<\/span><\/p>\n<p><span style=\"font-size: x-small\">Tilpums: 200ml<\/span><\/p>\n","protected":false},"excerpt":{"rendered":"<p>&Scaron;\u0137idrais magn\u0113zijs kas nodro&scaron;ina to, ka rokas nesv\u012bd\u012bs un nesl\u012bd\u0113s k\u0101pjot bolderinga mar&scaron;rutus vai klin&scaron;u k\u0101p&scaron;anai. &Scaron;\u0137idr\u0101 magn\u0113zija p\u0101rkl\u0101jums uz rok\u0101m turas ilg\u0101k nek\u0101 parastais pulvera magn\u0113zijs. Tilpums: 200ml<\/p>\n","protected":false},"featured_media":0,"template":"","meta":[],"product_brand":[965],"product_cat":[4640,4851,4859,4861],"product_tag":[],"class_list":{"0":"post-76725","1":"product","2":"type-product","3":"status-publish","5":"product_brand-dmm","6":"product_cat-recreation","7":"product_cat-mountaineering-equipment-recreation","8":"product_cat-for-rock-climbing-mountaineering-mountaineering-equipment-recreation","9":"product_cat-magnesia-and-magnesium-bags-for-rock-climbing-mountaineering-mountaineering-equipment-recreation","11":"first","12":"instock","13":"shipping-taxable","14":"purchasable","15":"product-type-simple"},"_links":{"self":[{"href":"https:\/\/sezona.lv\/en\/wp-json\/wp\/v2\/product\/76725","targetHints":{"allow":["GET"]}}],"collection":[{"href":"https:\/\/sezona.lv\/en\/wp-json\/wp\/v2\/product"}],"about":[{"href":"https:\/\/sezona.lv\/en\/wp-json\/wp\/v2\/types\/product"}],"wp:attachment":[{"href":"https:\/\/sezona.lv\/en\/wp-json\/wp\/v2\/media?parent=76725"}],"wp:term":[{"taxonomy":"product_brand","embeddable":true,"href":"https:\/\/sezona.lv\/en\/wp-json\/wp\/v2\/product_brand?post=76725"},{"taxonomy":"product_cat","embeddable":true,"href":"https:\/\/sezona.lv\/en\/wp-json\/wp\/v2\/product_cat?post=76725"},{"taxonomy":"product_tag","embeddable":true,"href":"https:\/\/sezona.lv\/en\/wp-json\/wp\/v2\/product_tag?post=76725"}],"curies":[{"name":"wp","href":"https:\/\/api.w.org\/{rel}","templated":true}]}}