{"id":76726,"date":"2025-07-14T14:55:43","date_gmt":"2025-07-14T11:55:43","guid":{"rendered":"https:\/\/demo8.ecube.lv\/sezona.lv\/products\/sistema-climbing-technology-discovery\/"},"modified":"2025-07-14T14:55:43","modified_gmt":"2025-07-14T11:55:43","slug":"sistema-climbing-technology-discovery","status":"publish","type":"product","link":"https:\/\/sezona.lv\/en\/products\/sistema-climbing-technology-discovery\/","title":{"rendered":"Sist\u0113ma Climbing Technology Discovery"},"content":{"rendered":"<p align=\"justify\"><span style=\"font-size: x-small\">Univers\u0101la sist\u0113ma. Piem\u0113rota atrakciju parkiem, k\u0101p&scaron;anas skol\u0101m un z\u0101l\u0113m, VIA Ferrata tak\u0101m, k\u0101 ar\u012b publiskiem pas\u0101kumiem. Centr\u0101l\u0101 cilpa izcelta sarkan\u0101 kr\u0101s\u0101. Viena ekip\u0113juma cilpa.<\/span><\/p>\n<p>&nbsp;<\/p>\n<p align=\"justify\"><span style=\"font-size: x-small\">Specifik\u0101cija:<br \/>Svars: 359g.<br \/>Viduk\u013ca da\u013ca: 60 &#8211; 120cm<br \/>K\u0101ju cilpas: 42 &#8211; 66cm<\/span><\/p>\n<p>&nbsp;<\/p>\n<p align=\"justify\"><span style=\"font-size: x-small\">Sertifik\u0101cija:&nbsp;<strong>EN 12277:2007-C<\/strong><\/span><\/p>\n","protected":false},"excerpt":{"rendered":"<p>Univers\u0101la sist\u0113ma. Piem\u0113rota atrakciju parkiem, k\u0101p&scaron;anas skol\u0101m un z\u0101l\u0113m, VIA Ferrata tak\u0101m, k\u0101 ar\u012b publiskiem pas\u0101kumiem. Centr\u0101l\u0101 cilpa izcelta sarkan\u0101 kr\u0101s\u0101. Viena ekip\u0113juma cilpa. &nbsp; Specifik\u0101cija:Svars: 359g.Viduk\u013ca da\u013ca: 60 &#8211; 120cmK\u0101ju cilpas: 42 &#8211; 66cm &nbsp; Sertifik\u0101cija:&nbsp;EN 12277:2007-C<\/p>\n","protected":false},"featured_media":0,"template":"","meta":[],"product_brand":[928],"product_cat":[4851,4859,4862],"product_tag":[],"class_list":{"0":"post-76726","1":"product","2":"type-product","3":"status-publish","5":"product_brand-climbing-technology","6":"product_cat-mountaineering-equipment-recreation","7":"product_cat-for-rock-climbing-mountaineering-mountaineering-equipment-recreation","8":"product_cat-harnesses-systems-for-rock-climbing-mountaineering-mountaineering-equipment-recreation","10":"first","11":"instock","12":"shipping-taxable","13":"purchasable","14":"product-type-simple"},"_links":{"self":[{"href":"https:\/\/sezona.lv\/en\/wp-json\/wp\/v2\/product\/76726","targetHints":{"allow":["GET"]}}],"collection":[{"href":"https:\/\/sezona.lv\/en\/wp-json\/wp\/v2\/product"}],"about":[{"href":"https:\/\/sezona.lv\/en\/wp-json\/wp\/v2\/types\/product"}],"wp:attachment":[{"href":"https:\/\/sezona.lv\/en\/wp-json\/wp\/v2\/media?parent=76726"}],"wp:term":[{"taxonomy":"product_brand","embeddable":true,"href":"https:\/\/sezona.lv\/en\/wp-json\/wp\/v2\/product_brand?post=76726"},{"taxonomy":"product_cat","embeddable":true,"href":"https:\/\/sezona.lv\/en\/wp-json\/wp\/v2\/product_cat?post=76726"},{"taxonomy":"product_tag","embeddable":true,"href":"https:\/\/sezona.lv\/en\/wp-json\/wp\/v2\/product_tag?post=76726"}],"curies":[{"name":"wp","href":"https:\/\/api.w.org\/{rel}","templated":true}]}}