{"id":76727,"date":"2025-07-14T14:55:44","date_gmt":"2025-07-14T11:55:44","guid":{"rendered":"https:\/\/demo8.ecube.lv\/sezona.lv\/products\/sistema-black-diamond-alpine-bod\/"},"modified":"2025-07-14T14:55:44","modified_gmt":"2025-07-14T11:55:44","slug":"sistema-black-diamond-alpine-bod","status":"publish","type":"product","link":"https:\/\/sezona.lv\/en\/products\/sistema-black-diamond-alpine-bod\/","title":{"rendered":"Sist\u0113ma Black Diamond Alpine Bod"},"content":{"rendered":"<p align=\"justify\"><span style=\"font-size: x-small\">Klasiska, kompakta un viegli lietojama alp\u012bnisma sist\u0113ma. Lieliski noder\u0113s augstkalnu alp\u012bnism\u0101. T\u0101s vienk\u0101r&scaron;ums un funkcionalit\u0101te ir t\u0101s liel\u0101kie plusi. Tradicion\u0101l\u0101 spr\u0101dze. \u0100tri atvienojamas k\u0101ju cilpas. 4 ekip\u0113juma cilpas. 12kN centr\u0101l\u0101 cilpa.<\/span><\/p>\n<p>&nbsp;<\/p>\n<p align=\"justify\"><span style=\"font-size: x-small\">Specifik\u0101cija:<br \/>Svars: 395g.<\/span><\/p>\n","protected":false},"excerpt":{"rendered":"<p>Klasiska, kompakta un viegli lietojama alp\u012bnisma sist\u0113ma. Lieliski noder\u0113s augstkalnu alp\u012bnism\u0101. T\u0101s vienk\u0101r&scaron;ums un funkcionalit\u0101te ir t\u0101s liel\u0101kie plusi. Tradicion\u0101l\u0101 spr\u0101dze. \u0100tri atvienojamas k\u0101ju cilpas. 4 ekip\u0113juma cilpas. 12kN centr\u0101l\u0101 cilpa. &nbsp; Specifik\u0101cija:Svars: 395g.<\/p>\n","protected":false},"featured_media":0,"template":"","meta":[],"product_brand":[946],"product_cat":[4851,4859,4862],"product_tag":[],"class_list":{"0":"post-76727","1":"product","2":"type-product","3":"status-publish","5":"product_brand-black-diamond","6":"product_cat-mountaineering-equipment-recreation","7":"product_cat-for-rock-climbing-mountaineering-mountaineering-equipment-recreation","8":"product_cat-harnesses-systems-for-rock-climbing-mountaineering-mountaineering-equipment-recreation","10":"first","11":"instock","12":"shipping-taxable","13":"purchasable","14":"product-type-simple"},"_links":{"self":[{"href":"https:\/\/sezona.lv\/en\/wp-json\/wp\/v2\/product\/76727","targetHints":{"allow":["GET"]}}],"collection":[{"href":"https:\/\/sezona.lv\/en\/wp-json\/wp\/v2\/product"}],"about":[{"href":"https:\/\/sezona.lv\/en\/wp-json\/wp\/v2\/types\/product"}],"wp:attachment":[{"href":"https:\/\/sezona.lv\/en\/wp-json\/wp\/v2\/media?parent=76727"}],"wp:term":[{"taxonomy":"product_brand","embeddable":true,"href":"https:\/\/sezona.lv\/en\/wp-json\/wp\/v2\/product_brand?post=76727"},{"taxonomy":"product_cat","embeddable":true,"href":"https:\/\/sezona.lv\/en\/wp-json\/wp\/v2\/product_cat?post=76727"},{"taxonomy":"product_tag","embeddable":true,"href":"https:\/\/sezona.lv\/en\/wp-json\/wp\/v2\/product_tag?post=76727"}],"curies":[{"name":"wp","href":"https:\/\/api.w.org\/{rel}","templated":true}]}}