{"id":76728,"date":"2025-07-14T14:55:45","date_gmt":"2025-07-14T11:55:45","guid":{"rendered":"https:\/\/demo8.ecube.lv\/sezona.lv\/products\/sistema-black-diamond-couloir-orange\/"},"modified":"2025-07-14T14:55:45","modified_gmt":"2025-07-14T11:55:45","slug":"sistema-black-diamond-couloir-orange","status":"publish","type":"product","link":"https:\/\/sezona.lv\/en\/products\/sistema-black-diamond-couloir-orange\/","title":{"rendered":"Sist\u0113ma Black Diamond Couloir Orange"},"content":{"rendered":"<p><span style=\"font-size: x-small\">Super viegla un kompakta alp\u012bnisma sist\u0113ma sl\u0113po&scaron;anai vai klasiskajam alp\u012bnismam. T\u0101 sapakojas d\u016bres lieluma maisi\u0146\u0101 un to iesp\u0113jams noglab\u0101t pat jakaskabat\u0101. Zema profila dizains \u013cauj to \u0113rti sakombin\u0113t kop\u0101 ar mugursomu. K\u0101jas cilpas apr\u012bkotas ar spr\u0101dz\u0113m, kuras var \u0101tri un \u0113rti uzvilkt un novilkt. 2 ekip\u0113juma cilpas. 4 ICe Clipper cilpas.<\/span><\/p>\n<p>&nbsp;<\/p>\n<ul>\n<li><span style=\"font-size: x-small\">Izgatavota no \u0101tri \u017e\u016bsto&scaron;a neilona.<\/span><\/li>\n<li><span style=\"font-size: x-small\">15kN centr\u0101l\u0101 cilpa.<\/span><\/li>\n<li><span style=\"font-size: x-small\">\u0100tr\u0101s k\u0101ju spr\u0101dzes nodro&scaron;ina lieto&scaron;anas \u0113rtumu uzvelkot un novelkot sist\u0113mu.<br \/><\/span><\/li>\n<li><span style=\"font-size: x-small\">4 Ice Clipper cilaps<\/span><\/li>\n<li><span style=\"font-size: x-small\">2 ekip\u0113juma cilpas<\/span><\/li>\n<\/ul>\n<p>&nbsp;<\/p>\n<p><span style=\"font-size: x-small\">Svars: 230g.<\/span><\/p>\n","protected":false},"excerpt":{"rendered":"<p>Super viegla un kompakta alp\u012bnisma sist\u0113ma sl\u0113po&scaron;anai vai klasiskajam alp\u012bnismam. T\u0101 sapakojas d\u016bres lieluma maisi\u0146\u0101 un to iesp\u0113jams noglab\u0101t pat jakaskabat\u0101. Zema profila dizains \u013cauj to \u0113rti sakombin\u0113t kop\u0101 ar mugursomu. K\u0101jas cilpas apr\u012bkotas ar spr\u0101dz\u0113m, kuras var \u0101tri un \u0113rti uzvilkt un novilkt. 2 ekip\u0113juma cilpas. 4 ICe Clipper cilpas. &nbsp; Izgatavota no \u0101tri [&hellip;]<\/p>\n","protected":false},"featured_media":0,"template":"","meta":[],"product_brand":[946],"product_cat":[4851,4859,4862],"product_tag":[],"class_list":{"0":"post-76728","1":"product","2":"type-product","3":"status-publish","5":"product_brand-black-diamond","6":"product_cat-mountaineering-equipment-recreation","7":"product_cat-for-rock-climbing-mountaineering-mountaineering-equipment-recreation","8":"product_cat-harnesses-systems-for-rock-climbing-mountaineering-mountaineering-equipment-recreation","10":"first","11":"instock","12":"shipping-taxable","13":"purchasable","14":"product-type-simple"},"_links":{"self":[{"href":"https:\/\/sezona.lv\/en\/wp-json\/wp\/v2\/product\/76728","targetHints":{"allow":["GET"]}}],"collection":[{"href":"https:\/\/sezona.lv\/en\/wp-json\/wp\/v2\/product"}],"about":[{"href":"https:\/\/sezona.lv\/en\/wp-json\/wp\/v2\/types\/product"}],"wp:attachment":[{"href":"https:\/\/sezona.lv\/en\/wp-json\/wp\/v2\/media?parent=76728"}],"wp:term":[{"taxonomy":"product_brand","embeddable":true,"href":"https:\/\/sezona.lv\/en\/wp-json\/wp\/v2\/product_brand?post=76728"},{"taxonomy":"product_cat","embeddable":true,"href":"https:\/\/sezona.lv\/en\/wp-json\/wp\/v2\/product_cat?post=76728"},{"taxonomy":"product_tag","embeddable":true,"href":"https:\/\/sezona.lv\/en\/wp-json\/wp\/v2\/product_tag?post=76728"}],"curies":[{"name":"wp","href":"https:\/\/api.w.org\/{rel}","templated":true}]}}