{"id":76729,"date":"2025-07-14T14:55:46","date_gmt":"2025-07-14T11:55:46","guid":{"rendered":"https:\/\/demo8.ecube.lv\/sezona.lv\/products\/sistema-black-diamond-primrose-sa\/"},"modified":"2025-07-14T14:55:46","modified_gmt":"2025-07-14T11:55:46","slug":"sistema-black-diamond-primrose-sa","status":"publish","type":"product","link":"https:\/\/sezona.lv\/en\/products\/sistema-black-diamond-primrose-sa\/","title":{"rendered":"Sist\u0113ma Black Diamond Primrose SA"},"content":{"rendered":"<p><span style=\"font-size: x-small\">Univers\u0101la sievie&scaron;u sist\u0113ma, kas apvieno ventil\u0101cijas, iztur\u012bbas un elpo&scaron;anas \u012bpa&scaron;\u012bbas ar Speed Adjust \u0101tro regul\u0113&scaron;anas spr\u0101dzi un trakFit regul\u0113jam\u0101m k\u0101jas cilp\u0101m. 4 ekip\u0113juma cilpas.<\/span><\/p>\n<p>Specifik\u0101cija:<\/p>\n<table style=\"height: 87px\" border=\"0\" cellspacing=\"1\" cellpadding=\"1\" width=\"297\">\n<tbody>\n<tr>\n<td>Izm\u0113rs<\/td>\n<td>\n<p>Viduk\u013ca apk\u0101rtm\u0113rs, cm<\/p>\n<\/td>\n<td>K\u0101ju apk\u0101rtm\u0113rs, cm<\/td>\n<td>Svars, g<\/td>\n<\/tr>\n<tr>\n<td>XS<\/td>\n<td>61-69<\/td>\n<td>43-53<\/td>\n<td>&nbsp;<\/td>\n<\/tr>\n<tr>\n<td>S<\/td>\n<td>69-76<\/td>\n<td>48-58<\/td>\n<td>\n<p>350<\/p>\n<\/td>\n<\/tr>\n<tr>\n<td>M<\/td>\n<td>76-84<\/td>\n<td>53-63<\/td>\n<td>&nbsp;<\/td>\n<\/tr>\n<tr>\n<td>L<\/td>\n<td>84-91<\/td>\n<td>61-71<\/td>\n<\/tr>\n<\/tbody>\n<\/table>\n","protected":false},"excerpt":{"rendered":"<p>Univers\u0101la sievie&scaron;u sist\u0113ma, kas apvieno ventil\u0101cijas, iztur\u012bbas un elpo&scaron;anas \u012bpa&scaron;\u012bbas ar Speed Adjust \u0101tro regul\u0113&scaron;anas spr\u0101dzi un trakFit regul\u0113jam\u0101m k\u0101jas cilp\u0101m. 4 ekip\u0113juma cilpas. Specifik\u0101cija: Izm\u0113rs Viduk\u013ca apk\u0101rtm\u0113rs, cm K\u0101ju apk\u0101rtm\u0113rs, cm Svars, g XS 61-69 43-53 &nbsp; S 69-76 48-58 350 M 76-84 53-63 &nbsp; L 84-91 61-71<\/p>\n","protected":false},"featured_media":0,"template":"","meta":[],"product_brand":[946],"product_cat":[4851,4859,4862],"product_tag":[],"class_list":{"0":"post-76729","1":"product","2":"type-product","3":"status-publish","5":"product_brand-black-diamond","6":"product_cat-mountaineering-equipment-recreation","7":"product_cat-for-rock-climbing-mountaineering-mountaineering-equipment-recreation","8":"product_cat-harnesses-systems-for-rock-climbing-mountaineering-mountaineering-equipment-recreation","10":"first","11":"instock","12":"shipping-taxable","13":"purchasable","14":"product-type-simple"},"_links":{"self":[{"href":"https:\/\/sezona.lv\/en\/wp-json\/wp\/v2\/product\/76729","targetHints":{"allow":["GET"]}}],"collection":[{"href":"https:\/\/sezona.lv\/en\/wp-json\/wp\/v2\/product"}],"about":[{"href":"https:\/\/sezona.lv\/en\/wp-json\/wp\/v2\/types\/product"}],"wp:attachment":[{"href":"https:\/\/sezona.lv\/en\/wp-json\/wp\/v2\/media?parent=76729"}],"wp:term":[{"taxonomy":"product_brand","embeddable":true,"href":"https:\/\/sezona.lv\/en\/wp-json\/wp\/v2\/product_brand?post=76729"},{"taxonomy":"product_cat","embeddable":true,"href":"https:\/\/sezona.lv\/en\/wp-json\/wp\/v2\/product_cat?post=76729"},{"taxonomy":"product_tag","embeddable":true,"href":"https:\/\/sezona.lv\/en\/wp-json\/wp\/v2\/product_tag?post=76729"}],"curies":[{"name":"wp","href":"https:\/\/api.w.org\/{rel}","templated":true}]}}