{"id":76731,"date":"2025-07-14T14:55:47","date_gmt":"2025-07-14T11:55:47","guid":{"rendered":"https:\/\/demo8.ecube.lv\/sezona.lv\/products\/sistema-black-diamond-momentum-ds\/"},"modified":"2025-07-14T14:55:47","modified_gmt":"2025-07-14T11:55:47","slug":"sistema-black-diamond-momentum-ds","status":"publish","type":"product","link":"https:\/\/sezona.lv\/en\/products\/sistema-black-diamond-momentum-ds\/","title":{"rendered":"Sist\u0113ma Black Diamond Momentum DS"},"content":{"rendered":"<p align=\"justify\"><span style=\"font-size: x-small\">Black Diamond Momentum DS sist\u0113ma ir multifuncion\u0101la un t\u0101 noder\u0113s da\u017e\u0101d\u0101m k\u0101p&scaron;anas aktivit\u0101t\u0113m. Jostas da\u013c\u0101 tai ir divas spr\u0101dzes ar kuru pal\u012bdz\u012bbu var vienm\u0113r\u012bgi pieregul\u0113t sist\u0113mu. K\u0101ju cilpas ar\u012b ir iesp\u0113jams regul\u0113t. \u0112rta un komfortabla josta nodro&scaron;in\u0101s komforta saj\u016btu visas dienas garum\u0101 gan k\u0101pjot klin&scaron;u mar&scaron;rutus, gan ar\u012b atrodoties kalnos. Lieliska sist\u0113ma kas ir piem\u0113rota gan ies\u0101c\u0113jiem, gan ar\u012b pieredz\u0113ju&scaron;iem k\u0101p\u0113jiem. \u010cetras ekip\u0113juma cilpas.<\/span><\/p>\n<p align=\"justify\"><span style=\"font-size: x-small\">Svars: 400g<\/span><\/p>\n","protected":false},"excerpt":{"rendered":"<p>Black Diamond Momentum DS sist\u0113ma ir multifuncion\u0101la un t\u0101 noder\u0113s da\u017e\u0101d\u0101m k\u0101p&scaron;anas aktivit\u0101t\u0113m. Jostas da\u013c\u0101 tai ir divas spr\u0101dzes ar kuru pal\u012bdz\u012bbu var vienm\u0113r\u012bgi pieregul\u0113t sist\u0113mu. K\u0101ju cilpas ar\u012b ir iesp\u0113jams regul\u0113t. \u0112rta un komfortabla josta nodro&scaron;in\u0101s komforta saj\u016btu visas dienas garum\u0101 gan k\u0101pjot klin&scaron;u mar&scaron;rutus, gan ar\u012b atrodoties kalnos. Lieliska sist\u0113ma kas ir piem\u0113rota [&hellip;]<\/p>\n","protected":false},"featured_media":0,"template":"","meta":[],"product_brand":[946],"product_cat":[4851,4859,4862],"product_tag":[],"class_list":{"0":"post-76731","1":"product","2":"type-product","3":"status-publish","5":"product_brand-black-diamond","6":"product_cat-mountaineering-equipment-recreation","7":"product_cat-for-rock-climbing-mountaineering-mountaineering-equipment-recreation","8":"product_cat-harnesses-systems-for-rock-climbing-mountaineering-mountaineering-equipment-recreation","10":"first","11":"instock","12":"shipping-taxable","13":"purchasable","14":"product-type-simple"},"_links":{"self":[{"href":"https:\/\/sezona.lv\/en\/wp-json\/wp\/v2\/product\/76731","targetHints":{"allow":["GET"]}}],"collection":[{"href":"https:\/\/sezona.lv\/en\/wp-json\/wp\/v2\/product"}],"about":[{"href":"https:\/\/sezona.lv\/en\/wp-json\/wp\/v2\/types\/product"}],"wp:attachment":[{"href":"https:\/\/sezona.lv\/en\/wp-json\/wp\/v2\/media?parent=76731"}],"wp:term":[{"taxonomy":"product_brand","embeddable":true,"href":"https:\/\/sezona.lv\/en\/wp-json\/wp\/v2\/product_brand?post=76731"},{"taxonomy":"product_cat","embeddable":true,"href":"https:\/\/sezona.lv\/en\/wp-json\/wp\/v2\/product_cat?post=76731"},{"taxonomy":"product_tag","embeddable":true,"href":"https:\/\/sezona.lv\/en\/wp-json\/wp\/v2\/product_tag?post=76731"}],"curies":[{"name":"wp","href":"https:\/\/api.w.org\/{rel}","templated":true}]}}