{"id":76732,"date":"2025-07-14T14:55:48","date_gmt":"2025-07-14T11:55:48","guid":{"rendered":"https:\/\/demo8.ecube.lv\/sezona.lv\/products\/sistema-black-diamond-momentum-3s\/"},"modified":"2025-07-14T14:55:48","modified_gmt":"2025-07-14T11:55:48","slug":"sistema-black-diamond-momentum-3s","status":"publish","type":"product","link":"https:\/\/sezona.lv\/en\/products\/sistema-black-diamond-momentum-3s\/","title":{"rendered":"Sist\u0113ma Black Diamond Momentum 3S"},"content":{"rendered":"<p align=\"justify\"><span style=\"font-size: x-small\">Daudzpus\u012bga, piln\u012bb\u0101 regul\u0113jama sist\u0113ma, kas labi noder\u0113s gan ziem\u0101, gan vasar\u0101, gan k\u0101pjot iek&scaron;telp\u0101s, gan garus klasiskos kalnu mar&scaron;rutus. Pateicoties Dual Core tehnolo\u0123ijai sist\u0113ma ir ne tikai \u013coti komfortabla, bet ar\u012b labi elpojo&scaron;a. Ide\u0101li piem\u0113rota ies\u0101c\u0113jiem, kas v\u0113las izm\u0113\u0123in\u0101t sp\u0113kus visos k\u0101p&scaron;anas veidos.<\/span><\/p>\n<div>\n<ul>\n<li><span style=\"font-size: x-small\">4 ekip\u0113juma cilpas<\/span><\/li>\n<li><span style=\"font-size: x-small\">Speed Adjust regul\u0113jamas spr\u0101dzes gan viduklim, gan k\u0101ju cilp\u0101m.<\/span><\/li>\n<li><span style=\"font-size: x-small\">Elpojo&scaron;a viduk\u013ca da\u013ca<\/span><\/li>\n<li><span style=\"font-size: x-small\">12 kN aizmugur\u0113j\u0101 cilpa.<\/span><\/li>\n<\/ul>\n<\/div>\n<p align=\"justify\"><span style=\"font-size: x-small\">Svars: 370g (M izm.).<\/span><\/p>\n","protected":false},"excerpt":{"rendered":"<p>Daudzpus\u012bga, piln\u012bb\u0101 regul\u0113jama sist\u0113ma, kas labi noder\u0113s gan ziem\u0101, gan vasar\u0101, gan k\u0101pjot iek&scaron;telp\u0101s, gan garus klasiskos kalnu mar&scaron;rutus. Pateicoties Dual Core tehnolo\u0123ijai sist\u0113ma ir ne tikai \u013coti komfortabla, bet ar\u012b labi elpojo&scaron;a. Ide\u0101li piem\u0113rota ies\u0101c\u0113jiem, kas v\u0113las izm\u0113\u0123in\u0101t sp\u0113kus visos k\u0101p&scaron;anas veidos. 4 ekip\u0113juma cilpas Speed Adjust regul\u0113jamas spr\u0101dzes gan viduklim, gan k\u0101ju cilp\u0101m. [&hellip;]<\/p>\n","protected":false},"featured_media":0,"template":"","meta":[],"product_brand":[946],"product_cat":[4851,4859,4862],"product_tag":[],"class_list":{"0":"post-76732","1":"product","2":"type-product","3":"status-publish","5":"product_brand-black-diamond","6":"product_cat-mountaineering-equipment-recreation","7":"product_cat-for-rock-climbing-mountaineering-mountaineering-equipment-recreation","8":"product_cat-harnesses-systems-for-rock-climbing-mountaineering-mountaineering-equipment-recreation","10":"first","11":"instock","12":"shipping-taxable","13":"purchasable","14":"product-type-simple"},"_links":{"self":[{"href":"https:\/\/sezona.lv\/en\/wp-json\/wp\/v2\/product\/76732","targetHints":{"allow":["GET"]}}],"collection":[{"href":"https:\/\/sezona.lv\/en\/wp-json\/wp\/v2\/product"}],"about":[{"href":"https:\/\/sezona.lv\/en\/wp-json\/wp\/v2\/types\/product"}],"wp:attachment":[{"href":"https:\/\/sezona.lv\/en\/wp-json\/wp\/v2\/media?parent=76732"}],"wp:term":[{"taxonomy":"product_brand","embeddable":true,"href":"https:\/\/sezona.lv\/en\/wp-json\/wp\/v2\/product_brand?post=76732"},{"taxonomy":"product_cat","embeddable":true,"href":"https:\/\/sezona.lv\/en\/wp-json\/wp\/v2\/product_cat?post=76732"},{"taxonomy":"product_tag","embeddable":true,"href":"https:\/\/sezona.lv\/en\/wp-json\/wp\/v2\/product_tag?post=76732"}],"curies":[{"name":"wp","href":"https:\/\/api.w.org\/{rel}","templated":true}]}}