{"id":76734,"date":"2025-07-14T14:55:49","date_gmt":"2025-07-14T11:55:49","guid":{"rendered":"https:\/\/demo8.ecube.lv\/sezona.lv\/products\/drosinasanas-ierice-dmm-pivot-zila\/"},"modified":"2025-07-14T14:55:49","modified_gmt":"2025-07-14T11:55:49","slug":"drosinasanas-ierice-dmm-pivot-zila","status":"publish","type":"product","link":"https:\/\/sezona.lv\/en\/products\/drosinasanas-ierice-dmm-pivot-zila\/","title":{"rendered":"Dro\u0161in\u0101\u0161anas ier\u012bce DMM Pivot zila"},"content":{"rendered":"<p><span style=\"font-size: x-small\">Jaun\u0101 DMM dro&scaron;in\u0101&scaron;anas ier\u012bce Pivot ir unik\u0101la un funkcion\u0101la. T\u0101 ir moderna dro&scaron;in\u0101&scaron;anas ier\u012bce, kura ir dom\u0101ta dro&scaron;in\u0101&scaron;anai ar modernaj\u0101m dro&scaron;in\u0101&scaron;anas metod\u0113m un jaunaj\u0101m tievaj\u0101m virv\u0113m. Pivot apvieno sev\u012b jau tik ierasto dro&scaron;in\u0101&scaron;anas ier\u012b\u010du lab\u0101s \u012bpa&scaron;\u012bbas, k\u0101 ar\u012b pied\u0101v\u0101 jaunu risin\u0101jumu, lai atvieglotu darb\u012bbu ar ier\u012bci, kad tiek dro&scaron;in\u0101ts no dro&scaron;in\u0101&scaron;anas stacijas. Aug&scaron;\u0113jais stiprin\u0101juma punkts ir kust\u012bgs, tas atvieglo virves izdo&scaron;anu vai k\u0101p&scaron;anas partnera nolai&scaron;anu. Vienlaic\u012bgi var dro&scaron;in\u0101t divus cilv\u0113kus ar dubultaj\u0101m virv\u0113m. Tam ir speci\u0101las rievas, lai palielin\u0101tu berzi, t\u0101d\u0113j\u0101di tas ir \u012bpa&scaron;i piem\u0113rots dro&scaron;in\u0101&scaron;anai ar \u012bpa&scaron;i tiev\u0101m virv\u0113m. To ir \u013coti \u0113rti izmantot ar\u012b k\u0101 nolai&scaron;an\u0101s ier\u012bci. Pivot ir ide\u0101la ier\u012bce modernam k\u0101p\u0113jam gan klin&scaron;u k\u0101p&scaron;an\u0101, gan ar\u012b alp\u012bnajos mar&scaron;rutos. Ieteicams lietot kop\u0101 ar DMM Rhino karab\u012bni.<\/span><\/p>\n<p><span style=\"font-size: x-small\"><strong><span style=\"color: #800000\">Specifik\u0101cija:<\/span><\/strong><br \/><strong>Svars:<\/strong>&nbsp;72 grami<br \/><strong>Piem\u0113rots virv\u0113m:<\/strong>&nbsp;7.5-11mm (optim\u0101li 8-10.5mm)<\/span><\/p>\n","protected":false},"excerpt":{"rendered":"<p>Jaun\u0101 DMM dro&scaron;in\u0101&scaron;anas ier\u012bce Pivot ir unik\u0101la un funkcion\u0101la. T\u0101 ir moderna dro&scaron;in\u0101&scaron;anas ier\u012bce, kura ir dom\u0101ta dro&scaron;in\u0101&scaron;anai ar modernaj\u0101m dro&scaron;in\u0101&scaron;anas metod\u0113m un jaunaj\u0101m tievaj\u0101m virv\u0113m. Pivot apvieno sev\u012b jau tik ierasto dro&scaron;in\u0101&scaron;anas ier\u012b\u010du lab\u0101s \u012bpa&scaron;\u012bbas, k\u0101 ar\u012b pied\u0101v\u0101 jaunu risin\u0101jumu, lai atvieglotu darb\u012bbu ar ier\u012bci, kad tiek dro&scaron;in\u0101ts no dro&scaron;in\u0101&scaron;anas stacijas. Aug&scaron;\u0113jais stiprin\u0101juma punkts [&hellip;]<\/p>\n","protected":false},"featured_media":0,"template":"","meta":[],"product_brand":[965],"product_cat":[4851,4859,4863],"product_tag":[],"class_list":{"0":"post-76734","1":"product","2":"type-product","3":"status-publish","5":"product_brand-dmm","6":"product_cat-mountaineering-equipment-recreation","7":"product_cat-for-rock-climbing-mountaineering-mountaineering-equipment-recreation","8":"product_cat-safety-and-descent-devices-for-rock-climbing-mountaineering-mountaineering-equipment-recreation","10":"first","11":"instock","12":"shipping-taxable","13":"purchasable","14":"product-type-simple"},"_links":{"self":[{"href":"https:\/\/sezona.lv\/en\/wp-json\/wp\/v2\/product\/76734","targetHints":{"allow":["GET"]}}],"collection":[{"href":"https:\/\/sezona.lv\/en\/wp-json\/wp\/v2\/product"}],"about":[{"href":"https:\/\/sezona.lv\/en\/wp-json\/wp\/v2\/types\/product"}],"wp:attachment":[{"href":"https:\/\/sezona.lv\/en\/wp-json\/wp\/v2\/media?parent=76734"}],"wp:term":[{"taxonomy":"product_brand","embeddable":true,"href":"https:\/\/sezona.lv\/en\/wp-json\/wp\/v2\/product_brand?post=76734"},{"taxonomy":"product_cat","embeddable":true,"href":"https:\/\/sezona.lv\/en\/wp-json\/wp\/v2\/product_cat?post=76734"},{"taxonomy":"product_tag","embeddable":true,"href":"https:\/\/sezona.lv\/en\/wp-json\/wp\/v2\/product_tag?post=76734"}],"curies":[{"name":"wp","href":"https:\/\/api.w.org\/{rel}","templated":true}]}}