{"id":76735,"date":"2025-07-14T14:55:50","date_gmt":"2025-07-14T11:55:50","guid":{"rendered":"https:\/\/demo8.ecube.lv\/sezona.lv\/products\/drosinasanas-ierice-petzl-reverso-4-zala\/"},"modified":"2025-07-14T14:55:50","modified_gmt":"2025-07-14T11:55:50","slug":"drosinasanas-ierice-petzl-reverso-4-zala","status":"publish","type":"product","link":"https:\/\/sezona.lv\/en\/products\/drosinasanas-ierice-petzl-reverso-4-zala\/","title":{"rendered":"Dro\u0161in\u0101\u0161anas ier\u012bce Petzl Reverso 4 za\u013ca"},"content":{"rendered":"<p align=\"justify\"><span style=\"font-size: x-small\">Jaun\u0101s paaudzes Reverso nolai&scaron;an\u0101s un dro&scaron;in\u0101&scaron;anas ier\u012bce. IV versija ir viegl\u0101ka par iepriek&scaron;\u0113jo &#8211; tikai 59g! V-tipa gropes nodro&scaron;in\u0101s pietiekamu berzi virv\u0113m no 7.5mm (dubult\u0101s, pusvirves) &#8211; 11mm (pamatvirv\u0113m). Iesp\u0113jams lietot revers\u0101 veid\u0101, kad pie\u0146emot sekojo&scaron;os k\u0101p\u0113jus virve tiek autom\u0101tiski noblo\u0137\u0113ta kritiena gad\u012bjum\u0101. Stiprin\u0101juma vieta papildus karab\u012bnei, lai atbr\u012bvotu noblo\u0137\u0113jou ier\u012bci reversaj\u0101 st\u0101vokl\u012b.<\/span><\/p>\n<p>&nbsp;<\/p>\n<p align=\"justify\"><span style=\"font-size: x-small\">Svars: 59g.<\/span><\/p>\n","protected":false},"excerpt":{"rendered":"<p>Jaun\u0101s paaudzes Reverso nolai&scaron;an\u0101s un dro&scaron;in\u0101&scaron;anas ier\u012bce. IV versija ir viegl\u0101ka par iepriek&scaron;\u0113jo &#8211; tikai 59g! V-tipa gropes nodro&scaron;in\u0101s pietiekamu berzi virv\u0113m no 7.5mm (dubult\u0101s, pusvirves) &#8211; 11mm (pamatvirv\u0113m). Iesp\u0113jams lietot revers\u0101 veid\u0101, kad pie\u0146emot sekojo&scaron;os k\u0101p\u0113jus virve tiek autom\u0101tiski noblo\u0137\u0113ta kritiena gad\u012bjum\u0101. Stiprin\u0101juma vieta papildus karab\u012bnei, lai atbr\u012bvotu noblo\u0137\u0113jou ier\u012bci reversaj\u0101 st\u0101vokl\u012b. &nbsp; Svars: [&hellip;]<\/p>\n","protected":false},"featured_media":0,"template":"","meta":[],"product_brand":[957],"product_cat":[4851,4859,4863],"product_tag":[],"class_list":{"0":"post-76735","1":"product","2":"type-product","3":"status-publish","5":"product_brand-petzl","6":"product_cat-mountaineering-equipment-recreation","7":"product_cat-for-rock-climbing-mountaineering-mountaineering-equipment-recreation","8":"product_cat-safety-and-descent-devices-for-rock-climbing-mountaineering-mountaineering-equipment-recreation","10":"first","11":"instock","12":"shipping-taxable","13":"purchasable","14":"product-type-simple"},"_links":{"self":[{"href":"https:\/\/sezona.lv\/en\/wp-json\/wp\/v2\/product\/76735","targetHints":{"allow":["GET"]}}],"collection":[{"href":"https:\/\/sezona.lv\/en\/wp-json\/wp\/v2\/product"}],"about":[{"href":"https:\/\/sezona.lv\/en\/wp-json\/wp\/v2\/types\/product"}],"wp:attachment":[{"href":"https:\/\/sezona.lv\/en\/wp-json\/wp\/v2\/media?parent=76735"}],"wp:term":[{"taxonomy":"product_brand","embeddable":true,"href":"https:\/\/sezona.lv\/en\/wp-json\/wp\/v2\/product_brand?post=76735"},{"taxonomy":"product_cat","embeddable":true,"href":"https:\/\/sezona.lv\/en\/wp-json\/wp\/v2\/product_cat?post=76735"},{"taxonomy":"product_tag","embeddable":true,"href":"https:\/\/sezona.lv\/en\/wp-json\/wp\/v2\/product_tag?post=76735"}],"curies":[{"name":"wp","href":"https:\/\/api.w.org\/{rel}","templated":true}]}}