{"id":76737,"date":"2025-07-14T14:55:52","date_gmt":"2025-07-14T11:55:52","guid":{"rendered":"https:\/\/demo8.ecube.lv\/sezona.lv\/products\/drosinasanas-ierice-petzl-grigri-peleka\/"},"modified":"2025-07-14T14:55:52","modified_gmt":"2025-07-14T11:55:52","slug":"drosinasanas-ierice-petzl-grigri-peleka","status":"publish","type":"product","link":"https:\/\/sezona.lv\/en\/products\/drosinasanas-ierice-petzl-grigri-peleka\/","title":{"rendered":"Dro\u0161in\u0101\u0161anas ier\u012bce Petzl GriGri + pel\u0113ka"},"content":{"rendered":"<p align=\"justify\"><span>Grigri&reg;+ ir \u0113rti lietojama nolai&scaron;an\u0101s\/dro&scaron;in\u0101&scaron;anas ier\u012bce, kas piem\u0113rota visiem alp\u012bnistiem intens\u012bvai lieto&scaron;anai gan iek&scaron;telp\u0101s, gan \u0101r\u0101.<\/span><br \/><span>Divu lietojuma veidu izv\u0113le, k\u0101 ar\u012b pretpanikas rokturis, padara dro&scaron;in\u0101&scaron;anu daudz komfortabl\u0101ku, kas ir \u012bpa&scaron;i svar\u012bgi m\u0101c\u012b&scaron;an\u0101s proces\u0101.<\/span><br \/><span>Pateicoties &#8216;asist\u0113tajai&#8217; bremz\u0113&scaron;anas sist\u0113mai, kritiena gad\u012bjum\u0101 dor&scaron;in\u0101t\u0101js tur bremz\u0113jo&scaron;o virves pusi, izcilnis grie\u017eas un saspie\u017e virvi, palielinot bremz\u0113&scaron;anu, l\u012bdz virve p\u0101rst\u0101j sl\u012bd\u0113t.<\/span><br \/><span>Grigri&reg;+ dizains pie\u013cauj lielisku nolai&scaron;an\u0101s kontroli &#8211; viena roka tur virvi, bet otra izmanto rokturi, lai atblo\u0137\u0113tu izcilni.<\/span><br \/><span>Piem\u0113rots lieto&scaron;anai ar 8.9 l\u012bdz 10.5 mm dinamiskaj\u0101m pamatvirv\u0113m.<\/span><br \/><span>&Scaron;\u012b ier\u012bce ir kompakta un viegla (200 g).<\/span><br \/><span>Uz ier\u012bces iegrav\u0113tas diagrammas par virves ievieto&scaron;anu.<\/span><\/p>\n<p><span>Materi\u0101li: Alum\u012bnija s\u0101nu pl\u0101tnes, ner\u016bs\u0113jo&scaron;a t\u0113rauda izcilnis un berzes pl\u0101ksne, stiprin\u0101ts neilona rokturis.<\/span><br \/><span>Sertifik\u0101cija: CE EN 15151, UIAA.<\/span><\/p>\n<p><span style=\"color: #800000;font-size: x-small\"><strong>Specifik\u0101cija:<\/strong><\/span><\/p>\n<table id=\"item-table\" class=\"dynamic-table specific\" border=\"0\">\n<tbody>\n<tr>\n<td>Pielietojums<\/td>\n<td>Sportam; Sportam<\/td>\n<\/tr>\n<tr>\n<td>Pamatvirve<\/td>\n<td>8.9 &#8211; 10.5 mm<\/td>\n<\/tr>\n<tr>\n<td>Veids<\/td>\n<td>Pa&scaron;blo\u0137\u0113jo&scaron;\u0101s<\/td>\n<\/tr>\n<tr>\n<td>Svars<\/td>\n<td>0.2 kg<\/td>\n<\/tr>\n<tr>\n<td>Katalogu numuri<\/td>\n<td>D13A G<\/td>\n<\/tr>\n<\/tbody>\n<\/table>\n","protected":false},"excerpt":{"rendered":"<p>Grigri&reg;+ ir \u0113rti lietojama nolai&scaron;an\u0101s\/dro&scaron;in\u0101&scaron;anas ier\u012bce, kas piem\u0113rota visiem alp\u012bnistiem intens\u012bvai lieto&scaron;anai gan iek&scaron;telp\u0101s, gan \u0101r\u0101.Divu lietojuma veidu izv\u0113le, k\u0101 ar\u012b pretpanikas rokturis, padara dro&scaron;in\u0101&scaron;anu daudz komfortabl\u0101ku, kas ir \u012bpa&scaron;i svar\u012bgi m\u0101c\u012b&scaron;an\u0101s proces\u0101.Pateicoties &#8216;asist\u0113tajai&#8217; bremz\u0113&scaron;anas sist\u0113mai, kritiena gad\u012bjum\u0101 dor&scaron;in\u0101t\u0101js tur bremz\u0113jo&scaron;o virves pusi, izcilnis grie\u017eas un saspie\u017e virvi, palielinot bremz\u0113&scaron;anu, l\u012bdz virve p\u0101rst\u0101j sl\u012bd\u0113t.Grigri&reg;+ dizains [&hellip;]<\/p>\n","protected":false},"featured_media":0,"template":"","meta":[],"product_brand":[957],"product_cat":[4640,4851,4859,4863],"product_tag":[],"class_list":{"0":"post-76737","1":"product","2":"type-product","3":"status-publish","5":"product_brand-petzl","6":"product_cat-recreation","7":"product_cat-mountaineering-equipment-recreation","8":"product_cat-for-rock-climbing-mountaineering-mountaineering-equipment-recreation","9":"product_cat-safety-and-descent-devices-for-rock-climbing-mountaineering-mountaineering-equipment-recreation","11":"first","12":"instock","13":"shipping-taxable","14":"purchasable","15":"product-type-simple"},"_links":{"self":[{"href":"https:\/\/sezona.lv\/en\/wp-json\/wp\/v2\/product\/76737","targetHints":{"allow":["GET"]}}],"collection":[{"href":"https:\/\/sezona.lv\/en\/wp-json\/wp\/v2\/product"}],"about":[{"href":"https:\/\/sezona.lv\/en\/wp-json\/wp\/v2\/types\/product"}],"wp:attachment":[{"href":"https:\/\/sezona.lv\/en\/wp-json\/wp\/v2\/media?parent=76737"}],"wp:term":[{"taxonomy":"product_brand","embeddable":true,"href":"https:\/\/sezona.lv\/en\/wp-json\/wp\/v2\/product_brand?post=76737"},{"taxonomy":"product_cat","embeddable":true,"href":"https:\/\/sezona.lv\/en\/wp-json\/wp\/v2\/product_cat?post=76737"},{"taxonomy":"product_tag","embeddable":true,"href":"https:\/\/sezona.lv\/en\/wp-json\/wp\/v2\/product_tag?post=76737"}],"curies":[{"name":"wp","href":"https:\/\/api.w.org\/{rel}","templated":true}]}}