{"id":76738,"date":"2025-07-14T14:55:52","date_gmt":"2025-07-14T11:55:52","guid":{"rendered":"https:\/\/demo8.ecube.lv\/sezona.lv\/products\/drosinasanas-ierice-dmm-bug\/"},"modified":"2025-07-14T14:55:52","modified_gmt":"2025-07-14T11:55:52","slug":"drosinasanas-ierice-dmm-bug","status":"publish","type":"product","link":"https:\/\/sezona.lv\/en\/products\/drosinasanas-ierice-dmm-bug\/","title":{"rendered":"Dro\u0161in\u0101\u0161anas ier\u012bce DMM Bug"},"content":{"rendered":"<p><span style=\"font-size: x-small\">Dro&scaron;in\u0101&scaron;anas un nolai&scaron;an\u0101s ier\u012bce sporta k\u0101p&scaron;anai. Iesp\u0113jams lietot gan ar pamatvirvi, gan dubultaj\u0101m virv\u0113m.<\/span><\/p>\n<p>&nbsp;<\/p>\n<p><span style=\"font-size: x-small\">Specifik\u0101cija:<br \/>Virves diam.: 9 &#8211; 11mm<br \/>Svars: 75g<\/span><\/p>\n","protected":false},"excerpt":{"rendered":"<p>Dro&scaron;in\u0101&scaron;anas un nolai&scaron;an\u0101s ier\u012bce sporta k\u0101p&scaron;anai. Iesp\u0113jams lietot gan ar pamatvirvi, gan dubultaj\u0101m virv\u0113m. &nbsp; Specifik\u0101cija:Virves diam.: 9 &#8211; 11mmSvars: 75g<\/p>\n","protected":false},"featured_media":0,"template":"","meta":[],"product_brand":[965],"product_cat":[4851,4859,4863],"product_tag":[],"class_list":{"0":"post-76738","1":"product","2":"type-product","3":"status-publish","5":"product_brand-dmm","6":"product_cat-mountaineering-equipment-recreation","7":"product_cat-for-rock-climbing-mountaineering-mountaineering-equipment-recreation","8":"product_cat-safety-and-descent-devices-for-rock-climbing-mountaineering-mountaineering-equipment-recreation","10":"first","11":"instock","12":"shipping-taxable","13":"purchasable","14":"product-type-simple"},"_links":{"self":[{"href":"https:\/\/sezona.lv\/en\/wp-json\/wp\/v2\/product\/76738","targetHints":{"allow":["GET"]}}],"collection":[{"href":"https:\/\/sezona.lv\/en\/wp-json\/wp\/v2\/product"}],"about":[{"href":"https:\/\/sezona.lv\/en\/wp-json\/wp\/v2\/types\/product"}],"wp:attachment":[{"href":"https:\/\/sezona.lv\/en\/wp-json\/wp\/v2\/media?parent=76738"}],"wp:term":[{"taxonomy":"product_brand","embeddable":true,"href":"https:\/\/sezona.lv\/en\/wp-json\/wp\/v2\/product_brand?post=76738"},{"taxonomy":"product_cat","embeddable":true,"href":"https:\/\/sezona.lv\/en\/wp-json\/wp\/v2\/product_cat?post=76738"},{"taxonomy":"product_tag","embeddable":true,"href":"https:\/\/sezona.lv\/en\/wp-json\/wp\/v2\/product_tag?post=76738"}],"curies":[{"name":"wp","href":"https:\/\/api.w.org\/{rel}","templated":true}]}}