{"id":76739,"date":"2025-07-14T14:55:53","date_gmt":"2025-07-14T11:55:53","guid":{"rendered":"https:\/\/demo8.ecube.lv\/sezona.lv\/products\/drosinasanas-ierice-dmm-bug-belay-master-set\/"},"modified":"2025-07-14T14:55:53","modified_gmt":"2025-07-14T11:55:53","slug":"drosinasanas-ierice-dmm-bug-belay-master-set","status":"publish","type":"product","link":"https:\/\/sezona.lv\/en\/products\/drosinasanas-ierice-dmm-bug-belay-master-set\/","title":{"rendered":"Dro\u0161in\u0101\u0161anas ier\u012bce DMM Bug\/Belay Master Set"},"content":{"rendered":"<p><span>Dro&scaron;in\u0101&scaron;anas komplekts sporta k\u0101p&scaron;anai un klin&scaron;k\u0101p&scaron;anai. Komplekt\u0101 DMM Belay Master 2 karab\u012bne un Bug dro&scaron;in\u0101&scaron;anas ier\u012bce. Piem\u0113ros virv\u0113m diametr\u0101 9-11mm<\/span><\/p>\n<p><span>Svars: 172g<\/span><\/p>\n","protected":false},"excerpt":{"rendered":"<p>Dro&scaron;in\u0101&scaron;anas komplekts sporta k\u0101p&scaron;anai un klin&scaron;k\u0101p&scaron;anai. Komplekt\u0101 DMM Belay Master 2 karab\u012bne un Bug dro&scaron;in\u0101&scaron;anas ier\u012bce. Piem\u0113ros virv\u0113m diametr\u0101 9-11mm Svars: 172g<\/p>\n","protected":false},"featured_media":0,"template":"","meta":[],"product_brand":[965],"product_cat":[4851,4859,4863],"product_tag":[],"class_list":{"0":"post-76739","1":"product","2":"type-product","3":"status-publish","5":"product_brand-dmm","6":"product_cat-mountaineering-equipment-recreation","7":"product_cat-for-rock-climbing-mountaineering-mountaineering-equipment-recreation","8":"product_cat-safety-and-descent-devices-for-rock-climbing-mountaineering-mountaineering-equipment-recreation","10":"first","11":"instock","12":"shipping-taxable","13":"purchasable","14":"product-type-simple"},"_links":{"self":[{"href":"https:\/\/sezona.lv\/en\/wp-json\/wp\/v2\/product\/76739","targetHints":{"allow":["GET"]}}],"collection":[{"href":"https:\/\/sezona.lv\/en\/wp-json\/wp\/v2\/product"}],"about":[{"href":"https:\/\/sezona.lv\/en\/wp-json\/wp\/v2\/types\/product"}],"wp:attachment":[{"href":"https:\/\/sezona.lv\/en\/wp-json\/wp\/v2\/media?parent=76739"}],"wp:term":[{"taxonomy":"product_brand","embeddable":true,"href":"https:\/\/sezona.lv\/en\/wp-json\/wp\/v2\/product_brand?post=76739"},{"taxonomy":"product_cat","embeddable":true,"href":"https:\/\/sezona.lv\/en\/wp-json\/wp\/v2\/product_cat?post=76739"},{"taxonomy":"product_tag","embeddable":true,"href":"https:\/\/sezona.lv\/en\/wp-json\/wp\/v2\/product_tag?post=76739"}],"curies":[{"name":"wp","href":"https:\/\/api.w.org\/{rel}","templated":true}]}}