{"id":76740,"date":"2025-07-14T14:55:54","date_gmt":"2025-07-14T11:55:54","guid":{"rendered":"https:\/\/demo8.ecube.lv\/sezona.lv\/products\/nolaisanas-plaksne-dmm-anka\/"},"modified":"2025-07-14T14:55:54","modified_gmt":"2025-07-14T11:55:54","slug":"nolaisanas-plaksne-dmm-anka","status":"publish","type":"product","link":"https:\/\/sezona.lv\/en\/products\/nolaisanas-plaksne-dmm-anka\/","title":{"rendered":"Nolai\u0161an\u0101s pl\u0101ksne DMM Anka"},"content":{"rendered":"<p align=\"justify\"><span style=\"font-size: x-small\">Anodiz\u0113ta alum\u012bnija &#8220;astotnieka&#8221; tipa nolai&scaron;an\u0101s ier\u012bce ar 90 gr\u0101du sagriezienu. &Scaron;\u0101ds sav\u0113rsums nodro&scaron;in\u0101s pareizu poz\u012bciju, lietojot sist\u0113mas, kam centr\u0101lais stiprin\u0101juma punkts ir vertik\u0101li (liel\u0101k\u0101 da\u013ca sporta sist\u0113mas, darba sist\u0113mas). Ier\u012bc\u0113 iz izmantots daudz alum\u012bnija, lai maz\u0101k uzkarstu un paildzin\u0101tu t\u0101 kalpo&scaron;anas laiku.<\/span><\/p>\n<div><\/div>\n<p align=\"justify\"><span style=\"font-size: x-small\">Svars: 169g<\/span><\/p>\n<div><\/div>\n<p align=\"justify\"><span style=\"font-size: x-small\">Sertifik\u0101cija: BS EN 7599:2010 AA10<\/span><\/p>\n","protected":false},"excerpt":{"rendered":"<p>Anodiz\u0113ta alum\u012bnija &#8220;astotnieka&#8221; tipa nolai&scaron;an\u0101s ier\u012bce ar 90 gr\u0101du sagriezienu. &Scaron;\u0101ds sav\u0113rsums nodro&scaron;in\u0101s pareizu poz\u012bciju, lietojot sist\u0113mas, kam centr\u0101lais stiprin\u0101juma punkts ir vertik\u0101li (liel\u0101k\u0101 da\u013ca sporta sist\u0113mas, darba sist\u0113mas). Ier\u012bc\u0113 iz izmantots daudz alum\u012bnija, lai maz\u0101k uzkarstu un paildzin\u0101tu t\u0101 kalpo&scaron;anas laiku. Svars: 169g Sertifik\u0101cija: BS EN 7599:2010 AA10<\/p>\n","protected":false},"featured_media":0,"template":"","meta":[],"product_brand":[965],"product_cat":[4851,4859,4863],"product_tag":[],"class_list":{"0":"post-76740","1":"product","2":"type-product","3":"status-publish","5":"product_brand-dmm","6":"product_cat-mountaineering-equipment-recreation","7":"product_cat-for-rock-climbing-mountaineering-mountaineering-equipment-recreation","8":"product_cat-safety-and-descent-devices-for-rock-climbing-mountaineering-mountaineering-equipment-recreation","10":"first","11":"instock","12":"shipping-taxable","13":"purchasable","14":"product-type-simple"},"_links":{"self":[{"href":"https:\/\/sezona.lv\/en\/wp-json\/wp\/v2\/product\/76740","targetHints":{"allow":["GET"]}}],"collection":[{"href":"https:\/\/sezona.lv\/en\/wp-json\/wp\/v2\/product"}],"about":[{"href":"https:\/\/sezona.lv\/en\/wp-json\/wp\/v2\/types\/product"}],"wp:attachment":[{"href":"https:\/\/sezona.lv\/en\/wp-json\/wp\/v2\/media?parent=76740"}],"wp:term":[{"taxonomy":"product_brand","embeddable":true,"href":"https:\/\/sezona.lv\/en\/wp-json\/wp\/v2\/product_brand?post=76740"},{"taxonomy":"product_cat","embeddable":true,"href":"https:\/\/sezona.lv\/en\/wp-json\/wp\/v2\/product_cat?post=76740"},{"taxonomy":"product_tag","embeddable":true,"href":"https:\/\/sezona.lv\/en\/wp-json\/wp\/v2\/product_tag?post=76740"}],"curies":[{"name":"wp","href":"https:\/\/api.w.org\/{rel}","templated":true}]}}