{"id":76742,"date":"2025-07-14T14:55:55","date_gmt":"2025-07-14T11:55:55","guid":{"rendered":"https:\/\/demo8.ecube.lv\/sezona.lv\/products\/karabine-dmm-xsre-violeta\/"},"modified":"2025-07-14T14:55:55","modified_gmt":"2025-07-14T11:55:55","slug":"karabine-dmm-xsre-violeta","status":"publish","type":"product","link":"https:\/\/sezona.lv\/en\/products\/karabine-dmm-xsre-violeta\/","title":{"rendered":"Karab\u012bne DMM XSRE violeta"},"content":{"rendered":"<p align=\"justify\"><span style=\"font-size: x-small\">Maza, ov\u0101la, iztur\u012bga piederumu karab\u012bne. I-Beam konstrukcija nodro&scaron;ina izcilu iztur\u012bbu &#8211; 4kN. Keylock gludais karab\u012bnes deguns ne\u013caus virvei vai cilp\u0101m aiz\u0137erties. Paredz\u0113ta arboristiem lai piestiprin\u0101tu metamo maisi\u0146u pie metam\u0101s virv\u012btes.<br \/><\/span><\/p>\n<div><\/div>\n<p align=\"justify\"><span style=\"font-size: x-small\">Pla&scaron;s pielietojums.<\/span><\/p>\n<p align=\"justify\"><span style=\"font-size: x-small\"><span style=\"text-decoration: underline\"><strong><span style=\"color: #800000\">Nav paredz\u0113ta k\u0101p&scaron;anai!<\/span><\/strong><\/span><\/span><\/p>\n<div><\/div>\n<p align=\"justify\"><span style=\"font-size: x-small\"><strong><span style=\"color: #800000\">Specifik\u0101cija:<\/span><\/strong><br \/>Iztur\u012bba: 4kN<br \/>Svars: 8.1g<\/span><\/p>\n","protected":false},"excerpt":{"rendered":"<p>Maza, ov\u0101la, iztur\u012bga piederumu karab\u012bne. I-Beam konstrukcija nodro&scaron;ina izcilu iztur\u012bbu &#8211; 4kN. Keylock gludais karab\u012bnes deguns ne\u013caus virvei vai cilp\u0101m aiz\u0137erties. Paredz\u0113ta arboristiem lai piestiprin\u0101tu metamo maisi\u0146u pie metam\u0101s virv\u012btes. Pla&scaron;s pielietojums. Nav paredz\u0113ta k\u0101p&scaron;anai! Specifik\u0101cija:Iztur\u012bba: 4kNSvars: 8.1g<\/p>\n","protected":false},"featured_media":0,"template":"","meta":[],"product_brand":[965],"product_cat":[4851,4859,4864],"product_tag":[],"class_list":{"0":"post-76742","1":"product","2":"type-product","3":"status-publish","5":"product_brand-dmm","6":"product_cat-mountaineering-equipment-recreation","7":"product_cat-for-rock-climbing-mountaineering-mountaineering-equipment-recreation","8":"product_cat-carabiners-for-rock-climbing-mountaineering-mountaineering-equipment-recreation","10":"first","11":"instock","12":"shipping-taxable","13":"purchasable","14":"product-type-simple"},"_links":{"self":[{"href":"https:\/\/sezona.lv\/en\/wp-json\/wp\/v2\/product\/76742","targetHints":{"allow":["GET"]}}],"collection":[{"href":"https:\/\/sezona.lv\/en\/wp-json\/wp\/v2\/product"}],"about":[{"href":"https:\/\/sezona.lv\/en\/wp-json\/wp\/v2\/types\/product"}],"wp:attachment":[{"href":"https:\/\/sezona.lv\/en\/wp-json\/wp\/v2\/media?parent=76742"}],"wp:term":[{"taxonomy":"product_brand","embeddable":true,"href":"https:\/\/sezona.lv\/en\/wp-json\/wp\/v2\/product_brand?post=76742"},{"taxonomy":"product_cat","embeddable":true,"href":"https:\/\/sezona.lv\/en\/wp-json\/wp\/v2\/product_cat?post=76742"},{"taxonomy":"product_tag","embeddable":true,"href":"https:\/\/sezona.lv\/en\/wp-json\/wp\/v2\/product_tag?post=76742"}],"curies":[{"name":"wp","href":"https:\/\/api.w.org\/{rel}","templated":true}]}}