{"id":76748,"date":"2025-07-14T14:55:59","date_gmt":"2025-07-14T11:55:59","guid":{"rendered":"https:\/\/demo8.ecube.lv\/sezona.lv\/products\/karabine-dmm-revolver\/"},"modified":"2025-07-14T14:55:59","modified_gmt":"2025-07-14T11:55:59","slug":"karabine-dmm-revolver","status":"publish","type":"product","link":"https:\/\/sezona.lv\/en\/products\/karabine-dmm-revolver\/","title":{"rendered":"Karab\u012bne DMM Revolver"},"content":{"rendered":"<p align=\"justify\"><span style=\"font-size: x-small\">DMM Re<span style=\"font-size: x-small\">volver karab\u012bne ir apr\u012bkota ar&nbsp;<span style=\"font-size: x-small\">efekt\u012bvu skrituli t\u0101 vien\u0101 gal\u0101, lai mazin\u0101tu&nbsp;<span style=\"font-size: x-small\">virves berzi izvelkot kravu, veicot g<span style=\"font-size: x-small\">l\u0101b&scaron;anas darbus vai mazinot berzi ko rada virve, kad t\u0101 iet caur atsaiti, k\u0101pjot ar apak&scaron;\u0113jo dro&scaron;in\u0101&scaron;anu.<\/span><\/span><\/span><\/span><\/span>&nbsp;<span style=\"font-size: x-small\">&Scaron;\u012b karab\u012bne b\u016bs \u013coti noder\u012bga gan klin&scaron;u k\u0101p&scaron;an\u0101, k\u0101pjot mar&scaron;rutus ar tradicion\u0101lo dro&scaron;in\u0101&scaron;anu, gan ar\u012b kalnu mar&scaron;rutos, kur virves rad\u012bt\u0101 berze ir b\u016btisks faktors. Lietojot p\u0101ris &scaron;\u012bs Revolver karab\u012bnes, j\u016bs b\u016btiski var\u0113siet uzlabot savu k\u0101p&scaron;anas komfortu.<\/span><\/p>\n<p>&nbsp;<\/p>\n<p>&nbsp;<\/p>\n<table border=\"0\" cellspacing=\"1\" cellpadding=\"1\" width=\"570\">\n<tbody>\n<tr>\n<td align=\"left\" valign=\"top\">\n<p><span style=\"font-size: x-small\"><span style=\"color: #800000\"><span style=\"text-decoration: underline\"><strong>Specifik\u0101cija<\/p>\n<p><\/strong><\/span><\/span><\/span><\/p>\n<p><span style=\"font-size: x-small\"><strong>Materi\u0101ls:&nbsp;<\/strong>alum\u012bnijs<strong><br \/>Svars:&nbsp;<\/strong>51 grami<br \/><strong>Muftas atv\u0113rums:&nbsp;<\/strong>24 mm<br \/><\/span><span style=\"font-size: x-small\"><strong>Iztur\u012bba pie aizv\u0113rtas muftas:&nbsp;<\/strong>24 kN<strong><br \/>Iztur\u012bba pie atv\u0113rtas muftas:&nbsp;<\/strong>9 kN<br \/><strong>Iztur\u012bba vertik\u0101l\u0101 ass:<\/strong>&nbsp;7 kN<br \/><strong>Garums:&nbsp;<\/strong>109mm<br \/><strong>Platums:&nbsp;<\/strong>60mm<br \/><\/span><\/p>\n<\/td>\n<td align=\"right\"><img loading=\"lazy\" decoding=\"async\" src=\"http:\/\/www.virsotne.lv\/userfiles\/image\/DMM\/A2723.jpg\" alt=\"\" width=\"290\" height=\"160\" \/><\/p>\n<\/td>\n<\/tr>\n<\/tbody>\n<\/table>\n","protected":false},"excerpt":{"rendered":"<p>DMM Revolver karab\u012bne ir apr\u012bkota ar&nbsp;efekt\u012bvu skrituli t\u0101 vien\u0101 gal\u0101, lai mazin\u0101tu&nbsp;virves berzi izvelkot kravu, veicot gl\u0101b&scaron;anas darbus vai mazinot berzi ko rada virve, kad t\u0101 iet caur atsaiti, k\u0101pjot ar apak&scaron;\u0113jo dro&scaron;in\u0101&scaron;anu.&nbsp;&Scaron;\u012b karab\u012bne b\u016bs \u013coti noder\u012bga gan klin&scaron;u k\u0101p&scaron;an\u0101, k\u0101pjot mar&scaron;rutus ar tradicion\u0101lo dro&scaron;in\u0101&scaron;anu, gan ar\u012b kalnu mar&scaron;rutos, kur virves rad\u012bt\u0101 berze ir b\u016btisks [&hellip;]<\/p>\n","protected":false},"featured_media":0,"template":"","meta":[],"product_brand":[965],"product_cat":[4851,4859,4864],"product_tag":[],"class_list":{"0":"post-76748","1":"product","2":"type-product","3":"status-publish","5":"product_brand-dmm","6":"product_cat-mountaineering-equipment-recreation","7":"product_cat-for-rock-climbing-mountaineering-mountaineering-equipment-recreation","8":"product_cat-carabiners-for-rock-climbing-mountaineering-mountaineering-equipment-recreation","10":"first","11":"instock","12":"shipping-taxable","13":"purchasable","14":"product-type-simple"},"_links":{"self":[{"href":"https:\/\/sezona.lv\/en\/wp-json\/wp\/v2\/product\/76748","targetHints":{"allow":["GET"]}}],"collection":[{"href":"https:\/\/sezona.lv\/en\/wp-json\/wp\/v2\/product"}],"about":[{"href":"https:\/\/sezona.lv\/en\/wp-json\/wp\/v2\/types\/product"}],"wp:attachment":[{"href":"https:\/\/sezona.lv\/en\/wp-json\/wp\/v2\/media?parent=76748"}],"wp:term":[{"taxonomy":"product_brand","embeddable":true,"href":"https:\/\/sezona.lv\/en\/wp-json\/wp\/v2\/product_brand?post=76748"},{"taxonomy":"product_cat","embeddable":true,"href":"https:\/\/sezona.lv\/en\/wp-json\/wp\/v2\/product_cat?post=76748"},{"taxonomy":"product_tag","embeddable":true,"href":"https:\/\/sezona.lv\/en\/wp-json\/wp\/v2\/product_tag?post=76748"}],"curies":[{"name":"wp","href":"https:\/\/api.w.org\/{rel}","templated":true}]}}