{"id":76749,"date":"2025-07-14T14:56:00","date_gmt":"2025-07-14T11:56:00","guid":{"rendered":"https:\/\/demo8.ecube.lv\/sezona.lv\/products\/karabine-dmm-big-boa-hms\/"},"modified":"2025-07-14T14:56:00","modified_gmt":"2025-07-14T11:56:00","slug":"karabine-dmm-big-boa-hms","status":"publish","type":"product","link":"https:\/\/sezona.lv\/en\/products\/karabine-dmm-big-boa-hms\/","title":{"rendered":"Karab\u012bne DMM Big Boa HMS"},"content":{"rendered":"<p align=\"justify\"><span style=\"font-size: x-small\">DMM Big Boa ir liela izm\u0113ra alum\u012bnija karab\u012bne<span style=\"font-size: x-small\">&nbsp;ar pap<span style=\"font-size: x-small\">la&scaron;in<span style=\"font-size: x-small\">\u0101tu vienu galu, lai taj\u0101 var\u0113tu sakabin<span style=\"font-size: x-small\">\u0101t vair\u0101kas ier<span style=\"font-size: x-small\">\u012bces vai virves vienlaic\u012bgi. Lieliski noder darbojoties ar cimdiem un iekabinot&nbsp;<span style=\"font-size: x-small\">vienu vai vair\u0101kas virves ar<span style=\"font-size: x-small\">k\u0101psl\u012b<span style=\"font-size: x-small\">&scaron;a mezglu vai nolai\u017eoties izmantojot bremzes mezglu<span style=\"font-size: x-small\">&nbsp;(Munter mezgls).<\/span><\/span><\/span><\/span><\/span><\/span><\/span><\/span><\/span><\/span><\/p>\n<p>&nbsp;<\/p>\n<p><span style=\"font-size: x-small\">&nbsp;<\/span><\/p>\n<p>&nbsp;<\/p>\n<p><p>&nbsp;<\/p>\n<\/p>\n<table border=\"0\" cellspacing=\"1\" cellpadding=\"1\" width=\"570\">\n<tbody>\n<tr>\n<td align=\"left\" valign=\"top\">\n<p><span style=\"font-size: x-small\"><span style=\"color: #800000\"><span style=\"text-decoration: underline\"><strong>Specifik\u0101cija<\/p>\n<p><\/strong><\/span><\/span><\/span><\/p>\n<p><span style=\"font-size: x-small\"><strong>Materi\u0101ls:&nbsp;<\/strong>alum\u012bnijs<strong><br \/>Svars:&nbsp;<\/strong>83 grami<br \/><strong>Muftas atv\u0113rums:&nbsp;<\/strong>25 mm<br \/><\/span><span style=\"font-size: x-small\"><strong>Iztur\u012bba pie aizv\u0113rtas muftas:&nbsp;<\/strong>25 kN<strong><br \/>Iztur\u012bba pie atv\u0113rtas muftas:&nbsp;<\/strong>8 kN<br \/><strong>Iztur\u012bba vertik\u0101l\u0101 ass:<\/strong>&nbsp;10 kN<br \/><strong>Garums:&nbsp;<\/strong>120mm<br \/><strong>Platums:&nbsp;<\/strong>81mm<br \/><strong>Kr\u0101sa:<\/strong>&nbsp;Pel\u0113kza\u013ca<br \/><\/span><\/p>\n<\/td>\n<td align=\"right\"><img loading=\"lazy\" decoding=\"async\" src=\"http:\/\/www.virsotne.lv\/userfiles\/image\/DMM\/A8921.jpg\" alt=\"\" width=\"287\" height=\"194\" \/><\/td>\n<\/tr>\n<\/tbody>\n<\/table>\n","protected":false},"excerpt":{"rendered":"<p>DMM Big Boa ir liela izm\u0113ra alum\u012bnija karab\u012bne&nbsp;ar papla&scaron;in\u0101tu vienu galu, lai taj\u0101 var\u0113tu sakabin\u0101t vair\u0101kas ier\u012bces vai virves vienlaic\u012bgi. Lieliski noder darbojoties ar cimdiem un iekabinot&nbsp;vienu vai vair\u0101kas virves ark\u0101psl\u012b&scaron;a mezglu vai nolai\u017eoties izmantojot bremzes mezglu&nbsp;(Munter mezgls). &nbsp; &nbsp; &nbsp; &nbsp; Specifik\u0101cija Materi\u0101ls:&nbsp;alum\u012bnijsSvars:&nbsp;83 gramiMuftas atv\u0113rums:&nbsp;25 mmIztur\u012bba pie aizv\u0113rtas muftas:&nbsp;25 kNIztur\u012bba pie atv\u0113rtas muftas:&nbsp;8 kNIztur\u012bba [&hellip;]<\/p>\n","protected":false},"featured_media":0,"template":"","meta":[],"product_brand":[965],"product_cat":[4851,4859,4864],"product_tag":[],"class_list":{"0":"post-76749","1":"product","2":"type-product","3":"status-publish","5":"product_brand-dmm","6":"product_cat-mountaineering-equipment-recreation","7":"product_cat-for-rock-climbing-mountaineering-mountaineering-equipment-recreation","8":"product_cat-carabiners-for-rock-climbing-mountaineering-mountaineering-equipment-recreation","10":"first","11":"instock","12":"shipping-taxable","13":"purchasable","14":"product-type-simple"},"_links":{"self":[{"href":"https:\/\/sezona.lv\/en\/wp-json\/wp\/v2\/product\/76749","targetHints":{"allow":["GET"]}}],"collection":[{"href":"https:\/\/sezona.lv\/en\/wp-json\/wp\/v2\/product"}],"about":[{"href":"https:\/\/sezona.lv\/en\/wp-json\/wp\/v2\/types\/product"}],"wp:attachment":[{"href":"https:\/\/sezona.lv\/en\/wp-json\/wp\/v2\/media?parent=76749"}],"wp:term":[{"taxonomy":"product_brand","embeddable":true,"href":"https:\/\/sezona.lv\/en\/wp-json\/wp\/v2\/product_brand?post=76749"},{"taxonomy":"product_cat","embeddable":true,"href":"https:\/\/sezona.lv\/en\/wp-json\/wp\/v2\/product_cat?post=76749"},{"taxonomy":"product_tag","embeddable":true,"href":"https:\/\/sezona.lv\/en\/wp-json\/wp\/v2\/product_tag?post=76749"}],"curies":[{"name":"wp","href":"https:\/\/api.w.org\/{rel}","templated":true}]}}