{"id":76750,"date":"2025-07-14T14:56:01","date_gmt":"2025-07-14T11:56:01","guid":{"rendered":"https:\/\/demo8.ecube.lv\/sezona.lv\/products\/karabine-dmm-sentinel-hms\/"},"modified":"2025-07-14T14:56:01","modified_gmt":"2025-07-14T11:56:01","slug":"karabine-dmm-sentinel-hms","status":"publish","type":"product","link":"https:\/\/sezona.lv\/en\/products\/karabine-dmm-sentinel-hms\/","title":{"rendered":"Karab\u012bne DMM Sentinel HMS"},"content":{"rendered":"<p align=\"justify\"><span style=\"font-size: x-small\">DMM&nbsp;<span style=\"font-size: x-small\">Sentinel ir ergonomiska al<span style=\"font-size: x-small\">um\u012bnija karab\u012bne, kas lieliski noder pa&scaron;dro&scaron;in\u0101&scaron;anu<\/span>&nbsp;cilpu galos, jo t\u0101 lieliski iegu\u013c rok\u0101<\/span>&nbsp;un ir \u0113rti lietojama ar vienu roku.<\/span><\/p>\n<p>&nbsp;<\/p>\n<p>&nbsp;<\/p>\n<table border=\"0\" cellspacing=\"1\" cellpadding=\"1\" width=\"570\">\n<tbody>\n<tr>\n<td align=\"left\" valign=\"top\">\n<p><span style=\"font-size: x-small\"><span style=\"color: #800000\"><span style=\"text-decoration: underline\"><strong>Specifik\u0101cija<\/p>\n<p><\/strong><\/span><\/span><\/span><\/p>\n<p><span style=\"font-size: x-small\"><strong>Materi\u0101ls:&nbsp;<\/strong>alum\u012bnijs<strong><br \/>Svars:&nbsp;<\/strong>54 grami<br \/><strong>Muftas atv\u0113rums:&nbsp;<\/strong>18 mm<br \/><\/span><span style=\"font-size: x-small\"><strong>Iztur\u012bba pie aizv\u0113rtas muftas:&nbsp;<\/strong>24 kN<strong><br \/>Iztur\u012bba pie atv\u0113rtas muftas:&nbsp;<\/strong>8 kN<br \/><strong>Iztur\u012bba vertik\u0101l\u0101 ass:<\/strong>&nbsp;10 kN<br \/><strong>Garums:&nbsp;<\/strong>98,5mm<br \/><strong>Platums:&nbsp;<\/strong>66mm<br \/><strong>Kr\u0101sa:<\/strong>&nbsp;Pel\u0113kza\u013ca<br \/><\/span><\/p>\n<\/td>\n<td align=\"right\"><img loading=\"lazy\" decoding=\"async\" src=\"http:\/\/www.virsotne.lv\/userfiles\/image\/DMM\/A2625.jpg\" alt=\"\" width=\"290\" height=\"192\" \/><\/td>\n<\/tr>\n<\/tbody>\n<\/table>\n","protected":false},"excerpt":{"rendered":"<p>DMM&nbsp;Sentinel ir ergonomiska alum\u012bnija karab\u012bne, kas lieliski noder pa&scaron;dro&scaron;in\u0101&scaron;anu&nbsp;cilpu galos, jo t\u0101 lieliski iegu\u013c rok\u0101&nbsp;un ir \u0113rti lietojama ar vienu roku. &nbsp; &nbsp; Specifik\u0101cija Materi\u0101ls:&nbsp;alum\u012bnijsSvars:&nbsp;54 gramiMuftas atv\u0113rums:&nbsp;18 mmIztur\u012bba pie aizv\u0113rtas muftas:&nbsp;24 kNIztur\u012bba pie atv\u0113rtas muftas:&nbsp;8 kNIztur\u012bba vertik\u0101l\u0101 ass:&nbsp;10 kNGarums:&nbsp;98,5mmPlatums:&nbsp;66mmKr\u0101sa:&nbsp;Pel\u0113kza\u013ca<\/p>\n","protected":false},"featured_media":0,"template":"","meta":[],"product_brand":[965],"product_cat":[4851,4859,4864],"product_tag":[],"class_list":{"0":"post-76750","1":"product","2":"type-product","3":"status-publish","5":"product_brand-dmm","6":"product_cat-mountaineering-equipment-recreation","7":"product_cat-for-rock-climbing-mountaineering-mountaineering-equipment-recreation","8":"product_cat-carabiners-for-rock-climbing-mountaineering-mountaineering-equipment-recreation","10":"first","11":"instock","12":"shipping-taxable","13":"purchasable","14":"product-type-simple"},"_links":{"self":[{"href":"https:\/\/sezona.lv\/en\/wp-json\/wp\/v2\/product\/76750","targetHints":{"allow":["GET"]}}],"collection":[{"href":"https:\/\/sezona.lv\/en\/wp-json\/wp\/v2\/product"}],"about":[{"href":"https:\/\/sezona.lv\/en\/wp-json\/wp\/v2\/types\/product"}],"wp:attachment":[{"href":"https:\/\/sezona.lv\/en\/wp-json\/wp\/v2\/media?parent=76750"}],"wp:term":[{"taxonomy":"product_brand","embeddable":true,"href":"https:\/\/sezona.lv\/en\/wp-json\/wp\/v2\/product_brand?post=76750"},{"taxonomy":"product_cat","embeddable":true,"href":"https:\/\/sezona.lv\/en\/wp-json\/wp\/v2\/product_cat?post=76750"},{"taxonomy":"product_tag","embeddable":true,"href":"https:\/\/sezona.lv\/en\/wp-json\/wp\/v2\/product_tag?post=76750"}],"curies":[{"name":"wp","href":"https:\/\/api.w.org\/{rel}","templated":true}]}}