{"id":76751,"date":"2025-07-14T14:56:02","date_gmt":"2025-07-14T11:56:02","guid":{"rendered":"https:\/\/demo8.ecube.lv\/sezona.lv\/products\/karabine-dmm-phantom-sg\/"},"modified":"2025-07-14T14:56:02","modified_gmt":"2025-07-14T11:56:02","slug":"karabine-dmm-phantom-sg","status":"publish","type":"product","link":"https:\/\/sezona.lv\/en\/products\/karabine-dmm-phantom-sg\/","title":{"rendered":"Karab\u012bne DMM Phantom SG"},"content":{"rendered":"<p align=\"justify\"><span style=\"font-size: x-small\">Viens no modern\u0101 alp\u012bnisma pamatnosac\u012bjumiem ir k\u0101pt ar vieglu ekip\u0113jumu. Ekip\u0113juma svaram tiek pie&scaron;\u0137irta liela noz\u012bme. &Scaron;\u012b DMM karab\u012bne ir viena no viegl\u0101kaj\u0101m sav\u0101 kategorij\u0101. T\u0101 ir ide\u0101li piem\u0113rota tradicion\u0101lajai klin&scaron;u k\u0101p&scaron;anai, k\u0101 ar\u012b alp\u012bnisma mar&scaron;rutiem. Lieliski piem\u0113rota staciju tais\u012b&scaron;anai vai ar\u012b k\u0101 pal\u012bgkarab\u012bne cit\u0101m darb\u012bb\u0101m. Neskatoties uz nelielo izm\u0113ra, ar to ir \u0113rti darboties pat ar cimdiem.<br \/><\/span><\/p>\n<p>&nbsp;<\/p>\n<table border=\"0\" cellspacing=\"1\" cellpadding=\"1\" width=\"570\">\n<tbody>\n<tr>\n<td align=\"left\" valign=\"top\">\n<p><span style=\"font-size: x-small\"><span style=\"color: #800000\"><span style=\"text-decoration: underline\"><strong>Specifik\u0101cija<\/p>\n<p><\/strong><\/span><\/span><\/span><\/p>\n<p><span style=\"font-size: x-small\"><strong>Materi\u0101ls:&nbsp;<\/strong>alum\u012bnijs<strong><br \/>Svars:&nbsp;<\/strong>41,5 grami<br \/><strong>Muftas atv\u0113rums:&nbsp;<\/strong>16 mm<br \/><\/span><span style=\"font-size: x-small\"><strong>Iztur\u012bba pie aizv\u0113rtas muftas:&nbsp;<\/strong>23 kN<strong><br \/>Iztur\u012bba pie atv\u0113rtas muftas:&nbsp;<\/strong>9 kN<br \/><strong>Iztur\u012bba vertik\u0101l\u0101 ass:<\/strong>&nbsp;9 kN<br \/><strong>Garums:&nbsp;<\/strong>mm<br \/><strong>Platums:&nbsp;<\/strong>mm<br \/><strong>Kr\u0101sa:<\/strong>&nbsp;Pel\u0113kza\u013ca<\/span><\/p>\n<\/td>\n<\/tr>\n<\/tbody>\n<\/table>\n","protected":false},"excerpt":{"rendered":"<p>Viens no modern\u0101 alp\u012bnisma pamatnosac\u012bjumiem ir k\u0101pt ar vieglu ekip\u0113jumu. Ekip\u0113juma svaram tiek pie&scaron;\u0137irta liela noz\u012bme. &Scaron;\u012b DMM karab\u012bne ir viena no viegl\u0101kaj\u0101m sav\u0101 kategorij\u0101. T\u0101 ir ide\u0101li piem\u0113rota tradicion\u0101lajai klin&scaron;u k\u0101p&scaron;anai, k\u0101 ar\u012b alp\u012bnisma mar&scaron;rutiem. Lieliski piem\u0113rota staciju tais\u012b&scaron;anai vai ar\u012b k\u0101 pal\u012bgkarab\u012bne cit\u0101m darb\u012bb\u0101m. Neskatoties uz nelielo izm\u0113ra, ar to ir \u0113rti darboties [&hellip;]<\/p>\n","protected":false},"featured_media":0,"template":"","meta":[],"product_brand":[965],"product_cat":[4851,4859,4864],"product_tag":[],"class_list":{"0":"post-76751","1":"product","2":"type-product","3":"status-publish","5":"product_brand-dmm","6":"product_cat-mountaineering-equipment-recreation","7":"product_cat-for-rock-climbing-mountaineering-mountaineering-equipment-recreation","8":"product_cat-carabiners-for-rock-climbing-mountaineering-mountaineering-equipment-recreation","10":"first","11":"instock","12":"shipping-taxable","13":"purchasable","14":"product-type-simple"},"_links":{"self":[{"href":"https:\/\/sezona.lv\/en\/wp-json\/wp\/v2\/product\/76751","targetHints":{"allow":["GET"]}}],"collection":[{"href":"https:\/\/sezona.lv\/en\/wp-json\/wp\/v2\/product"}],"about":[{"href":"https:\/\/sezona.lv\/en\/wp-json\/wp\/v2\/types\/product"}],"wp:attachment":[{"href":"https:\/\/sezona.lv\/en\/wp-json\/wp\/v2\/media?parent=76751"}],"wp:term":[{"taxonomy":"product_brand","embeddable":true,"href":"https:\/\/sezona.lv\/en\/wp-json\/wp\/v2\/product_brand?post=76751"},{"taxonomy":"product_cat","embeddable":true,"href":"https:\/\/sezona.lv\/en\/wp-json\/wp\/v2\/product_cat?post=76751"},{"taxonomy":"product_tag","embeddable":true,"href":"https:\/\/sezona.lv\/en\/wp-json\/wp\/v2\/product_tag?post=76751"}],"curies":[{"name":"wp","href":"https:\/\/api.w.org\/{rel}","templated":true}]}}