{"id":76752,"date":"2025-07-14T14:56:03","date_gmt":"2025-07-14T11:56:03","guid":{"rendered":"https:\/\/demo8.ecube.lv\/sezona.lv\/products\/karabine-dmm-ultra-d\/"},"modified":"2025-07-14T14:56:03","modified_gmt":"2025-07-14T11:56:03","slug":"karabine-dmm-ultra-d","status":"publish","type":"product","link":"https:\/\/sezona.lv\/en\/products\/karabine-dmm-ultra-d\/","title":{"rendered":"Karab\u012bne DMM Ultra D"},"content":{"rendered":"<p align=\"justify\"><span style=\"font-size: x-small\">D-veida, liela izm\u0113ra karab\u012bne ar aizskr\u016bv\u0113jamu muftu. Multifunkcion\u0101la karab\u012bne jebkuriem apst\u0101k\u013ciem. Lieliski piem\u0113rota ies\u0101c\u0113jiem.&nbsp;<\/span><\/p>\n<p>&nbsp;<\/p>\n<p>&nbsp;<\/p>\n<table border=\"0\" cellspacing=\"1\" cellpadding=\"1\" width=\"570\">\n<tbody>\n<tr>\n<td align=\"left\" valign=\"top\">\n<p><span style=\"font-size: x-small\"><span style=\"color: #800000\"><span style=\"text-decoration: underline\"><strong>Specifik\u0101cija<\/p>\n<p><\/strong><\/span><\/span><\/span><\/p>\n<p><span style=\"font-size: x-small\"><strong>Materi\u0101ls:&nbsp;<\/strong>alum\u012bnijs<strong><br \/>Svars:&nbsp;<\/strong>69 grami<br \/><strong>Muftas atv\u0113rums:&nbsp;<\/strong>&nbsp;mm<br \/><\/span><span style=\"font-size: x-small\"><strong>Iztur\u012bba pie aizv\u0113rtas muftas:&nbsp;<\/strong>28 kN<strong><br \/>Iztur\u012bba pie atv\u0113rtas muftas:&nbsp;<\/strong>8 kN<br \/><strong>Iztur\u012bba vertik\u0101l\u0101 ass:<\/strong>&nbsp;8 kN<br \/><strong>Garums:&nbsp;<\/strong>mm<br \/><strong>Platums:&nbsp;<\/strong>mm<br \/><strong>Kr\u0101sa:<\/strong>&nbsp;Pel\u0113kza\u013ca<\/span><\/p>\n<\/td>\n<\/tr>\n<\/tbody>\n<\/table>\n","protected":false},"excerpt":{"rendered":"<p>D-veida, liela izm\u0113ra karab\u012bne ar aizskr\u016bv\u0113jamu muftu. Multifunkcion\u0101la karab\u012bne jebkuriem apst\u0101k\u013ciem. Lieliski piem\u0113rota ies\u0101c\u0113jiem.&nbsp; &nbsp; &nbsp; Specifik\u0101cija Materi\u0101ls:&nbsp;alum\u012bnijsSvars:&nbsp;69 gramiMuftas atv\u0113rums:&nbsp;&nbsp;mmIztur\u012bba pie aizv\u0113rtas muftas:&nbsp;28 kNIztur\u012bba pie atv\u0113rtas muftas:&nbsp;8 kNIztur\u012bba vertik\u0101l\u0101 ass:&nbsp;8 kNGarums:&nbsp;mmPlatums:&nbsp;mmKr\u0101sa:&nbsp;Pel\u0113kza\u013ca<\/p>\n","protected":false},"featured_media":0,"template":"","meta":[],"product_brand":[965],"product_cat":[4851,4859,4864],"product_tag":[],"class_list":{"0":"post-76752","1":"product","2":"type-product","3":"status-publish","5":"product_brand-dmm","6":"product_cat-mountaineering-equipment-recreation","7":"product_cat-for-rock-climbing-mountaineering-mountaineering-equipment-recreation","8":"product_cat-carabiners-for-rock-climbing-mountaineering-mountaineering-equipment-recreation","10":"first","11":"instock","12":"shipping-taxable","13":"purchasable","14":"product-type-simple"},"_links":{"self":[{"href":"https:\/\/sezona.lv\/en\/wp-json\/wp\/v2\/product\/76752","targetHints":{"allow":["GET"]}}],"collection":[{"href":"https:\/\/sezona.lv\/en\/wp-json\/wp\/v2\/product"}],"about":[{"href":"https:\/\/sezona.lv\/en\/wp-json\/wp\/v2\/types\/product"}],"wp:attachment":[{"href":"https:\/\/sezona.lv\/en\/wp-json\/wp\/v2\/media?parent=76752"}],"wp:term":[{"taxonomy":"product_brand","embeddable":true,"href":"https:\/\/sezona.lv\/en\/wp-json\/wp\/v2\/product_brand?post=76752"},{"taxonomy":"product_cat","embeddable":true,"href":"https:\/\/sezona.lv\/en\/wp-json\/wp\/v2\/product_cat?post=76752"},{"taxonomy":"product_tag","embeddable":true,"href":"https:\/\/sezona.lv\/en\/wp-json\/wp\/v2\/product_tag?post=76752"}],"curies":[{"name":"wp","href":"https:\/\/api.w.org\/{rel}","templated":true}]}}